{"id":1435,"date":"2020-04-27T22:13:34","date_gmt":"2020-04-27T20:13:34","guid":{"rendered":"http:\/\/newton-vaureal.com\/?page_id=1435"},"modified":"2025-04-25T16:52:22","modified_gmt":"2025-04-25T14:52:22","slug":"supply-chain-sop-schema-directeur","status":"publish","type":"page","link":"https:\/\/www.newtonvaureal.com\/fr\/notre-expertise\/supply-chain-sop-schema-directeur\/","title":{"rendered":"Supply Chain, S&#038;OP, Sch\u00e9ma directeur"},"content":{"rendered":"\t\t<div data-elementor-type=\"wp-page\" data-elementor-id=\"1435\" class=\"elementor elementor-1435\" data-elementor-post-type=\"page\">\n\t\t\t\t\t\t<section class=\"elementor-section elementor-top-section elementor-element elementor-element-333a95d5 elementor-section-full_width elementor-section-height-min-height elementor-section-content-middle elementor-section-stretched elementor-section-height-default elementor-section-items-middle\" data-id=\"333a95d5\" data-element_type=\"section\" data-e-type=\"section\" data-settings=\"{&quot;stretch_section&quot;:&quot;section-stretched&quot;,&quot;background_background&quot;:&quot;classic&quot;}\">\n\t\t\t\t\t\t<div class=\"elementor-container elementor-column-gap-default\">\n\t\t\t\t\t<div class=\"elementor-column elementor-col-100 elementor-top-column elementor-element elementor-element-7367a525\" data-id=\"7367a525\" data-element_type=\"column\" data-e-type=\"column\">\n\t\t\t<div class=\"elementor-widget-wrap elementor-element-populated\">\n\t\t\t\t\t\t\t<\/div>\n\t\t<\/div>\n\t\t\t\t\t<\/div>\n\t\t<\/section>\n\t\t\t\t<section class=\"elementor-section elementor-top-section elementor-element elementor-element-6205e93b elementor-section-boxed elementor-section-height-default elementor-section-height-default\" data-id=\"6205e93b\" data-element_type=\"section\" data-e-type=\"section\">\n\t\t\t\t\t\t<div class=\"elementor-container elementor-column-gap-default\">\n\t\t\t\t\t<div class=\"elementor-column elementor-col-100 elementor-top-column elementor-element elementor-element-15c4800\" data-id=\"15c4800\" data-element_type=\"column\" data-e-type=\"column\">\n\t\t\t<div class=\"elementor-widget-wrap elementor-element-populated\">\n\t\t\t\t\t\t<div class=\"elementor-element elementor-element-34d9f566 elementor-widget elementor-widget-text-editor\" data-id=\"34d9f566\" data-element_type=\"widget\" data-e-type=\"widget\" data-widget_type=\"text-editor.default\">\n\t\t\t\t<div class=\"elementor-widget-container\">\n\t\t\t\t\t\t\t\t\t<p><span style=\"font-weight: 400;\">Nous abordons la supply chain comme un producteur de services\u00a0: disponibilit\u00e9, d\u00e9lai, fiabilit\u00e9 du d\u00e9lai, qualit\u00e9 logistique, visibilit\u00e9 \u2026 <\/span><span style=\"font-weight: 400;\">La supply chain<\/span><span style=\"font-weight: 400;\"> contribue \u00e0 l\u2019enrichissement de l\u2019offre en cr\u00e9ant de la valeur pour le client. La qualit\u00e9 de service est un avantage concurrentiel important pour lui. Notre point de d\u00e9part de toute d\u00e9marche Supply Chain est marketing : la qualit\u00e9 de service. Elle met en \u0153uvre des solutions contribuant \u00e0 la responsabilit\u00e9 soci\u00e9tale de l\u2019entreprise (RSE, green logistique, reverse logistique, &#8230;). Elle am\u00e9liore les profits en visant la r\u00e9duction des co\u00fbts.\u00a0<\/span><\/p><p><span style=\"font-weight: 400;\">Adapter sa r\u00e9ponse en continue pour supporter au mieux les \u00e9volutions strat\u00e9giques des achats, de la logistique, de la gestion des op\u00e9rations, du marketing, du commerce, du soutien produit en r\u00e9glant ses objectifs et les moyens \u00e0 mobiliser pour y parvenir\u00a0: c\u2019est sa dimension strat\u00e9gique.\u00a0<\/span><\/p><p><span style=\"font-weight: 400;\">Piloter les activit\u00e9s dans le temps (approvisionnement, production, pr\u00e9paration de commande, entreposage, transports, maintien en condition op\u00e9rationnelle, retours,&#8230;)\u00a0: c\u2019est sa composante planification, pilot\u00e9e par le processus S&amp;OP.<\/span><span style=\"font-weight: 400;\"><br \/><\/span><span style=\"font-weight: 400;\">R\u00e9aliser concr\u00e8tement les op\u00e9rations sur le terrain\u00a0: c\u2019est sa dimension ex\u00e9cution.<\/span><\/p><p><span style=\"font-weight: 400;\">les \u00e9quipes de Newton Vaureal Consulting compos\u00e9es d&rsquo;experts supply chain traitent l\u2019ensemble des composantes de la supply chain avec la capacit\u00e9 de l\u2019aborder de mani\u00e8re transverse (en associant toutes les fonctions n\u00e9cessaires au sein de l\u2019entreprise) et coop\u00e9rative (en associant tous les acteurs n\u00e9cessaires de la cha\u00eene de valeur, fournisseurs, clients, prestataires,&#8230;).<\/span><\/p><p><span style=\"font-weight: 400;\">Ceci se fait par l\u2019alliance des comp\u00e9tences d\u2019\u00e9laboration de visions, de design d\u2019organisation, de choix et de d\u00e9ploiement de syst\u00e8me d\u2019information et de mise en \u0153uvre dans les principes de l\u2019excellence op\u00e9rationnelle.<\/span><\/p>\t\t\t\t\t\t\t\t<\/div>\n\t\t\t\t<\/div>\n\t\t\t\t<div class=\"elementor-element elementor-element-a0be49a elementor-widget elementor-widget-read-more\" data-id=\"a0be49a\" data-element_type=\"widget\" data-e-type=\"widget\" data-widget_type=\"read-more.default\">\n\t\t\t\t<div class=\"elementor-widget-container\">\n\t\t\t\t\t<\/div><\/div><\/div><\/div><\/div><\/section><\/div> <a href=\"https:\/\/www.newtonvaureal.com\/fr\/notre-expertise\/supply-chain-sop-schema-directeur\/#more-1435\" class=\"more-link elementor-more-link\"><span aria-label=\"Poursuivre la lecture Supply Chain, S&#038;OP, Sch\u00e9ma directeur\">Poursuivre la lecture<\/span><\/a>","protected":false},"excerpt":{"rendered":"<p>Nous abordons la supply chain comme un producteur de services\u00a0: disponibilit\u00e9, d\u00e9lai, fiabilit\u00e9 du d\u00e9lai, qualit\u00e9 logistique, visibilit\u00e9 \u2026 La supply chain contribue \u00e0 l\u2019enrichissement de l\u2019offre en cr\u00e9ant de &#8230;<\/p>\n","protected":false},"author":1,"featured_media":0,"parent":1627,"menu_order":0,"comment_status":"closed","ping_status":"closed","template":"","meta":{"_acf_changed":false,"footnotes":""},"class_list":["post-1435","page","type-page","status-publish","hentry"],"acf":[],"yoast_head":"<!-- This site is optimized with the Yoast SEO plugin v27.0 - https:\/\/yoast.com\/product\/yoast-seo-wordpress\/ -->\n<title>Supply Chain, S&amp;OP, Sch\u00e9ma directeur - Newton.Vaureal Consulting<\/title>\n<meta name=\"description\" content=\"Nous mettons notre expertise supply chain et data au service de votre strat\u00e9gie, pour assurer la r\u00e9ussite de vos d\u00e9marches de sch\u00e9ma directeur et S&amp;OP\" \/>\n<meta name=\"robots\" content=\"index, follow, max-snippet:-1, max-image-preview:large, max-video-preview:-1\" \/>\n<link rel=\"canonical\" href=\"https:\/\/www.newtonvaureal.com\/fr\/notre-expertise\/supply-chain-sop-schema-directeur\/\" \/>\n<meta property=\"og:locale\" content=\"fr_FR\" \/>\n<meta property=\"og:type\" content=\"article\" \/>\n<meta property=\"og:title\" content=\"Supply Chain, S&amp;OP, Sch\u00e9ma directeur - Newton.Vaureal Consulting\" \/>\n<meta property=\"og:description\" content=\"Nous mettons notre expertise supply chain et data au service de votre strat\u00e9gie, pour assurer la r\u00e9ussite de vos d\u00e9marches de sch\u00e9ma directeur et S&amp;OP\" \/>\n<meta property=\"og:url\" content=\"https:\/\/www.newtonvaureal.com\/fr\/notre-expertise\/supply-chain-sop-schema-directeur\/\" \/>\n<meta property=\"og:site_name\" content=\"Newton.Vaureal Consulting\" \/>\n<meta property=\"article:modified_time\" content=\"2025-04-25T14:52:22+00:00\" \/>\n<meta property=\"og:image\" content=\"https:\/\/www.newtonvaureal.com\/wp-content\/uploads\/chess-5516446_1280-480x300.jpg\" \/>\n<meta name=\"twitter:card\" content=\"summary_large_image\" \/>\n<script type=\"application\/ld+json\" class=\"yoast-schema-graph\">{\"@context\":\"https:\/\/schema.org\",\"@graph\":[{\"@type\":\"WebPage\",\"@id\":\"https:\/\/www.newtonvaureal.com\/fr\/notre-expertise\/supply-chain-sop-schema-directeur\/\",\"url\":\"https:\/\/www.newtonvaureal.com\/fr\/notre-expertise\/supply-chain-sop-schema-directeur\/\",\"name\":\"Supply Chain, S&OP, Sch\u00e9ma directeur - Newton.Vaureal Consulting\",\"isPartOf\":{\"@id\":\"https:\/\/www.newtonvaureal.com\/fr\/#website\"},\"primaryImageOfPage\":{\"@id\":\"https:\/\/www.newtonvaureal.com\/fr\/notre-expertise\/supply-chain-sop-schema-directeur\/#primaryimage\"},\"image\":{\"@id\":\"https:\/\/www.newtonvaureal.com\/fr\/notre-expertise\/supply-chain-sop-schema-directeur\/#primaryimage\"},\"thumbnailUrl\":\"https:\/\/www.newtonvaureal.com\/wp-content\/uploads\/chess-5516446_1280-480x300.jpg\",\"datePublished\":\"2020-04-27T20:13:34+00:00\",\"dateModified\":\"2025-04-25T14:52:22+00:00\",\"description\":\"Nous mettons notre expertise supply chain et data au service de votre strat\u00e9gie, pour assurer la r\u00e9ussite de vos d\u00e9marches de sch\u00e9ma directeur et S&OP\",\"breadcrumb\":{\"@id\":\"https:\/\/www.newtonvaureal.com\/fr\/notre-expertise\/supply-chain-sop-schema-directeur\/#breadcrumb\"},\"inLanguage\":\"fr-FR\",\"potentialAction\":[{\"@type\":\"ReadAction\",\"target\":[\"https:\/\/www.newtonvaureal.com\/fr\/notre-expertise\/supply-chain-sop-schema-directeur\/\"]}]},{\"@type\":\"ImageObject\",\"inLanguage\":\"fr-FR\",\"@id\":\"https:\/\/www.newtonvaureal.com\/fr\/notre-expertise\/supply-chain-sop-schema-directeur\/#primaryimage\",\"url\":\"https:\/\/www.newtonvaureal.com\/wp-content\/uploads\/chess-5516446_1280-480x300.jpg\",\"contentUrl\":\"https:\/\/www.newtonvaureal.com\/wp-content\/uploads\/chess-5516446_1280-480x300.jpg\"},{\"@type\":\"BreadcrumbList\",\"@id\":\"https:\/\/www.newtonvaureal.com\/fr\/notre-expertise\/supply-chain-sop-schema-directeur\/#breadcrumb\",\"itemListElement\":[{\"@type\":\"ListItem\",\"position\":1,\"name\":\"Accueil\",\"item\":\"https:\/\/www.newtonvaureal.com\/fr\/\"},{\"@type\":\"ListItem\",\"position\":2,\"name\":\"Notre expertise\",\"item\":\"https:\/\/www.newtonvaureal.com\/fr\/notre-expertise\/\"},{\"@type\":\"ListItem\",\"position\":3,\"name\":\"Supply Chain, S&#038;OP, Sch\u00e9ma directeur\"}]},{\"@type\":\"WebSite\",\"@id\":\"https:\/\/www.newtonvaureal.com\/fr\/#website\",\"url\":\"https:\/\/www.newtonvaureal.com\/fr\/\",\"name\":\"Newton.Vaureal Consulting\",\"description\":\"\",\"publisher\":{\"@id\":\"https:\/\/www.newtonvaureal.com\/fr\/#organization\"},\"potentialAction\":[{\"@type\":\"SearchAction\",\"target\":{\"@type\":\"EntryPoint\",\"urlTemplate\":\"https:\/\/www.newtonvaureal.com\/fr\/?s={search_term_string}\"},\"query-input\":{\"@type\":\"PropertyValueSpecification\",\"valueRequired\":true,\"valueName\":\"search_term_string\"}}],\"inLanguage\":\"fr-FR\"},{\"@type\":\"Organization\",\"@id\":\"https:\/\/www.newtonvaureal.com\/fr\/#organization\",\"name\":\"Newton.Vaureal consulting\",\"url\":\"https:\/\/www.newtonvaureal.com\/fr\/\",\"logo\":{\"@type\":\"ImageObject\",\"inLanguage\":\"fr-FR\",\"@id\":\"https:\/\/www.newtonvaureal.com\/fr\/#\/schema\/logo\/image\/\",\"url\":\"https:\/\/www.newtonvaureal.com\/wp-content\/uploads\/2021\/07\/logo_newton-eurogroup-blanc-21.png\",\"contentUrl\":\"https:\/\/www.newtonvaureal.com\/wp-content\/uploads\/2021\/07\/logo_newton-eurogroup-blanc-21.png\",\"width\":200,\"height\":79,\"caption\":\"Newton.Vaureal consulting\"},\"image\":{\"@id\":\"https:\/\/www.newtonvaureal.com\/fr\/#\/schema\/logo\/image\/\"}}]}<\/script>\n<!-- \/ Yoast SEO plugin. -->","yoast_head_json":{"title":"Supply Chain, S&OP, Sch\u00e9ma directeur - Newton.Vaureal Consulting","description":"Nous mettons notre expertise supply chain et data au service de votre strat\u00e9gie, pour assurer la r\u00e9ussite de vos d\u00e9marches de sch\u00e9ma directeur et S&OP","robots":{"index":"index","follow":"follow","max-snippet":"max-snippet:-1","max-image-preview":"max-image-preview:large","max-video-preview":"max-video-preview:-1"},"canonical":"https:\/\/www.newtonvaureal.com\/fr\/notre-expertise\/supply-chain-sop-schema-directeur\/","og_locale":"fr_FR","og_type":"article","og_title":"Supply Chain, S&OP, Sch\u00e9ma directeur - Newton.Vaureal Consulting","og_description":"Nous mettons notre expertise supply chain et data au service de votre strat\u00e9gie, pour assurer la r\u00e9ussite de vos d\u00e9marches de sch\u00e9ma directeur et S&OP","og_url":"https:\/\/www.newtonvaureal.com\/fr\/notre-expertise\/supply-chain-sop-schema-directeur\/","og_site_name":"Newton.Vaureal Consulting","article_modified_time":"2025-04-25T14:52:22+00:00","og_image":[{"url":"https:\/\/www.newtonvaureal.com\/wp-content\/uploads\/chess-5516446_1280-480x300.jpg","type":"","width":"","height":""}],"twitter_card":"summary_large_image","schema":{"@context":"https:\/\/schema.org","@graph":[{"@type":"WebPage","@id":"https:\/\/www.newtonvaureal.com\/fr\/notre-expertise\/supply-chain-sop-schema-directeur\/","url":"https:\/\/www.newtonvaureal.com\/fr\/notre-expertise\/supply-chain-sop-schema-directeur\/","name":"Supply Chain, S&OP, Sch\u00e9ma directeur - Newton.Vaureal Consulting","isPartOf":{"@id":"https:\/\/www.newtonvaureal.com\/fr\/#website"},"primaryImageOfPage":{"@id":"https:\/\/www.newtonvaureal.com\/fr\/notre-expertise\/supply-chain-sop-schema-directeur\/#primaryimage"},"image":{"@id":"https:\/\/www.newtonvaureal.com\/fr\/notre-expertise\/supply-chain-sop-schema-directeur\/#primaryimage"},"thumbnailUrl":"https:\/\/www.newtonvaureal.com\/wp-content\/uploads\/chess-5516446_1280-480x300.jpg","datePublished":"2020-04-27T20:13:34+00:00","dateModified":"2025-04-25T14:52:22+00:00","description":"Nous mettons notre expertise supply chain et data au service de votre strat\u00e9gie, pour assurer la r\u00e9ussite de vos d\u00e9marches de sch\u00e9ma directeur et S&OP","breadcrumb":{"@id":"https:\/\/www.newtonvaureal.com\/fr\/notre-expertise\/supply-chain-sop-schema-directeur\/#breadcrumb"},"inLanguage":"fr-FR","potentialAction":[{"@type":"ReadAction","target":["https:\/\/www.newtonvaureal.com\/fr\/notre-expertise\/supply-chain-sop-schema-directeur\/"]}]},{"@type":"ImageObject","inLanguage":"fr-FR","@id":"https:\/\/www.newtonvaureal.com\/fr\/notre-expertise\/supply-chain-sop-schema-directeur\/#primaryimage","url":"https:\/\/www.newtonvaureal.com\/wp-content\/uploads\/chess-5516446_1280-480x300.jpg","contentUrl":"https:\/\/www.newtonvaureal.com\/wp-content\/uploads\/chess-5516446_1280-480x300.jpg"},{"@type":"BreadcrumbList","@id":"https:\/\/www.newtonvaureal.com\/fr\/notre-expertise\/supply-chain-sop-schema-directeur\/#breadcrumb","itemListElement":[{"@type":"ListItem","position":1,"name":"Accueil","item":"https:\/\/www.newtonvaureal.com\/fr\/"},{"@type":"ListItem","position":2,"name":"Notre expertise","item":"https:\/\/www.newtonvaureal.com\/fr\/notre-expertise\/"},{"@type":"ListItem","position":3,"name":"Supply Chain, S&#038;OP, Sch\u00e9ma directeur"}]},{"@type":"WebSite","@id":"https:\/\/www.newtonvaureal.com\/fr\/#website","url":"https:\/\/www.newtonvaureal.com\/fr\/","name":"Newton.Vaureal Consulting","description":"","publisher":{"@id":"https:\/\/www.newtonvaureal.com\/fr\/#organization"},"potentialAction":[{"@type":"SearchAction","target":{"@type":"EntryPoint","urlTemplate":"https:\/\/www.newtonvaureal.com\/fr\/?s={search_term_string}"},"query-input":{"@type":"PropertyValueSpecification","valueRequired":true,"valueName":"search_term_string"}}],"inLanguage":"fr-FR"},{"@type":"Organization","@id":"https:\/\/www.newtonvaureal.com\/fr\/#organization","name":"Newton.Vaureal consulting","url":"https:\/\/www.newtonvaureal.com\/fr\/","logo":{"@type":"ImageObject","inLanguage":"fr-FR","@id":"https:\/\/www.newtonvaureal.com\/fr\/#\/schema\/logo\/image\/","url":"https:\/\/www.newtonvaureal.com\/wp-content\/uploads\/2021\/07\/logo_newton-eurogroup-blanc-21.png","contentUrl":"https:\/\/www.newtonvaureal.com\/wp-content\/uploads\/2021\/07\/logo_newton-eurogroup-blanc-21.png","width":200,"height":79,"caption":"Newton.Vaureal consulting"},"image":{"@id":"https:\/\/www.newtonvaureal.com\/fr\/#\/schema\/logo\/image\/"}}]}},"_links":{"self":[{"href":"https:\/\/www.newtonvaureal.com\/fr\/wp-json\/wp\/v2\/pages\/1435","targetHints":{"allow":["GET"]}}],"collection":[{"href":"https:\/\/www.newtonvaureal.com\/fr\/wp-json\/wp\/v2\/pages"}],"about":[{"href":"https:\/\/www.newtonvaureal.com\/fr\/wp-json\/wp\/v2\/types\/page"}],"author":[{"embeddable":true,"href":"https:\/\/www.newtonvaureal.com\/fr\/wp-json\/wp\/v2\/users\/1"}],"replies":[{"embeddable":true,"href":"https:\/\/www.newtonvaureal.com\/fr\/wp-json\/wp\/v2\/comments?post=1435"}],"version-history":[{"count":112,"href":"https:\/\/www.newtonvaureal.com\/fr\/wp-json\/wp\/v2\/pages\/1435\/revisions"}],"predecessor-version":[{"id":27092,"href":"https:\/\/www.newtonvaureal.com\/fr\/wp-json\/wp\/v2\/pages\/1435\/revisions\/27092"}],"up":[{"embeddable":true,"href":"https:\/\/www.newtonvaureal.com\/fr\/wp-json\/wp\/v2\/pages\/1627"}],"wp:attachment":[{"href":"https:\/\/www.newtonvaureal.com\/fr\/wp-json\/wp\/v2\/media?parent=1435"}],"curies":[{"name":"wp","href":"https:\/\/api.w.org\/{rel}","templated":true}]}}