{"id":18903,"date":"2024-05-28T14:14:38","date_gmt":"2024-05-28T12:14:38","guid":{"rendered":"https:\/\/www.newtonvaureal.com\/?page_id=18903"},"modified":"2024-05-28T14:20:23","modified_gmt":"2024-05-28T12:20:23","slug":"accomapgnement-digitalisation","status":"publish","type":"page","link":"https:\/\/www.newtonvaureal.com\/fr\/notre-expertise\/digital-supply-chain\/accomapgnement-digitalisation\/","title":{"rendered":"Choix des Meilleurs Leviers de Digitalisation"},"content":{"rendered":"\t\t<div data-elementor-type=\"wp-page\" data-elementor-id=\"18903\" class=\"elementor elementor-18903\" data-elementor-post-type=\"page\">\n\t\t\t\t\t\t<section class=\"elementor-section elementor-top-section elementor-element elementor-element-4fb0fb16 elementor-section-full_width elementor-section-height-min-height elementor-section-content-middle elementor-section-stretched elementor-section-height-default elementor-section-items-middle\" data-id=\"4fb0fb16\" data-element_type=\"section\" data-e-type=\"section\" data-settings=\"{&quot;stretch_section&quot;:&quot;section-stretched&quot;,&quot;background_background&quot;:&quot;classic&quot;}\">\n\t\t\t\t\t\t<div class=\"elementor-container elementor-column-gap-default\">\n\t\t\t\t\t<div class=\"elementor-column elementor-col-100 elementor-top-column elementor-element elementor-element-48eeadcc\" data-id=\"48eeadcc\" data-element_type=\"column\" data-e-type=\"column\">\n\t\t\t<div class=\"elementor-widget-wrap elementor-element-populated\">\n\t\t\t\t\t\t\t<\/div>\n\t\t<\/div>\n\t\t\t\t\t<\/div>\n\t\t<\/section>\n\t\t\t\t<section class=\"elementor-section elementor-top-section elementor-element elementor-element-1a58ffdf elementor-section-boxed elementor-section-height-default elementor-section-height-default\" data-id=\"1a58ffdf\" data-element_type=\"section\" data-e-type=\"section\">\n\t\t\t\t\t\t<div class=\"elementor-container elementor-column-gap-default\">\n\t\t\t\t\t<div class=\"elementor-column elementor-col-100 elementor-top-column elementor-element elementor-element-4561f886\" data-id=\"4561f886\" data-element_type=\"column\" data-e-type=\"column\">\n\t\t\t<div class=\"elementor-widget-wrap elementor-element-populated\">\n\t\t\t\t\t\t<div class=\"elementor-element elementor-element-b1f3c1f elementor-widget elementor-widget-text-editor\" data-id=\"b1f3c1f\" data-element_type=\"widget\" data-e-type=\"widget\" data-widget_type=\"text-editor.default\">\n\t\t\t\t<div class=\"elementor-widget-container\">\n\t\t\t\t\t\t\t\t\t<ol><li><strong>Cadrage du Besoin et Aide au Choix d\u2019Outils :<\/strong><\/li><\/ol><p>Nous vous assistons dans le cadrage pr\u00e9cis de vos besoins en mati\u00e8re d&rsquo;outils de gestion de la supply chain (tels que TMS, WMS, APS, OMS, control tower etc.) . Nous vous aidons \u00e0 s\u00e9lectionner les solutions les plus adapt\u00e9es \u00e0 vos exigences op\u00e9rationnelles.<\/p><ol start=\"2\"><li><strong>Gouvernance de la Data :<\/strong><\/li><\/ol><p>Nous mettons en place une gouvernance efficace de vos donn\u00e9es. En assurant la qualit\u00e9 et la gestion optimale des donn\u00e9es, et en positionnant les master data au bon niveau, nous garantissons que vos d\u00e9cisions op\u00e9rationnelles soient bas\u00e9es sur des informations fiables et pertinentes.<\/p><ol start=\"3\"><li><strong>\u00c9laboration de KPI :<\/strong><\/li><\/ol><p>Nous \u00e9laborons des indicateurs de performance cl\u00e9s (KPI) adapt\u00e9s \u00e0 vos objectifs strat\u00e9giques. Ces KPI vous permettront de mesurer l\u2019efficacit\u00e9 de vos processus et d\u2019identifier rapidement les axes d\u2019am\u00e9lioration.<\/p>\t\t\t\t\t\t\t\t<\/div>\n\t\t\t\t<\/div>\n\t\t\t\t\t<\/div>\n\t\t<\/div>\n\t\t\t\t\t<\/div>\n\t\t<\/section>\n\t\t\t\t<section class=\"elementor-section elementor-top-section elementor-element elementor-element-14981646 elementor-section-boxed elementor-section-height-default elementor-section-height-default\" data-id=\"14981646\" data-element_type=\"section\" data-e-type=\"section\">\n\t\t\t\t\t\t<div class=\"elementor-container elementor-column-gap-default\">\n\t\t\t\t\t<div class=\"elementor-column elementor-col-100 elementor-top-column elementor-element elementor-element-1fcd6349\" data-id=\"1fcd6349\" data-element_type=\"column\" data-e-type=\"column\">\n\t\t\t<div class=\"elementor-widget-wrap elementor-element-populated\">\n\t\t\t\t\t\t<div class=\"elementor-element elementor-element-3a51fd7d elementor-widget elementor-widget-heading\" data-id=\"3a51fd7d\" data-element_type=\"widget\" data-e-type=\"widget\" data-widget_type=\"heading.default\">\n\t\t\t\t<div class=\"elementor-widget-container\">\n\t\t\t\t\t<h2 class=\"elementor-heading-title elementor-size-default\">Notre cabinet de conseil intervient dans diff\u00e9rents secteurs<\/h2>\t\t\t\t<\/div>\n\t\t\t\t<\/div>\n\t\t\t\t\t<\/div>\n\t\t<\/div>\n\t\t\t\t\t<\/div>\n\t\t<\/section>\n\t\t\t\t<section class=\"elementor-section elementor-top-section elementor-element elementor-element-14714375 elementor-section-boxed elementor-section-height-default elementor-section-height-default\" data-id=\"14714375\" data-element_type=\"section\" data-e-type=\"section\">\n\t\t\t\t\t\t<div class=\"elementor-container elementor-column-gap-default\">\n\t\t\t\t\t<div class=\"elementor-column elementor-col-33 elementor-top-column elementor-element elementor-element-53a635d2\" data-id=\"53a635d2\" data-element_type=\"column\" data-e-type=\"column\">\n\t\t\t<div class=\"elementor-widget-wrap elementor-element-populated\">\n\t\t\t\t\t\t<div class=\"elementor-element elementor-element-6fac71fc elementor-widget elementor-widget-heading\" data-id=\"6fac71fc\" data-element_type=\"widget\" data-e-type=\"widget\" data-widget_type=\"heading.default\">\n\t\t\t\t<div class=\"elementor-widget-container\">\n\t\t\t\t\t<h3 class=\"elementor-heading-title elementor-size-default\"><a href=\"https:\/\/www.newtonvaureal.com\/\/secteurs\/distribution\/\">Distribution<\/a><\/h3>\t\t\t\t<\/div>\n\t\t\t\t<\/div>\n\t\t\t\t<div class=\"elementor-element elementor-element-4f4c8269 elementor-widget elementor-widget-image\" data-id=\"4f4c8269\" data-element_type=\"widget\" data-e-type=\"widget\" data-widget_type=\"image.default\">\n\t\t\t\t<div class=\"elementor-widget-container\">\n\t\t\t\t\t\t\t\t\t\t\t\t\t\t\t\t<a href=\"https:\/\/www.newtonvaureal.com\/\/secteurs\/distribution\/\">\n\t\t\t\t\t\t\t<img fetchpriority=\"high\" decoding=\"async\" width=\"640\" height=\"400\" src=\"https:\/\/www.newtonvaureal.com\/wp-content\/uploads\/2021\/07\/distribution-640x400.jpg\" class=\"attachment-onepress-medium size-onepress-medium wp-image-6156\" alt=\"\" srcset=\"https:\/\/www.newtonvaureal.com\/wp-content\/uploads\/2021\/07\/distribution-640x400.jpg 640w, https:\/\/www.newtonvaureal.com\/wp-content\/uploads\/2021\/07\/distribution-480x300.jpg 480w\" sizes=\"(max-width: 640px) 100vw, 640px\" \/>\t\t\t\t\t\t\t\t<\/a>\n\t\t\t\t\t\t\t\t\t\t\t\t\t\t\t<\/div>\n\t\t\t\t<\/div>\n\t\t\t\t<div class=\"elementor-element elementor-element-4e68a0f elementor-widget elementor-widget-text-editor\" data-id=\"4e68a0f\" data-element_type=\"widget\" data-e-type=\"widget\" data-widget_type=\"text-editor.default\">\n\t\t\t\t<div class=\"elementor-widget-container\">\n\t\t\t\t\t\t\t\t\t<p>Grands groupes, Institutions, PME, nous disposons des ressources pouvant accompagner des entreprises de toute taille et en toute circonstance (de la vision long terme \u00e0 l\u2019accompagnement en situation de crise)<\/p>\t\t\t\t\t\t\t\t<\/div>\n\t\t\t\t<\/div>\n\t\t\t\t\t<\/div>\n\t\t<\/div>\n\t\t\t\t<div class=\"elementor-column elementor-col-33 elementor-top-column elementor-element elementor-element-7bd2e30c\" data-id=\"7bd2e30c\" data-element_type=\"column\" data-e-type=\"column\">\n\t\t\t<div class=\"elementor-widget-wrap elementor-element-populated\">\n\t\t\t\t\t\t<div class=\"elementor-element elementor-element-7f546d6e elementor-widget elementor-widget-heading\" data-id=\"7f546d6e\" data-element_type=\"widget\" data-e-type=\"widget\" data-widget_type=\"heading.default\">\n\t\t\t\t<div class=\"elementor-widget-container\">\n\t\t\t\t\t<h3 class=\"elementor-heading-title elementor-size-default\"><a href=\"https:\/\/www.newtonvaureal.com\/\/secteurs\/industrie\/\">Industrie<\/a><\/h3>\t\t\t\t<\/div>\n\t\t\t\t<\/div>\n\t\t\t\t<div class=\"elementor-element elementor-element-1cf454c6 elementor-widget elementor-widget-image\" data-id=\"1cf454c6\" data-element_type=\"widget\" data-e-type=\"widget\" data-widget_type=\"image.default\">\n\t\t\t\t<div class=\"elementor-widget-container\">\n\t\t\t\t\t\t\t\t\t\t\t\t\t\t\t\t<a href=\"https:\/\/www.newtonvaureal.com\/\/secteurs\/industrie\/\">\n\t\t\t\t\t\t\t<img decoding=\"async\" width=\"640\" height=\"400\" data-src=\"https:\/\/www.newtonvaureal.com\/wp-content\/uploads\/2021\/07\/Industries-5-640x400-1-640x400.jpg\" class=\"attachment-onepress-medium size-onepress-medium wp-image-6406 lazyload\" alt=\"\" data-srcset=\"https:\/\/www.newtonvaureal.com\/wp-content\/uploads\/2021\/07\/Industries-5-640x400-1.jpg 640w, https:\/\/www.newtonvaureal.com\/wp-content\/uploads\/2021\/07\/Industries-5-640x400-1-300x188.jpg 300w, https:\/\/www.newtonvaureal.com\/wp-content\/uploads\/2021\/07\/Industries-5-640x400-1-480x300.jpg 480w\" data-sizes=\"(max-width: 640px) 100vw, 640px\" src=\"data:image\/svg+xml;base64,PHN2ZyB3aWR0aD0iMSIgaGVpZ2h0PSIxIiB4bWxucz0iaHR0cDovL3d3dy53My5vcmcvMjAwMC9zdmciPjwvc3ZnPg==\" style=\"--smush-placeholder-width: 640px; --smush-placeholder-aspect-ratio: 640\/400;\" \/>\t\t\t\t\t\t\t\t<\/a>\n\t\t\t\t\t\t\t\t\t\t\t\t\t\t\t<\/div>\n\t\t\t\t<\/div>\n\t\t\t\t<div class=\"elementor-element elementor-element-3b1ab060 elementor-widget elementor-widget-text-editor\" data-id=\"3b1ab060\" data-element_type=\"widget\" data-e-type=\"widget\" data-widget_type=\"text-editor.default\">\n\t\t\t\t<div class=\"elementor-widget-container\">\n\t\t\t\t\t\t\t\t\t<p>La Supply Chain rentre de plain-pied dans les sites industriels. La gestion des approvisionnements des sites n\u00e9cessite une meilleure collaboration avec les fournisseurs, une int\u00e9gration des cours d\u2019usine dans la chaine des flux<\/p>\t\t\t\t\t\t\t\t<\/div>\n\t\t\t\t<\/div>\n\t\t\t\t\t<\/div>\n\t\t<\/div>\n\t\t\t\t<div class=\"elementor-column elementor-col-33 elementor-top-column elementor-element elementor-element-17c50966\" data-id=\"17c50966\" data-element_type=\"column\" data-e-type=\"column\">\n\t\t\t<div class=\"elementor-widget-wrap elementor-element-populated\">\n\t\t\t\t\t\t<div class=\"elementor-element elementor-element-73c26032 elementor-widget elementor-widget-heading\" data-id=\"73c26032\" data-element_type=\"widget\" data-e-type=\"widget\" data-widget_type=\"heading.default\">\n\t\t\t\t<div class=\"elementor-widget-container\">\n\t\t\t\t\t<h3 class=\"elementor-heading-title elementor-size-default\"><a href=\"https:\/\/www.newtonvaureal.com\/\/secteurs\/institutions-publiques-et-collectivites\/\">Institutions publiques et collectivit\u00e9s<\/a><\/h3>\t\t\t\t<\/div>\n\t\t\t\t<\/div>\n\t\t\t\t<div class=\"elementor-element elementor-element-5ba5a585 elementor-widget elementor-widget-image\" data-id=\"5ba5a585\" data-element_type=\"widget\" data-e-type=\"widget\" data-widget_type=\"image.default\">\n\t\t\t\t<div class=\"elementor-widget-container\">\n\t\t\t\t\t\t\t\t\t\t\t\t\t\t\t\t<a href=\"https:\/\/www.newtonvaureal.com\/\/secteurs\/institutions-publiques-et-collectivites\/\">\n\t\t\t\t\t\t\t<img decoding=\"async\" width=\"356\" height=\"400\" data-src=\"https:\/\/www.newtonvaureal.com\/wp-content\/uploads\/2021\/07\/Institutions-publiques-collectivites-hp.jpg\" class=\"attachment-onepress-medium size-onepress-medium wp-image-6407 lazyload\" alt=\"\" data-srcset=\"https:\/\/www.newtonvaureal.com\/wp-content\/uploads\/2021\/07\/Institutions-publiques-collectivites-hp.jpg 356w, https:\/\/www.newtonvaureal.com\/wp-content\/uploads\/2021\/07\/Institutions-publiques-collectivites-hp-267x300.jpg 267w\" data-sizes=\"(max-width: 356px) 100vw, 356px\" src=\"data:image\/svg+xml;base64,PHN2ZyB3aWR0aD0iMSIgaGVpZ2h0PSIxIiB4bWxucz0iaHR0cDovL3d3dy53My5vcmcvMjAwMC9zdmciPjwvc3ZnPg==\" style=\"--smush-placeholder-width: 356px; --smush-placeholder-aspect-ratio: 356\/400;\" \/>\t\t\t\t\t\t\t\t<\/a>\n\t\t\t\t\t\t\t\t\t\t\t\t\t\t\t<\/div>\n\t\t\t\t<\/div>\n\t\t\t\t<div class=\"elementor-element elementor-element-784398dd elementor-widget elementor-widget-text-editor\" data-id=\"784398dd\" data-element_type=\"widget\" data-e-type=\"widget\" data-widget_type=\"text-editor.default\">\n\t\t\t\t<div class=\"elementor-widget-container\">\n\t\t\t\t\t\t\t\t\t<p>Nos interventions sont tourn\u00e9es sur des probl\u00e9matiques d\u2019organisation et de gestion des flux physiques ou sur des \u00e9tudes prospectives li\u00e9es aux territoires. Nos domaines d\u2019intervention portent sur la logistique urbaine, le report modal ou l\u2019empreinte carbone.<\/p>\t\t\t\t\t\t\t\t<\/div>\n\t\t\t\t<\/div>\n\t\t\t\t\t<\/div>\n\t\t<\/div>\n\t\t\t\t\t<\/div>\n\t\t<\/section>\n\t\t\t\t<\/div>\n\t\t","protected":false},"excerpt":{"rendered":"<p>Cadrage du Besoin et Aide au Choix d\u2019Outils : Nous vous assistons dans le cadrage pr\u00e9cis de vos besoins en mati\u00e8re d&rsquo;outils de gestion de la supply chain (tels que &#8230;<\/p>\n","protected":false},"author":3,"featured_media":0,"parent":1759,"menu_order":0,"comment_status":"closed","ping_status":"closed","template":"","meta":{"_acf_changed":false,"footnotes":""},"class_list":["post-18903","page","type-page","status-publish","hentry"],"acf":[],"yoast_head":"<!-- This site is optimized with the Yoast SEO plugin v27.0 - https:\/\/yoast.com\/product\/yoast-seo-wordpress\/ -->\n<title>Choix des Meilleurs Leviers de Digitalisation - Newton.Vaureal Consulting<\/title>\n<meta name=\"robots\" content=\"index, follow, max-snippet:-1, max-image-preview:large, max-video-preview:-1\" \/>\n<link rel=\"canonical\" href=\"https:\/\/www.newtonvaureal.com\/fr\/notre-expertise\/digital-supply-chain\/accomapgnement-digitalisation\/\" \/>\n<meta property=\"og:locale\" content=\"fr_FR\" \/>\n<meta property=\"og:type\" content=\"article\" \/>\n<meta property=\"og:title\" content=\"Choix des Meilleurs Leviers de Digitalisation - Newton.Vaureal Consulting\" \/>\n<meta property=\"og:description\" content=\"Cadrage du Besoin et Aide au Choix d\u2019Outils : Nous vous assistons dans le cadrage pr\u00e9cis de vos besoins en mati\u00e8re d&rsquo;outils de gestion de la supply chain (tels que ...\" \/>\n<meta property=\"og:url\" content=\"https:\/\/www.newtonvaureal.com\/fr\/notre-expertise\/digital-supply-chain\/accomapgnement-digitalisation\/\" \/>\n<meta property=\"og:site_name\" content=\"Newton.Vaureal Consulting\" \/>\n<meta property=\"article:modified_time\" content=\"2024-05-28T12:20:23+00:00\" \/>\n<meta property=\"og:image\" content=\"https:\/\/www.newtonvaureal.com\/wp-content\/uploads\/2021\/07\/distribution-640x400.jpg\" \/>\n<meta name=\"twitter:card\" content=\"summary_large_image\" \/>\n<script type=\"application\/ld+json\" class=\"yoast-schema-graph\">{\"@context\":\"https:\/\/schema.org\",\"@graph\":[{\"@type\":\"WebPage\",\"@id\":\"https:\/\/www.newtonvaureal.com\/fr\/notre-expertise\/digital-supply-chain\/accomapgnement-digitalisation\/\",\"url\":\"https:\/\/www.newtonvaureal.com\/fr\/notre-expertise\/digital-supply-chain\/accomapgnement-digitalisation\/\",\"name\":\"Choix des Meilleurs Leviers de Digitalisation - Newton.Vaureal Consulting\",\"isPartOf\":{\"@id\":\"https:\/\/www.newtonvaureal.com\/fr\/#website\"},\"primaryImageOfPage\":{\"@id\":\"https:\/\/www.newtonvaureal.com\/fr\/notre-expertise\/digital-supply-chain\/accomapgnement-digitalisation\/#primaryimage\"},\"image\":{\"@id\":\"https:\/\/www.newtonvaureal.com\/fr\/notre-expertise\/digital-supply-chain\/accomapgnement-digitalisation\/#primaryimage\"},\"thumbnailUrl\":\"https:\/\/www.newtonvaureal.com\/wp-content\/uploads\/2021\/07\/distribution-640x400.jpg\",\"datePublished\":\"2024-05-28T12:14:38+00:00\",\"dateModified\":\"2024-05-28T12:20:23+00:00\",\"breadcrumb\":{\"@id\":\"https:\/\/www.newtonvaureal.com\/fr\/notre-expertise\/digital-supply-chain\/accomapgnement-digitalisation\/#breadcrumb\"},\"inLanguage\":\"fr-FR\",\"potentialAction\":[{\"@type\":\"ReadAction\",\"target\":[\"https:\/\/www.newtonvaureal.com\/fr\/notre-expertise\/digital-supply-chain\/accomapgnement-digitalisation\/\"]}]},{\"@type\":\"ImageObject\",\"inLanguage\":\"fr-FR\",\"@id\":\"https:\/\/www.newtonvaureal.com\/fr\/notre-expertise\/digital-supply-chain\/accomapgnement-digitalisation\/#primaryimage\",\"url\":\"https:\/\/www.newtonvaureal.com\/wp-content\/uploads\/2021\/07\/distribution-640x400.jpg\",\"contentUrl\":\"https:\/\/www.newtonvaureal.com\/wp-content\/uploads\/2021\/07\/distribution-640x400.jpg\"},{\"@type\":\"BreadcrumbList\",\"@id\":\"https:\/\/www.newtonvaureal.com\/fr\/notre-expertise\/digital-supply-chain\/accomapgnement-digitalisation\/#breadcrumb\",\"itemListElement\":[{\"@type\":\"ListItem\",\"position\":1,\"name\":\"Accueil\",\"item\":\"https:\/\/www.newtonvaureal.com\/fr\/\"},{\"@type\":\"ListItem\",\"position\":2,\"name\":\"Notre expertise\",\"item\":\"https:\/\/www.newtonvaureal.com\/fr\/notre-expertise\/\"},{\"@type\":\"ListItem\",\"position\":3,\"name\":\"Digital Supply Chain\",\"item\":\"https:\/\/www.newtonvaureal.com\/fr\/notre-expertise\/digital-supply-chain\/\"},{\"@type\":\"ListItem\",\"position\":4,\"name\":\"Choix des Meilleurs Leviers de Digitalisation\"}]},{\"@type\":\"WebSite\",\"@id\":\"https:\/\/www.newtonvaureal.com\/fr\/#website\",\"url\":\"https:\/\/www.newtonvaureal.com\/fr\/\",\"name\":\"Newton.Vaureal Consulting\",\"description\":\"\",\"publisher\":{\"@id\":\"https:\/\/www.newtonvaureal.com\/fr\/#organization\"},\"potentialAction\":[{\"@type\":\"SearchAction\",\"target\":{\"@type\":\"EntryPoint\",\"urlTemplate\":\"https:\/\/www.newtonvaureal.com\/fr\/?s={search_term_string}\"},\"query-input\":{\"@type\":\"PropertyValueSpecification\",\"valueRequired\":true,\"valueName\":\"search_term_string\"}}],\"inLanguage\":\"fr-FR\"},{\"@type\":\"Organization\",\"@id\":\"https:\/\/www.newtonvaureal.com\/fr\/#organization\",\"name\":\"Newton.Vaureal consulting\",\"url\":\"https:\/\/www.newtonvaureal.com\/fr\/\",\"logo\":{\"@type\":\"ImageObject\",\"inLanguage\":\"fr-FR\",\"@id\":\"https:\/\/www.newtonvaureal.com\/fr\/#\/schema\/logo\/image\/\",\"url\":\"https:\/\/www.newtonvaureal.com\/wp-content\/uploads\/2021\/07\/logo_newton-eurogroup-blanc-21.png\",\"contentUrl\":\"https:\/\/www.newtonvaureal.com\/wp-content\/uploads\/2021\/07\/logo_newton-eurogroup-blanc-21.png\",\"width\":200,\"height\":79,\"caption\":\"Newton.Vaureal consulting\"},\"image\":{\"@id\":\"https:\/\/www.newtonvaureal.com\/fr\/#\/schema\/logo\/image\/\"}}]}<\/script>\n<!-- \/ Yoast SEO plugin. -->","yoast_head_json":{"title":"Choix des Meilleurs Leviers de Digitalisation - Newton.Vaureal Consulting","robots":{"index":"index","follow":"follow","max-snippet":"max-snippet:-1","max-image-preview":"max-image-preview:large","max-video-preview":"max-video-preview:-1"},"canonical":"https:\/\/www.newtonvaureal.com\/fr\/notre-expertise\/digital-supply-chain\/accomapgnement-digitalisation\/","og_locale":"fr_FR","og_type":"article","og_title":"Choix des Meilleurs Leviers de Digitalisation - Newton.Vaureal Consulting","og_description":"Cadrage du Besoin et Aide au Choix d\u2019Outils : Nous vous assistons dans le cadrage pr\u00e9cis de vos besoins en mati\u00e8re d&rsquo;outils de gestion de la supply chain (tels que ...","og_url":"https:\/\/www.newtonvaureal.com\/fr\/notre-expertise\/digital-supply-chain\/accomapgnement-digitalisation\/","og_site_name":"Newton.Vaureal Consulting","article_modified_time":"2024-05-28T12:20:23+00:00","og_image":[{"url":"https:\/\/www.newtonvaureal.com\/wp-content\/uploads\/2021\/07\/distribution-640x400.jpg","type":"","width":"","height":""}],"twitter_card":"summary_large_image","schema":{"@context":"https:\/\/schema.org","@graph":[{"@type":"WebPage","@id":"https:\/\/www.newtonvaureal.com\/fr\/notre-expertise\/digital-supply-chain\/accomapgnement-digitalisation\/","url":"https:\/\/www.newtonvaureal.com\/fr\/notre-expertise\/digital-supply-chain\/accomapgnement-digitalisation\/","name":"Choix des Meilleurs Leviers de Digitalisation - Newton.Vaureal Consulting","isPartOf":{"@id":"https:\/\/www.newtonvaureal.com\/fr\/#website"},"primaryImageOfPage":{"@id":"https:\/\/www.newtonvaureal.com\/fr\/notre-expertise\/digital-supply-chain\/accomapgnement-digitalisation\/#primaryimage"},"image":{"@id":"https:\/\/www.newtonvaureal.com\/fr\/notre-expertise\/digital-supply-chain\/accomapgnement-digitalisation\/#primaryimage"},"thumbnailUrl":"https:\/\/www.newtonvaureal.com\/wp-content\/uploads\/2021\/07\/distribution-640x400.jpg","datePublished":"2024-05-28T12:14:38+00:00","dateModified":"2024-05-28T12:20:23+00:00","breadcrumb":{"@id":"https:\/\/www.newtonvaureal.com\/fr\/notre-expertise\/digital-supply-chain\/accomapgnement-digitalisation\/#breadcrumb"},"inLanguage":"fr-FR","potentialAction":[{"@type":"ReadAction","target":["https:\/\/www.newtonvaureal.com\/fr\/notre-expertise\/digital-supply-chain\/accomapgnement-digitalisation\/"]}]},{"@type":"ImageObject","inLanguage":"fr-FR","@id":"https:\/\/www.newtonvaureal.com\/fr\/notre-expertise\/digital-supply-chain\/accomapgnement-digitalisation\/#primaryimage","url":"https:\/\/www.newtonvaureal.com\/wp-content\/uploads\/2021\/07\/distribution-640x400.jpg","contentUrl":"https:\/\/www.newtonvaureal.com\/wp-content\/uploads\/2021\/07\/distribution-640x400.jpg"},{"@type":"BreadcrumbList","@id":"https:\/\/www.newtonvaureal.com\/fr\/notre-expertise\/digital-supply-chain\/accomapgnement-digitalisation\/#breadcrumb","itemListElement":[{"@type":"ListItem","position":1,"name":"Accueil","item":"https:\/\/www.newtonvaureal.com\/fr\/"},{"@type":"ListItem","position":2,"name":"Notre expertise","item":"https:\/\/www.newtonvaureal.com\/fr\/notre-expertise\/"},{"@type":"ListItem","position":3,"name":"Digital Supply Chain","item":"https:\/\/www.newtonvaureal.com\/fr\/notre-expertise\/digital-supply-chain\/"},{"@type":"ListItem","position":4,"name":"Choix des Meilleurs Leviers de Digitalisation"}]},{"@type":"WebSite","@id":"https:\/\/www.newtonvaureal.com\/fr\/#website","url":"https:\/\/www.newtonvaureal.com\/fr\/","name":"Newton.Vaureal Consulting","description":"","publisher":{"@id":"https:\/\/www.newtonvaureal.com\/fr\/#organization"},"potentialAction":[{"@type":"SearchAction","target":{"@type":"EntryPoint","urlTemplate":"https:\/\/www.newtonvaureal.com\/fr\/?s={search_term_string}"},"query-input":{"@type":"PropertyValueSpecification","valueRequired":true,"valueName":"search_term_string"}}],"inLanguage":"fr-FR"},{"@type":"Organization","@id":"https:\/\/www.newtonvaureal.com\/fr\/#organization","name":"Newton.Vaureal consulting","url":"https:\/\/www.newtonvaureal.com\/fr\/","logo":{"@type":"ImageObject","inLanguage":"fr-FR","@id":"https:\/\/www.newtonvaureal.com\/fr\/#\/schema\/logo\/image\/","url":"https:\/\/www.newtonvaureal.com\/wp-content\/uploads\/2021\/07\/logo_newton-eurogroup-blanc-21.png","contentUrl":"https:\/\/www.newtonvaureal.com\/wp-content\/uploads\/2021\/07\/logo_newton-eurogroup-blanc-21.png","width":200,"height":79,"caption":"Newton.Vaureal consulting"},"image":{"@id":"https:\/\/www.newtonvaureal.com\/fr\/#\/schema\/logo\/image\/"}}]}},"_links":{"self":[{"href":"https:\/\/www.newtonvaureal.com\/fr\/wp-json\/wp\/v2\/pages\/18903","targetHints":{"allow":["GET"]}}],"collection":[{"href":"https:\/\/www.newtonvaureal.com\/fr\/wp-json\/wp\/v2\/pages"}],"about":[{"href":"https:\/\/www.newtonvaureal.com\/fr\/wp-json\/wp\/v2\/types\/page"}],"author":[{"embeddable":true,"href":"https:\/\/www.newtonvaureal.com\/fr\/wp-json\/wp\/v2\/users\/3"}],"replies":[{"embeddable":true,"href":"https:\/\/www.newtonvaureal.com\/fr\/wp-json\/wp\/v2\/comments?post=18903"}],"version-history":[{"count":5,"href":"https:\/\/www.newtonvaureal.com\/fr\/wp-json\/wp\/v2\/pages\/18903\/revisions"}],"predecessor-version":[{"id":18971,"href":"https:\/\/www.newtonvaureal.com\/fr\/wp-json\/wp\/v2\/pages\/18903\/revisions\/18971"}],"up":[{"embeddable":true,"href":"https:\/\/www.newtonvaureal.com\/fr\/wp-json\/wp\/v2\/pages\/1759"}],"wp:attachment":[{"href":"https:\/\/www.newtonvaureal.com\/fr\/wp-json\/wp\/v2\/media?parent=18903"}],"curies":[{"name":"wp","href":"https:\/\/api.w.org\/{rel}","templated":true}]}}