{"id":1911,"date":"2021-02-12T15:18:52","date_gmt":"2021-02-12T14:18:52","guid":{"rendered":"http:\/\/newton-vaureal.com\/?page_id=1911"},"modified":"2024-06-04T10:55:58","modified_gmt":"2024-06-04T08:55:58","slug":"optimisation-des-flux","status":"publish","type":"page","link":"https:\/\/www.newtonvaureal.com\/fr\/notre-expertise\/performance-des-operations-de-production\/optimisation-des-flux\/","title":{"rendered":"Optimisation des flux"},"content":{"rendered":"\t\t<div data-elementor-type=\"wp-page\" data-elementor-id=\"1911\" class=\"elementor elementor-1911\" data-elementor-post-type=\"page\">\n\t\t\t\t\t\t<section class=\"elementor-section elementor-top-section elementor-element elementor-element-323903bb elementor-section-full_width elementor-section-height-min-height elementor-section-content-middle elementor-section-stretched elementor-section-height-default elementor-section-items-middle\" data-id=\"323903bb\" data-element_type=\"section\" data-e-type=\"section\" data-settings=\"{&quot;stretch_section&quot;:&quot;section-stretched&quot;,&quot;background_background&quot;:&quot;classic&quot;}\">\n\t\t\t\t\t\t<div class=\"elementor-container elementor-column-gap-default\">\n\t\t\t\t\t<div class=\"elementor-column elementor-col-100 elementor-top-column elementor-element elementor-element-2df18cb1\" data-id=\"2df18cb1\" data-element_type=\"column\" data-e-type=\"column\">\n\t\t\t<div class=\"elementor-widget-wrap elementor-element-populated\">\n\t\t\t\t\t\t\t<\/div>\n\t\t<\/div>\n\t\t\t\t\t<\/div>\n\t\t<\/section>\n\t\t\t\t<section class=\"elementor-section elementor-top-section elementor-element elementor-element-351c7a71 elementor-section-boxed elementor-section-height-default elementor-section-height-default\" data-id=\"351c7a71\" data-element_type=\"section\" data-e-type=\"section\">\n\t\t\t\t\t\t<div class=\"elementor-container elementor-column-gap-default\">\n\t\t\t\t\t<div class=\"elementor-column elementor-col-100 elementor-top-column elementor-element elementor-element-baeb647\" data-id=\"baeb647\" data-element_type=\"column\" data-e-type=\"column\">\n\t\t\t<div class=\"elementor-widget-wrap elementor-element-populated\">\n\t\t\t\t\t\t<div class=\"elementor-element elementor-element-78376587 elementor-widget elementor-widget-text-editor\" data-id=\"78376587\" data-element_type=\"widget\" data-e-type=\"widget\" data-widget_type=\"text-editor.default\">\n\t\t\t\t<div class=\"elementor-widget-container\">\n\t\t\t\t\t\t\t\t\t<p><span style=\"font-weight: 400;\">Un flux efficient et efficace est un flux lib\u00e9r\u00e9 au maximum de ses contraintes (goulots, gaspillages, attentes\u2026), et propice \u00e0 l \u2018\u00e9coulement continu et dynamique. Il existe un lien \u00e9troit entre performance et flux. Lever les contraintes n\u00e9cessite <a href=\"https:\/\/www.newtonvaureal.com\/notre-expertise\/performance-des-operations-de-production\/refonte-des-processus-sop-pic-pdp\/\">l\u2019analyse des processus<\/a>, de leurs synchronisation, <a href=\"https:\/\/www.newtonvaureal.com\/notre-expertise\/performance-des-operations-de-production\/diagnostic-et-performance\/\">performance et \u00e9quipements<\/a> (Taux de rendements synth\u00e9tiques &#8211; TRS \/ Overall Equipment Effectiveness &#8211;\u00a0 OEE) ainsi que l\u2019analyse des syst\u00e8mes de planification \/ ordonnancement et du cycle de mise \u00e0 disposition des mati\u00e8res\u2026 Cette analyse doit \u00eatre men\u00e9e de bout en bout pour \u00e9viter de ne r\u00e9soudre qu\u2019une optimisation locale au d\u00e9triment de l\u2019optimisation globale.<\/span><\/p>\t\t\t\t\t\t\t\t<\/div>\n\t\t\t\t<\/div>\n\t\t\t\t\t<\/div>\n\t\t<\/div>\n\t\t\t\t\t<\/div>\n\t\t<\/section>\n\t\t\t\t<section class=\"elementor-section elementor-top-section elementor-element elementor-element-aa1f9e7 elementor-section-boxed elementor-section-height-default elementor-section-height-default\" data-id=\"aa1f9e7\" data-element_type=\"section\" data-e-type=\"section\">\n\t\t\t\t\t\t<div class=\"elementor-container elementor-column-gap-default\">\n\t\t\t\t\t<div class=\"elementor-column elementor-col-100 elementor-top-column elementor-element elementor-element-5d2a7e44\" data-id=\"5d2a7e44\" data-element_type=\"column\" data-e-type=\"column\">\n\t\t\t<div class=\"elementor-widget-wrap elementor-element-populated\">\n\t\t\t\t\t\t<div class=\"elementor-element elementor-element-39898477 elementor-widget elementor-widget-heading\" data-id=\"39898477\" data-element_type=\"widget\" data-e-type=\"widget\" data-widget_type=\"heading.default\">\n\t\t\t\t<div class=\"elementor-widget-container\">\n\t\t\t\t\t<h2 class=\"elementor-heading-title elementor-size-default\">Notre cabinet de conseil intervient dans diff\u00e9rents secteurs<\/h2>\t\t\t\t<\/div>\n\t\t\t\t<\/div>\n\t\t\t\t\t<\/div>\n\t\t<\/div>\n\t\t\t\t\t<\/div>\n\t\t<\/section>\n\t\t\t\t<section class=\"elementor-section elementor-top-section elementor-element elementor-element-684d1660 elementor-section-boxed elementor-section-height-default elementor-section-height-default\" data-id=\"684d1660\" data-element_type=\"section\" data-e-type=\"section\">\n\t\t\t\t\t\t<div class=\"elementor-container elementor-column-gap-default\">\n\t\t\t\t\t<div class=\"elementor-column elementor-col-33 elementor-top-column elementor-element elementor-element-5cad470\" data-id=\"5cad470\" data-element_type=\"column\" data-e-type=\"column\">\n\t\t\t<div class=\"elementor-widget-wrap elementor-element-populated\">\n\t\t\t\t\t\t<div class=\"elementor-element elementor-element-4753d81b elementor-widget elementor-widget-heading\" data-id=\"4753d81b\" data-element_type=\"widget\" data-e-type=\"widget\" data-widget_type=\"heading.default\">\n\t\t\t\t<div class=\"elementor-widget-container\">\n\t\t\t\t\t<h3 class=\"elementor-heading-title elementor-size-default\"><a href=\"https:\/\/www.newtonvaureal.com\/\/secteurs\/distribution\/\">Distribution<\/a><\/h3>\t\t\t\t<\/div>\n\t\t\t\t<\/div>\n\t\t\t\t<div class=\"elementor-element elementor-element-9985d6e elementor-widget elementor-widget-image\" data-id=\"9985d6e\" data-element_type=\"widget\" data-e-type=\"widget\" data-widget_type=\"image.default\">\n\t\t\t\t<div class=\"elementor-widget-container\">\n\t\t\t\t\t\t\t\t\t\t\t\t\t\t\t\t<a href=\"https:\/\/www.newtonvaureal.com\/\/secteurs\/distribution\/\">\n\t\t\t\t\t\t\t<img fetchpriority=\"high\" decoding=\"async\" width=\"640\" height=\"400\" src=\"https:\/\/www.newtonvaureal.com\/wp-content\/uploads\/2021\/07\/distribution-640x400.jpg\" class=\"attachment-onepress-medium size-onepress-medium wp-image-6156\" alt=\"\" srcset=\"https:\/\/www.newtonvaureal.com\/wp-content\/uploads\/2021\/07\/distribution-640x400.jpg 640w, https:\/\/www.newtonvaureal.com\/wp-content\/uploads\/2021\/07\/distribution-480x300.jpg 480w\" sizes=\"(max-width: 640px) 100vw, 640px\" \/>\t\t\t\t\t\t\t\t<\/a>\n\t\t\t\t\t\t\t\t\t\t\t\t\t\t\t<\/div>\n\t\t\t\t<\/div>\n\t\t\t\t<div class=\"elementor-element elementor-element-687a6073 elementor-widget elementor-widget-text-editor\" data-id=\"687a6073\" data-element_type=\"widget\" data-e-type=\"widget\" data-widget_type=\"text-editor.default\">\n\t\t\t\t<div class=\"elementor-widget-container\">\n\t\t\t\t\t\t\t\t\t<p>Grands groupes, Institutions, PME, nous disposons des ressources pouvant accompagner des entreprises de toute taille et en toute circonstance (de la vision long terme \u00e0 l\u2019accompagnement en situation de crise)<\/p>\t\t\t\t\t\t\t\t<\/div>\n\t\t\t\t<\/div>\n\t\t\t\t\t<\/div>\n\t\t<\/div>\n\t\t\t\t<div class=\"elementor-column elementor-col-33 elementor-top-column elementor-element elementor-element-559b030c\" data-id=\"559b030c\" data-element_type=\"column\" data-e-type=\"column\">\n\t\t\t<div class=\"elementor-widget-wrap elementor-element-populated\">\n\t\t\t\t\t\t<div class=\"elementor-element elementor-element-5a0674fa elementor-widget elementor-widget-heading\" data-id=\"5a0674fa\" data-element_type=\"widget\" data-e-type=\"widget\" data-widget_type=\"heading.default\">\n\t\t\t\t<div class=\"elementor-widget-container\">\n\t\t\t\t\t<h3 class=\"elementor-heading-title elementor-size-default\"><a href=\"https:\/\/www.newtonvaureal.com\/\/secteurs\/industrie\/\">Industrie<\/a><\/h3>\t\t\t\t<\/div>\n\t\t\t\t<\/div>\n\t\t\t\t<div class=\"elementor-element elementor-element-4838cf1f elementor-widget elementor-widget-image\" data-id=\"4838cf1f\" data-element_type=\"widget\" data-e-type=\"widget\" data-widget_type=\"image.default\">\n\t\t\t\t<div class=\"elementor-widget-container\">\n\t\t\t\t\t\t\t\t\t\t\t\t\t\t\t\t<a href=\"https:\/\/www.newtonvaureal.com\/\/secteurs\/industrie\/\">\n\t\t\t\t\t\t\t<img decoding=\"async\" width=\"640\" height=\"400\" data-src=\"https:\/\/www.newtonvaureal.com\/wp-content\/uploads\/2021\/07\/Industries-5-640x400-1-640x400.jpg\" class=\"attachment-onepress-medium size-onepress-medium wp-image-6406 lazyload\" alt=\"\" data-srcset=\"https:\/\/www.newtonvaureal.com\/wp-content\/uploads\/2021\/07\/Industries-5-640x400-1.jpg 640w, https:\/\/www.newtonvaureal.com\/wp-content\/uploads\/2021\/07\/Industries-5-640x400-1-300x188.jpg 300w, https:\/\/www.newtonvaureal.com\/wp-content\/uploads\/2021\/07\/Industries-5-640x400-1-480x300.jpg 480w\" data-sizes=\"(max-width: 640px) 100vw, 640px\" src=\"data:image\/svg+xml;base64,PHN2ZyB3aWR0aD0iMSIgaGVpZ2h0PSIxIiB4bWxucz0iaHR0cDovL3d3dy53My5vcmcvMjAwMC9zdmciPjwvc3ZnPg==\" style=\"--smush-placeholder-width: 640px; --smush-placeholder-aspect-ratio: 640\/400;\" \/>\t\t\t\t\t\t\t\t<\/a>\n\t\t\t\t\t\t\t\t\t\t\t\t\t\t\t<\/div>\n\t\t\t\t<\/div>\n\t\t\t\t<div class=\"elementor-element elementor-element-101e1f84 elementor-widget elementor-widget-text-editor\" data-id=\"101e1f84\" data-element_type=\"widget\" data-e-type=\"widget\" data-widget_type=\"text-editor.default\">\n\t\t\t\t<div class=\"elementor-widget-container\">\n\t\t\t\t\t\t\t\t\t<p>La Supply Chain rentre de plain-pied dans les sites industriels. La gestion des approvisionnements des sites n\u00e9cessite une meilleure collaboration avec les fournisseurs, une int\u00e9gration des cours d\u2019usine dans la chaine des flux<\/p>\t\t\t\t\t\t\t\t<\/div>\n\t\t\t\t<\/div>\n\t\t\t\t\t<\/div>\n\t\t<\/div>\n\t\t\t\t<div class=\"elementor-column elementor-col-33 elementor-top-column elementor-element elementor-element-9e7f1a9\" data-id=\"9e7f1a9\" data-element_type=\"column\" data-e-type=\"column\">\n\t\t\t<div class=\"elementor-widget-wrap elementor-element-populated\">\n\t\t\t\t\t\t<div class=\"elementor-element elementor-element-4b341883 elementor-widget elementor-widget-heading\" data-id=\"4b341883\" data-element_type=\"widget\" data-e-type=\"widget\" data-widget_type=\"heading.default\">\n\t\t\t\t<div class=\"elementor-widget-container\">\n\t\t\t\t\t<h3 class=\"elementor-heading-title elementor-size-default\"><a href=\"https:\/\/www.newtonvaureal.com\/\/secteurs\/institutions-publiques-et-collectivites\/\">Institutions publiques et collectivit\u00e9s<\/a><\/h3>\t\t\t\t<\/div>\n\t\t\t\t<\/div>\n\t\t\t\t<div class=\"elementor-element elementor-element-62c5ac13 elementor-widget elementor-widget-image\" data-id=\"62c5ac13\" data-element_type=\"widget\" data-e-type=\"widget\" data-widget_type=\"image.default\">\n\t\t\t\t<div class=\"elementor-widget-container\">\n\t\t\t\t\t\t\t\t\t\t\t\t\t\t\t\t<a href=\"https:\/\/www.newtonvaureal.com\/\/secteurs\/institutions-publiques-et-collectivites\/\">\n\t\t\t\t\t\t\t<img decoding=\"async\" width=\"356\" height=\"400\" data-src=\"https:\/\/www.newtonvaureal.com\/wp-content\/uploads\/2021\/07\/Institutions-publiques-collectivites-hp.jpg\" class=\"attachment-onepress-medium size-onepress-medium wp-image-6407 lazyload\" alt=\"\" data-srcset=\"https:\/\/www.newtonvaureal.com\/wp-content\/uploads\/2021\/07\/Institutions-publiques-collectivites-hp.jpg 356w, https:\/\/www.newtonvaureal.com\/wp-content\/uploads\/2021\/07\/Institutions-publiques-collectivites-hp-267x300.jpg 267w\" data-sizes=\"(max-width: 356px) 100vw, 356px\" src=\"data:image\/svg+xml;base64,PHN2ZyB3aWR0aD0iMSIgaGVpZ2h0PSIxIiB4bWxucz0iaHR0cDovL3d3dy53My5vcmcvMjAwMC9zdmciPjwvc3ZnPg==\" style=\"--smush-placeholder-width: 356px; --smush-placeholder-aspect-ratio: 356\/400;\" \/>\t\t\t\t\t\t\t\t<\/a>\n\t\t\t\t\t\t\t\t\t\t\t\t\t\t\t<\/div>\n\t\t\t\t<\/div>\n\t\t\t\t<div class=\"elementor-element elementor-element-5b887740 elementor-widget elementor-widget-text-editor\" data-id=\"5b887740\" data-element_type=\"widget\" data-e-type=\"widget\" data-widget_type=\"text-editor.default\">\n\t\t\t\t<div class=\"elementor-widget-container\">\n\t\t\t\t\t\t\t\t\t<p>Nos interventions sont tourn\u00e9es sur des probl\u00e9matiques d\u2019organisation et de gestion des flux physiques ou sur des \u00e9tudes prospectives li\u00e9es aux territoires. Nos domaines d\u2019intervention portent sur la logistique urbaine, le report modal ou l\u2019empreinte carbone.<\/p>\t\t\t\t\t\t\t\t<\/div>\n\t\t\t\t<\/div>\n\t\t\t\t\t<\/div>\n\t\t<\/div>\n\t\t\t\t\t<\/div>\n\t\t<\/section>\n\t\t\t\t<\/div>\n\t\t","protected":false},"excerpt":{"rendered":"<p>Un flux efficient et efficace est un flux lib\u00e9r\u00e9 au maximum de ses contraintes (goulots, gaspillages, attentes\u2026), et propice \u00e0 l \u2018\u00e9coulement continu et dynamique. Il existe un lien \u00e9troit &#8230;<\/p>\n","protected":false},"author":1,"featured_media":0,"parent":1754,"menu_order":0,"comment_status":"closed","ping_status":"closed","template":"","meta":{"_acf_changed":false,"footnotes":""},"class_list":["post-1911","page","type-page","status-publish","hentry"],"acf":[],"yoast_head":"<!-- This site is optimized with the Yoast SEO plugin v27.0 - https:\/\/yoast.com\/product\/yoast-seo-wordpress\/ -->\n<title>Optimisation des flux - Newton.Vaureal Consulting<\/title>\n<meta name=\"description\" content=\"La gestion des flux est incontournable pour un bon d\u00e9roulement des op\u00e9rations logistiques. Newton.Vaureal peut vous accompagner dans leur optimisation pour des flux plus fluides.\" \/>\n<meta name=\"robots\" content=\"index, follow, max-snippet:-1, max-image-preview:large, max-video-preview:-1\" \/>\n<link rel=\"canonical\" href=\"https:\/\/www.newtonvaureal.com\/fr\/notre-expertise\/performance-des-operations-de-production\/optimisation-des-flux\/\" \/>\n<meta property=\"og:locale\" content=\"fr_FR\" \/>\n<meta property=\"og:type\" content=\"article\" \/>\n<meta property=\"og:title\" content=\"Optimisation des flux - Newton.Vaureal Consulting\" \/>\n<meta property=\"og:description\" content=\"La gestion des flux est incontournable pour un bon d\u00e9roulement des op\u00e9rations logistiques. Newton.Vaureal peut vous accompagner dans leur optimisation pour des flux plus fluides.\" \/>\n<meta property=\"og:url\" content=\"https:\/\/www.newtonvaureal.com\/fr\/notre-expertise\/performance-des-operations-de-production\/optimisation-des-flux\/\" \/>\n<meta property=\"og:site_name\" content=\"Newton.Vaureal Consulting\" \/>\n<meta property=\"article:modified_time\" content=\"2024-06-04T08:55:58+00:00\" \/>\n<meta property=\"og:image\" content=\"https:\/\/www.newtonvaureal.com\/wp-content\/uploads\/2021\/07\/distribution-640x400.jpg\" \/>\n<meta name=\"twitter:card\" content=\"summary_large_image\" \/>\n<script type=\"application\/ld+json\" class=\"yoast-schema-graph\">{\"@context\":\"https:\/\/schema.org\",\"@graph\":[{\"@type\":\"WebPage\",\"@id\":\"https:\/\/www.newtonvaureal.com\/fr\/notre-expertise\/performance-des-operations-de-production\/optimisation-des-flux\/\",\"url\":\"https:\/\/www.newtonvaureal.com\/fr\/notre-expertise\/performance-des-operations-de-production\/optimisation-des-flux\/\",\"name\":\"Optimisation des flux - Newton.Vaureal Consulting\",\"isPartOf\":{\"@id\":\"https:\/\/www.newtonvaureal.com\/fr\/#website\"},\"primaryImageOfPage\":{\"@id\":\"https:\/\/www.newtonvaureal.com\/fr\/notre-expertise\/performance-des-operations-de-production\/optimisation-des-flux\/#primaryimage\"},\"image\":{\"@id\":\"https:\/\/www.newtonvaureal.com\/fr\/notre-expertise\/performance-des-operations-de-production\/optimisation-des-flux\/#primaryimage\"},\"thumbnailUrl\":\"https:\/\/www.newtonvaureal.com\/wp-content\/uploads\/2021\/07\/distribution-640x400.jpg\",\"datePublished\":\"2021-02-12T14:18:52+00:00\",\"dateModified\":\"2024-06-04T08:55:58+00:00\",\"description\":\"La gestion des flux est incontournable pour un bon d\u00e9roulement des op\u00e9rations logistiques. Newton.Vaureal peut vous accompagner dans leur optimisation pour des flux plus fluides.\",\"breadcrumb\":{\"@id\":\"https:\/\/www.newtonvaureal.com\/fr\/notre-expertise\/performance-des-operations-de-production\/optimisation-des-flux\/#breadcrumb\"},\"inLanguage\":\"fr-FR\",\"potentialAction\":[{\"@type\":\"ReadAction\",\"target\":[\"https:\/\/www.newtonvaureal.com\/fr\/notre-expertise\/performance-des-operations-de-production\/optimisation-des-flux\/\"]}]},{\"@type\":\"ImageObject\",\"inLanguage\":\"fr-FR\",\"@id\":\"https:\/\/www.newtonvaureal.com\/fr\/notre-expertise\/performance-des-operations-de-production\/optimisation-des-flux\/#primaryimage\",\"url\":\"https:\/\/www.newtonvaureal.com\/wp-content\/uploads\/2021\/07\/distribution-640x400.jpg\",\"contentUrl\":\"https:\/\/www.newtonvaureal.com\/wp-content\/uploads\/2021\/07\/distribution-640x400.jpg\"},{\"@type\":\"BreadcrumbList\",\"@id\":\"https:\/\/www.newtonvaureal.com\/fr\/notre-expertise\/performance-des-operations-de-production\/optimisation-des-flux\/#breadcrumb\",\"itemListElement\":[{\"@type\":\"ListItem\",\"position\":1,\"name\":\"Accueil\",\"item\":\"https:\/\/www.newtonvaureal.com\/fr\/\"},{\"@type\":\"ListItem\",\"position\":2,\"name\":\"Notre expertise\",\"item\":\"https:\/\/www.newtonvaureal.com\/fr\/notre-expertise\/\"},{\"@type\":\"ListItem\",\"position\":3,\"name\":\"Performance des op\u00e9rations\",\"item\":\"https:\/\/www.newtonvaureal.com\/fr\/notre-expertise\/performance-des-operations-de-production\/\"},{\"@type\":\"ListItem\",\"position\":4,\"name\":\"Optimisation des flux\"}]},{\"@type\":\"WebSite\",\"@id\":\"https:\/\/www.newtonvaureal.com\/fr\/#website\",\"url\":\"https:\/\/www.newtonvaureal.com\/fr\/\",\"name\":\"Newton.Vaureal Consulting\",\"description\":\"\",\"publisher\":{\"@id\":\"https:\/\/www.newtonvaureal.com\/fr\/#organization\"},\"potentialAction\":[{\"@type\":\"SearchAction\",\"target\":{\"@type\":\"EntryPoint\",\"urlTemplate\":\"https:\/\/www.newtonvaureal.com\/fr\/?s={search_term_string}\"},\"query-input\":{\"@type\":\"PropertyValueSpecification\",\"valueRequired\":true,\"valueName\":\"search_term_string\"}}],\"inLanguage\":\"fr-FR\"},{\"@type\":\"Organization\",\"@id\":\"https:\/\/www.newtonvaureal.com\/fr\/#organization\",\"name\":\"Newton.Vaureal consulting\",\"url\":\"https:\/\/www.newtonvaureal.com\/fr\/\",\"logo\":{\"@type\":\"ImageObject\",\"inLanguage\":\"fr-FR\",\"@id\":\"https:\/\/www.newtonvaureal.com\/fr\/#\/schema\/logo\/image\/\",\"url\":\"https:\/\/www.newtonvaureal.com\/wp-content\/uploads\/2021\/07\/logo_newton-eurogroup-blanc-21.png\",\"contentUrl\":\"https:\/\/www.newtonvaureal.com\/wp-content\/uploads\/2021\/07\/logo_newton-eurogroup-blanc-21.png\",\"width\":200,\"height\":79,\"caption\":\"Newton.Vaureal consulting\"},\"image\":{\"@id\":\"https:\/\/www.newtonvaureal.com\/fr\/#\/schema\/logo\/image\/\"}}]}<\/script>\n<!-- \/ Yoast SEO plugin. -->","yoast_head_json":{"title":"Optimisation des flux - Newton.Vaureal Consulting","description":"La gestion des flux est incontournable pour un bon d\u00e9roulement des op\u00e9rations logistiques. Newton.Vaureal peut vous accompagner dans leur optimisation pour des flux plus fluides.","robots":{"index":"index","follow":"follow","max-snippet":"max-snippet:-1","max-image-preview":"max-image-preview:large","max-video-preview":"max-video-preview:-1"},"canonical":"https:\/\/www.newtonvaureal.com\/fr\/notre-expertise\/performance-des-operations-de-production\/optimisation-des-flux\/","og_locale":"fr_FR","og_type":"article","og_title":"Optimisation des flux - Newton.Vaureal Consulting","og_description":"La gestion des flux est incontournable pour un bon d\u00e9roulement des op\u00e9rations logistiques. Newton.Vaureal peut vous accompagner dans leur optimisation pour des flux plus fluides.","og_url":"https:\/\/www.newtonvaureal.com\/fr\/notre-expertise\/performance-des-operations-de-production\/optimisation-des-flux\/","og_site_name":"Newton.Vaureal Consulting","article_modified_time":"2024-06-04T08:55:58+00:00","og_image":[{"url":"https:\/\/www.newtonvaureal.com\/wp-content\/uploads\/2021\/07\/distribution-640x400.jpg","type":"","width":"","height":""}],"twitter_card":"summary_large_image","schema":{"@context":"https:\/\/schema.org","@graph":[{"@type":"WebPage","@id":"https:\/\/www.newtonvaureal.com\/fr\/notre-expertise\/performance-des-operations-de-production\/optimisation-des-flux\/","url":"https:\/\/www.newtonvaureal.com\/fr\/notre-expertise\/performance-des-operations-de-production\/optimisation-des-flux\/","name":"Optimisation des flux - Newton.Vaureal Consulting","isPartOf":{"@id":"https:\/\/www.newtonvaureal.com\/fr\/#website"},"primaryImageOfPage":{"@id":"https:\/\/www.newtonvaureal.com\/fr\/notre-expertise\/performance-des-operations-de-production\/optimisation-des-flux\/#primaryimage"},"image":{"@id":"https:\/\/www.newtonvaureal.com\/fr\/notre-expertise\/performance-des-operations-de-production\/optimisation-des-flux\/#primaryimage"},"thumbnailUrl":"https:\/\/www.newtonvaureal.com\/wp-content\/uploads\/2021\/07\/distribution-640x400.jpg","datePublished":"2021-02-12T14:18:52+00:00","dateModified":"2024-06-04T08:55:58+00:00","description":"La gestion des flux est incontournable pour un bon d\u00e9roulement des op\u00e9rations logistiques. Newton.Vaureal peut vous accompagner dans leur optimisation pour des flux plus fluides.","breadcrumb":{"@id":"https:\/\/www.newtonvaureal.com\/fr\/notre-expertise\/performance-des-operations-de-production\/optimisation-des-flux\/#breadcrumb"},"inLanguage":"fr-FR","potentialAction":[{"@type":"ReadAction","target":["https:\/\/www.newtonvaureal.com\/fr\/notre-expertise\/performance-des-operations-de-production\/optimisation-des-flux\/"]}]},{"@type":"ImageObject","inLanguage":"fr-FR","@id":"https:\/\/www.newtonvaureal.com\/fr\/notre-expertise\/performance-des-operations-de-production\/optimisation-des-flux\/#primaryimage","url":"https:\/\/www.newtonvaureal.com\/wp-content\/uploads\/2021\/07\/distribution-640x400.jpg","contentUrl":"https:\/\/www.newtonvaureal.com\/wp-content\/uploads\/2021\/07\/distribution-640x400.jpg"},{"@type":"BreadcrumbList","@id":"https:\/\/www.newtonvaureal.com\/fr\/notre-expertise\/performance-des-operations-de-production\/optimisation-des-flux\/#breadcrumb","itemListElement":[{"@type":"ListItem","position":1,"name":"Accueil","item":"https:\/\/www.newtonvaureal.com\/fr\/"},{"@type":"ListItem","position":2,"name":"Notre expertise","item":"https:\/\/www.newtonvaureal.com\/fr\/notre-expertise\/"},{"@type":"ListItem","position":3,"name":"Performance des op\u00e9rations","item":"https:\/\/www.newtonvaureal.com\/fr\/notre-expertise\/performance-des-operations-de-production\/"},{"@type":"ListItem","position":4,"name":"Optimisation des flux"}]},{"@type":"WebSite","@id":"https:\/\/www.newtonvaureal.com\/fr\/#website","url":"https:\/\/www.newtonvaureal.com\/fr\/","name":"Newton.Vaureal Consulting","description":"","publisher":{"@id":"https:\/\/www.newtonvaureal.com\/fr\/#organization"},"potentialAction":[{"@type":"SearchAction","target":{"@type":"EntryPoint","urlTemplate":"https:\/\/www.newtonvaureal.com\/fr\/?s={search_term_string}"},"query-input":{"@type":"PropertyValueSpecification","valueRequired":true,"valueName":"search_term_string"}}],"inLanguage":"fr-FR"},{"@type":"Organization","@id":"https:\/\/www.newtonvaureal.com\/fr\/#organization","name":"Newton.Vaureal consulting","url":"https:\/\/www.newtonvaureal.com\/fr\/","logo":{"@type":"ImageObject","inLanguage":"fr-FR","@id":"https:\/\/www.newtonvaureal.com\/fr\/#\/schema\/logo\/image\/","url":"https:\/\/www.newtonvaureal.com\/wp-content\/uploads\/2021\/07\/logo_newton-eurogroup-blanc-21.png","contentUrl":"https:\/\/www.newtonvaureal.com\/wp-content\/uploads\/2021\/07\/logo_newton-eurogroup-blanc-21.png","width":200,"height":79,"caption":"Newton.Vaureal consulting"},"image":{"@id":"https:\/\/www.newtonvaureal.com\/fr\/#\/schema\/logo\/image\/"}}]}},"_links":{"self":[{"href":"https:\/\/www.newtonvaureal.com\/fr\/wp-json\/wp\/v2\/pages\/1911","targetHints":{"allow":["GET"]}}],"collection":[{"href":"https:\/\/www.newtonvaureal.com\/fr\/wp-json\/wp\/v2\/pages"}],"about":[{"href":"https:\/\/www.newtonvaureal.com\/fr\/wp-json\/wp\/v2\/types\/page"}],"author":[{"embeddable":true,"href":"https:\/\/www.newtonvaureal.com\/fr\/wp-json\/wp\/v2\/users\/1"}],"replies":[{"embeddable":true,"href":"https:\/\/www.newtonvaureal.com\/fr\/wp-json\/wp\/v2\/comments?post=1911"}],"version-history":[{"count":9,"href":"https:\/\/www.newtonvaureal.com\/fr\/wp-json\/wp\/v2\/pages\/1911\/revisions"}],"predecessor-version":[{"id":19264,"href":"https:\/\/www.newtonvaureal.com\/fr\/wp-json\/wp\/v2\/pages\/1911\/revisions\/19264"}],"up":[{"embeddable":true,"href":"https:\/\/www.newtonvaureal.com\/fr\/wp-json\/wp\/v2\/pages\/1754"}],"wp:attachment":[{"href":"https:\/\/www.newtonvaureal.com\/fr\/wp-json\/wp\/v2\/media?parent=1911"}],"curies":[{"name":"wp","href":"https:\/\/api.w.org\/{rel}","templated":true}]}}