{"id":1913,"date":"2021-02-12T15:19:14","date_gmt":"2021-02-12T14:19:14","guid":{"rendered":"http:\/\/newton-vaureal.com\/?page_id=1913"},"modified":"2021-08-24T11:53:28","modified_gmt":"2021-08-24T09:53:28","slug":"diagnostic-et-performance","status":"publish","type":"page","link":"https:\/\/www.newtonvaureal.com\/fr\/notre-expertise\/performance-des-operations-de-production\/diagnostic-et-performance\/","title":{"rendered":"Diagnostic et performance"},"content":{"rendered":"\t\t<div data-elementor-type=\"wp-page\" data-elementor-id=\"1913\" class=\"elementor elementor-1913\" data-elementor-post-type=\"page\">\n\t\t\t\t\t\t<section class=\"elementor-section elementor-top-section elementor-element elementor-element-7d018a2d elementor-section-full_width elementor-section-height-min-height elementor-section-content-middle elementor-section-stretched elementor-section-height-default elementor-section-items-middle\" data-id=\"7d018a2d\" data-element_type=\"section\" data-e-type=\"section\" data-settings=\"{&quot;stretch_section&quot;:&quot;section-stretched&quot;,&quot;background_background&quot;:&quot;classic&quot;}\">\n\t\t\t\t\t\t<div class=\"elementor-container elementor-column-gap-default\">\n\t\t\t\t\t<div class=\"elementor-column elementor-col-100 elementor-top-column elementor-element elementor-element-6af0eb58\" data-id=\"6af0eb58\" data-element_type=\"column\" data-e-type=\"column\">\n\t\t\t<div class=\"elementor-widget-wrap elementor-element-populated\">\n\t\t\t\t\t\t\t<\/div>\n\t\t<\/div>\n\t\t\t\t\t<\/div>\n\t\t<\/section>\n\t\t\t\t<section class=\"elementor-section elementor-top-section elementor-element elementor-element-500f6b41 elementor-section-boxed elementor-section-height-default elementor-section-height-default\" data-id=\"500f6b41\" data-element_type=\"section\" data-e-type=\"section\">\n\t\t\t\t\t\t<div class=\"elementor-container elementor-column-gap-default\">\n\t\t\t\t\t<div class=\"elementor-column elementor-col-100 elementor-top-column elementor-element elementor-element-26bfacf1\" data-id=\"26bfacf1\" data-element_type=\"column\" data-e-type=\"column\">\n\t\t\t<div class=\"elementor-widget-wrap elementor-element-populated\">\n\t\t\t\t\t\t<div class=\"elementor-element elementor-element-6a64c505 elementor-widget elementor-widget-text-editor\" data-id=\"6a64c505\" data-element_type=\"widget\" data-e-type=\"widget\" data-widget_type=\"text-editor.default\">\n\t\t\t\t<div class=\"elementor-widget-container\">\n\t\t\t\t\t\t\t\t\t<p><span style=\"font-weight: 400;\">La mise en \u0153uvre d\u2019un plan de performance passe n\u00e9cessairement par la prise en compte des r\u00e9alit\u00e9s et contraintes terrains de fa\u00e7on \u00e0 ne pas b\u00e2tir des plans de performance (productivit\u00e9, taux de service, qualit\u00e9 interne, TCO..) \u201chors sol\u201d ! Cette prise de connaissance des r\u00e9alit\u00e9s op\u00e9rationnelles et de l\u2019identification des leviers d\u2019am\u00e9lioration se fait, lors de la <a href=\"https:\/\/www.newtonvaureal.com\/audit-diagnostic\/diagnostic\/\">phase de diagnostic<\/a> et de p\u00e9rim\u00e9trage du plan de performance afin de s\u2019assurer de la coh\u00e9rence \u201cambitions-culture-moyens\u201d.<\/span><\/p>\t\t\t\t\t\t\t\t<\/div>\n\t\t\t\t<\/div>\n\t\t\t\t\t<\/div>\n\t\t<\/div>\n\t\t\t\t\t<\/div>\n\t\t<\/section>\n\t\t\t\t<section class=\"elementor-section elementor-top-section elementor-element elementor-element-dae348f elementor-section-boxed elementor-section-height-default elementor-section-height-default\" data-id=\"dae348f\" data-element_type=\"section\" data-e-type=\"section\">\n\t\t\t\t\t\t<div class=\"elementor-container elementor-column-gap-default\">\n\t\t\t\t\t<div class=\"elementor-column elementor-col-100 elementor-top-column elementor-element elementor-element-72b0b3d\" data-id=\"72b0b3d\" data-element_type=\"column\" data-e-type=\"column\">\n\t\t\t<div class=\"elementor-widget-wrap elementor-element-populated\">\n\t\t\t\t\t\t<div class=\"elementor-element elementor-element-5a327594 elementor-widget elementor-widget-heading\" data-id=\"5a327594\" data-element_type=\"widget\" data-e-type=\"widget\" data-widget_type=\"heading.default\">\n\t\t\t\t<div class=\"elementor-widget-container\">\n\t\t\t\t\t<h2 class=\"elementor-heading-title elementor-size-default\">Notre cabinet de conseil intervient dans diff\u00e9rents secteurs<\/h2>\t\t\t\t<\/div>\n\t\t\t\t<\/div>\n\t\t\t\t\t<\/div>\n\t\t<\/div>\n\t\t\t\t\t<\/div>\n\t\t<\/section>\n\t\t\t\t<section class=\"elementor-section elementor-top-section elementor-element elementor-element-4d557703 elementor-section-boxed elementor-section-height-default elementor-section-height-default\" data-id=\"4d557703\" data-element_type=\"section\" data-e-type=\"section\">\n\t\t\t\t\t\t<div class=\"elementor-container elementor-column-gap-default\">\n\t\t\t\t\t<div class=\"elementor-column elementor-col-33 elementor-top-column elementor-element elementor-element-6ac2b99e\" data-id=\"6ac2b99e\" data-element_type=\"column\" data-e-type=\"column\">\n\t\t\t<div class=\"elementor-widget-wrap elementor-element-populated\">\n\t\t\t\t\t\t<div class=\"elementor-element elementor-element-48d258bd elementor-widget elementor-widget-heading\" data-id=\"48d258bd\" data-element_type=\"widget\" data-e-type=\"widget\" data-widget_type=\"heading.default\">\n\t\t\t\t<div class=\"elementor-widget-container\">\n\t\t\t\t\t<h3 class=\"elementor-heading-title elementor-size-default\"><a href=\"https:\/\/www.newtonvaureal.com\/\/secteurs\/distribution\/\">Distribution<\/a><\/h3>\t\t\t\t<\/div>\n\t\t\t\t<\/div>\n\t\t\t\t<div class=\"elementor-element elementor-element-4ea00d83 elementor-widget elementor-widget-image\" data-id=\"4ea00d83\" data-element_type=\"widget\" data-e-type=\"widget\" data-widget_type=\"image.default\">\n\t\t\t\t<div class=\"elementor-widget-container\">\n\t\t\t\t\t\t\t\t\t\t\t\t\t\t\t\t<a href=\"https:\/\/www.newtonvaureal.com\/\/secteurs\/distribution\/\">\n\t\t\t\t\t\t\t<img fetchpriority=\"high\" decoding=\"async\" width=\"640\" height=\"400\" src=\"https:\/\/www.newtonvaureal.com\/wp-content\/uploads\/2021\/07\/distribution-640x400.jpg\" class=\"attachment-onepress-medium size-onepress-medium wp-image-6156\" alt=\"\" srcset=\"https:\/\/www.newtonvaureal.com\/wp-content\/uploads\/2021\/07\/distribution-640x400.jpg 640w, https:\/\/www.newtonvaureal.com\/wp-content\/uploads\/2021\/07\/distribution-480x300.jpg 480w\" sizes=\"(max-width: 640px) 100vw, 640px\" \/>\t\t\t\t\t\t\t\t<\/a>\n\t\t\t\t\t\t\t\t\t\t\t\t\t\t\t<\/div>\n\t\t\t\t<\/div>\n\t\t\t\t<div class=\"elementor-element elementor-element-5bfeda7f elementor-widget elementor-widget-text-editor\" data-id=\"5bfeda7f\" data-element_type=\"widget\" data-e-type=\"widget\" data-widget_type=\"text-editor.default\">\n\t\t\t\t<div class=\"elementor-widget-container\">\n\t\t\t\t\t\t\t\t\t<p>Grands groupes, Institutions, PME, nous disposons des ressources pouvant accompagner des entreprises de toute taille et en toute circonstance (de la vision long terme \u00e0 l\u2019accompagnement en situation de crise)<\/p>\t\t\t\t\t\t\t\t<\/div>\n\t\t\t\t<\/div>\n\t\t\t\t\t<\/div>\n\t\t<\/div>\n\t\t\t\t<div class=\"elementor-column elementor-col-33 elementor-top-column elementor-element elementor-element-3d97095\" data-id=\"3d97095\" data-element_type=\"column\" data-e-type=\"column\">\n\t\t\t<div class=\"elementor-widget-wrap elementor-element-populated\">\n\t\t\t\t\t\t<div class=\"elementor-element elementor-element-4b77372e elementor-widget elementor-widget-heading\" data-id=\"4b77372e\" data-element_type=\"widget\" data-e-type=\"widget\" data-widget_type=\"heading.default\">\n\t\t\t\t<div class=\"elementor-widget-container\">\n\t\t\t\t\t<h3 class=\"elementor-heading-title elementor-size-default\"><a href=\"https:\/\/www.newtonvaureal.com\/\/secteurs\/industrie\/\">Industrie<\/a><\/h3>\t\t\t\t<\/div>\n\t\t\t\t<\/div>\n\t\t\t\t<div class=\"elementor-element elementor-element-4ac67697 elementor-widget elementor-widget-image\" data-id=\"4ac67697\" data-element_type=\"widget\" data-e-type=\"widget\" data-widget_type=\"image.default\">\n\t\t\t\t<div class=\"elementor-widget-container\">\n\t\t\t\t\t\t\t\t\t\t\t\t\t\t\t\t<a href=\"https:\/\/www.newtonvaureal.com\/\/secteurs\/industrie\/\">\n\t\t\t\t\t\t\t<img decoding=\"async\" width=\"640\" height=\"400\" data-src=\"https:\/\/www.newtonvaureal.com\/wp-content\/uploads\/2021\/07\/Industries-5-640x400-1-640x400.jpg\" class=\"attachment-onepress-medium size-onepress-medium wp-image-6406 lazyload\" alt=\"\" data-srcset=\"https:\/\/www.newtonvaureal.com\/wp-content\/uploads\/2021\/07\/Industries-5-640x400-1.jpg 640w, https:\/\/www.newtonvaureal.com\/wp-content\/uploads\/2021\/07\/Industries-5-640x400-1-300x188.jpg 300w, https:\/\/www.newtonvaureal.com\/wp-content\/uploads\/2021\/07\/Industries-5-640x400-1-480x300.jpg 480w\" data-sizes=\"(max-width: 640px) 100vw, 640px\" src=\"data:image\/svg+xml;base64,PHN2ZyB3aWR0aD0iMSIgaGVpZ2h0PSIxIiB4bWxucz0iaHR0cDovL3d3dy53My5vcmcvMjAwMC9zdmciPjwvc3ZnPg==\" style=\"--smush-placeholder-width: 640px; --smush-placeholder-aspect-ratio: 640\/400;\" \/>\t\t\t\t\t\t\t\t<\/a>\n\t\t\t\t\t\t\t\t\t\t\t\t\t\t\t<\/div>\n\t\t\t\t<\/div>\n\t\t\t\t<div class=\"elementor-element elementor-element-29ec635c elementor-widget elementor-widget-text-editor\" data-id=\"29ec635c\" data-element_type=\"widget\" data-e-type=\"widget\" data-widget_type=\"text-editor.default\">\n\t\t\t\t<div class=\"elementor-widget-container\">\n\t\t\t\t\t\t\t\t\t<p>La Supply Chain rentre de plain-pied dans les sites industriels. La gestion des approvisionnements des sites n\u00e9cessite une meilleure collaboration avec les fournisseurs, une int\u00e9gration des cours d\u2019usine dans la chaine des flux<\/p>\t\t\t\t\t\t\t\t<\/div>\n\t\t\t\t<\/div>\n\t\t\t\t\t<\/div>\n\t\t<\/div>\n\t\t\t\t<div class=\"elementor-column elementor-col-33 elementor-top-column elementor-element elementor-element-6c7be7de\" data-id=\"6c7be7de\" data-element_type=\"column\" data-e-type=\"column\">\n\t\t\t<div class=\"elementor-widget-wrap elementor-element-populated\">\n\t\t\t\t\t\t<div class=\"elementor-element elementor-element-713e786d elementor-widget elementor-widget-heading\" data-id=\"713e786d\" data-element_type=\"widget\" data-e-type=\"widget\" data-widget_type=\"heading.default\">\n\t\t\t\t<div class=\"elementor-widget-container\">\n\t\t\t\t\t<h3 class=\"elementor-heading-title elementor-size-default\"><a href=\"https:\/\/www.newtonvaureal.com\/\/secteurs\/institutions-publiques-et-collectivites\/\">Institutions publiques et collectivit\u00e9s<\/a><\/h3>\t\t\t\t<\/div>\n\t\t\t\t<\/div>\n\t\t\t\t<div class=\"elementor-element elementor-element-6abfa816 elementor-widget elementor-widget-image\" data-id=\"6abfa816\" data-element_type=\"widget\" data-e-type=\"widget\" data-widget_type=\"image.default\">\n\t\t\t\t<div class=\"elementor-widget-container\">\n\t\t\t\t\t\t\t\t\t\t\t\t\t\t\t\t<a href=\"https:\/\/www.newtonvaureal.com\/\/secteurs\/institutions-publiques-et-collectivites\/\">\n\t\t\t\t\t\t\t<img decoding=\"async\" width=\"356\" height=\"400\" data-src=\"https:\/\/www.newtonvaureal.com\/wp-content\/uploads\/2021\/07\/Institutions-publiques-collectivites-hp.jpg\" class=\"attachment-onepress-medium size-onepress-medium wp-image-6407 lazyload\" alt=\"\" data-srcset=\"https:\/\/www.newtonvaureal.com\/wp-content\/uploads\/2021\/07\/Institutions-publiques-collectivites-hp.jpg 356w, https:\/\/www.newtonvaureal.com\/wp-content\/uploads\/2021\/07\/Institutions-publiques-collectivites-hp-267x300.jpg 267w\" data-sizes=\"(max-width: 356px) 100vw, 356px\" src=\"data:image\/svg+xml;base64,PHN2ZyB3aWR0aD0iMSIgaGVpZ2h0PSIxIiB4bWxucz0iaHR0cDovL3d3dy53My5vcmcvMjAwMC9zdmciPjwvc3ZnPg==\" style=\"--smush-placeholder-width: 356px; --smush-placeholder-aspect-ratio: 356\/400;\" \/>\t\t\t\t\t\t\t\t<\/a>\n\t\t\t\t\t\t\t\t\t\t\t\t\t\t\t<\/div>\n\t\t\t\t<\/div>\n\t\t\t\t<div class=\"elementor-element elementor-element-2dd784c elementor-widget elementor-widget-text-editor\" data-id=\"2dd784c\" data-element_type=\"widget\" data-e-type=\"widget\" data-widget_type=\"text-editor.default\">\n\t\t\t\t<div class=\"elementor-widget-container\">\n\t\t\t\t\t\t\t\t\t<p>Nos interventions sont tourn\u00e9es sur des probl\u00e9matiques d\u2019organisation et de gestion des flux physiques ou sur des \u00e9tudes prospectives li\u00e9es aux territoires. Nos domaines d\u2019intervention portent sur la logistique urbaine, le report modal ou l\u2019empreinte carbone.<\/p>\t\t\t\t\t\t\t\t<\/div>\n\t\t\t\t<\/div>\n\t\t\t\t\t<\/div>\n\t\t<\/div>\n\t\t\t\t\t<\/div>\n\t\t<\/section>\n\t\t\t\t<\/div>\n\t\t","protected":false},"excerpt":{"rendered":"<p>La mise en \u0153uvre d\u2019un plan de performance passe n\u00e9cessairement par la prise en compte des r\u00e9alit\u00e9s et contraintes terrains de fa\u00e7on \u00e0 ne pas b\u00e2tir des plans de performance &#8230;<\/p>\n","protected":false},"author":1,"featured_media":0,"parent":1754,"menu_order":0,"comment_status":"closed","ping_status":"closed","template":"","meta":{"_acf_changed":false,"footnotes":""},"class_list":["post-1913","page","type-page","status-publish","hentry"],"acf":[],"yoast_head":"<!-- This site is optimized with the Yoast SEO plugin v27.0 - https:\/\/yoast.com\/product\/yoast-seo-wordpress\/ -->\n<title>Performance des processus - Newton. Vaureal<\/title>\n<meta name=\"description\" content=\"Experts en gestion des op\u00e9rations de production, faites appel \u00e0 Newton.Vaureal pour poser le diagnostic et un plan de performance adapt\u00e9 \u00e0 vos probl\u00e9matiques.\" \/>\n<meta name=\"robots\" content=\"index, follow, max-snippet:-1, max-image-preview:large, max-video-preview:-1\" \/>\n<link rel=\"canonical\" href=\"https:\/\/www.newtonvaureal.com\/fr\/notre-expertise\/performance-des-operations-de-production\/diagnostic-et-performance\/\" \/>\n<meta property=\"og:locale\" content=\"fr_FR\" \/>\n<meta property=\"og:type\" content=\"article\" \/>\n<meta property=\"og:title\" content=\"Performance des processus - Newton. Vaureal\" \/>\n<meta property=\"og:description\" content=\"Experts en gestion des op\u00e9rations de production, faites appel \u00e0 Newton.Vaureal pour poser le diagnostic et un plan de performance adapt\u00e9 \u00e0 vos probl\u00e9matiques.\" \/>\n<meta property=\"og:url\" content=\"https:\/\/www.newtonvaureal.com\/fr\/notre-expertise\/performance-des-operations-de-production\/diagnostic-et-performance\/\" \/>\n<meta property=\"og:site_name\" content=\"Newton.Vaureal Consulting\" \/>\n<meta property=\"article:modified_time\" content=\"2021-08-24T09:53:28+00:00\" \/>\n<meta property=\"og:image\" content=\"https:\/\/www.newtonvaureal.com\/wp-content\/uploads\/2021\/07\/distribution-640x400.jpg\" \/>\n<meta name=\"twitter:card\" content=\"summary_large_image\" \/>\n<script type=\"application\/ld+json\" class=\"yoast-schema-graph\">{\"@context\":\"https:\/\/schema.org\",\"@graph\":[{\"@type\":\"WebPage\",\"@id\":\"https:\/\/www.newtonvaureal.com\/fr\/notre-expertise\/performance-des-operations-de-production\/diagnostic-et-performance\/\",\"url\":\"https:\/\/www.newtonvaureal.com\/fr\/notre-expertise\/performance-des-operations-de-production\/diagnostic-et-performance\/\",\"name\":\"Performance des processus - Newton. Vaureal\",\"isPartOf\":{\"@id\":\"https:\/\/www.newtonvaureal.com\/fr\/#website\"},\"primaryImageOfPage\":{\"@id\":\"https:\/\/www.newtonvaureal.com\/fr\/notre-expertise\/performance-des-operations-de-production\/diagnostic-et-performance\/#primaryimage\"},\"image\":{\"@id\":\"https:\/\/www.newtonvaureal.com\/fr\/notre-expertise\/performance-des-operations-de-production\/diagnostic-et-performance\/#primaryimage\"},\"thumbnailUrl\":\"https:\/\/www.newtonvaureal.com\/wp-content\/uploads\/2021\/07\/distribution-640x400.jpg\",\"datePublished\":\"2021-02-12T14:19:14+00:00\",\"dateModified\":\"2021-08-24T09:53:28+00:00\",\"description\":\"Experts en gestion des op\u00e9rations de production, faites appel \u00e0 Newton.Vaureal pour poser le diagnostic et un plan de performance adapt\u00e9 \u00e0 vos probl\u00e9matiques.\",\"breadcrumb\":{\"@id\":\"https:\/\/www.newtonvaureal.com\/fr\/notre-expertise\/performance-des-operations-de-production\/diagnostic-et-performance\/#breadcrumb\"},\"inLanguage\":\"fr-FR\",\"potentialAction\":[{\"@type\":\"ReadAction\",\"target\":[\"https:\/\/www.newtonvaureal.com\/fr\/notre-expertise\/performance-des-operations-de-production\/diagnostic-et-performance\/\"]}]},{\"@type\":\"ImageObject\",\"inLanguage\":\"fr-FR\",\"@id\":\"https:\/\/www.newtonvaureal.com\/fr\/notre-expertise\/performance-des-operations-de-production\/diagnostic-et-performance\/#primaryimage\",\"url\":\"https:\/\/www.newtonvaureal.com\/wp-content\/uploads\/2021\/07\/distribution-640x400.jpg\",\"contentUrl\":\"https:\/\/www.newtonvaureal.com\/wp-content\/uploads\/2021\/07\/distribution-640x400.jpg\"},{\"@type\":\"BreadcrumbList\",\"@id\":\"https:\/\/www.newtonvaureal.com\/fr\/notre-expertise\/performance-des-operations-de-production\/diagnostic-et-performance\/#breadcrumb\",\"itemListElement\":[{\"@type\":\"ListItem\",\"position\":1,\"name\":\"Accueil\",\"item\":\"https:\/\/www.newtonvaureal.com\/fr\/\"},{\"@type\":\"ListItem\",\"position\":2,\"name\":\"Notre expertise\",\"item\":\"https:\/\/www.newtonvaureal.com\/fr\/notre-expertise\/\"},{\"@type\":\"ListItem\",\"position\":3,\"name\":\"Performance des op\u00e9rations\",\"item\":\"https:\/\/www.newtonvaureal.com\/fr\/notre-expertise\/performance-des-operations-de-production\/\"},{\"@type\":\"ListItem\",\"position\":4,\"name\":\"Diagnostic et performance\"}]},{\"@type\":\"WebSite\",\"@id\":\"https:\/\/www.newtonvaureal.com\/fr\/#website\",\"url\":\"https:\/\/www.newtonvaureal.com\/fr\/\",\"name\":\"Newton.Vaureal Consulting\",\"description\":\"\",\"publisher\":{\"@id\":\"https:\/\/www.newtonvaureal.com\/fr\/#organization\"},\"potentialAction\":[{\"@type\":\"SearchAction\",\"target\":{\"@type\":\"EntryPoint\",\"urlTemplate\":\"https:\/\/www.newtonvaureal.com\/fr\/?s={search_term_string}\"},\"query-input\":{\"@type\":\"PropertyValueSpecification\",\"valueRequired\":true,\"valueName\":\"search_term_string\"}}],\"inLanguage\":\"fr-FR\"},{\"@type\":\"Organization\",\"@id\":\"https:\/\/www.newtonvaureal.com\/fr\/#organization\",\"name\":\"Newton.Vaureal consulting\",\"url\":\"https:\/\/www.newtonvaureal.com\/fr\/\",\"logo\":{\"@type\":\"ImageObject\",\"inLanguage\":\"fr-FR\",\"@id\":\"https:\/\/www.newtonvaureal.com\/fr\/#\/schema\/logo\/image\/\",\"url\":\"https:\/\/www.newtonvaureal.com\/wp-content\/uploads\/2021\/07\/logo_newton-eurogroup-blanc-21.png\",\"contentUrl\":\"https:\/\/www.newtonvaureal.com\/wp-content\/uploads\/2021\/07\/logo_newton-eurogroup-blanc-21.png\",\"width\":200,\"height\":79,\"caption\":\"Newton.Vaureal consulting\"},\"image\":{\"@id\":\"https:\/\/www.newtonvaureal.com\/fr\/#\/schema\/logo\/image\/\"}}]}<\/script>\n<!-- \/ Yoast SEO plugin. -->","yoast_head_json":{"title":"Performance des processus - Newton. Vaureal","description":"Experts en gestion des op\u00e9rations de production, faites appel \u00e0 Newton.Vaureal pour poser le diagnostic et un plan de performance adapt\u00e9 \u00e0 vos probl\u00e9matiques.","robots":{"index":"index","follow":"follow","max-snippet":"max-snippet:-1","max-image-preview":"max-image-preview:large","max-video-preview":"max-video-preview:-1"},"canonical":"https:\/\/www.newtonvaureal.com\/fr\/notre-expertise\/performance-des-operations-de-production\/diagnostic-et-performance\/","og_locale":"fr_FR","og_type":"article","og_title":"Performance des processus - Newton. Vaureal","og_description":"Experts en gestion des op\u00e9rations de production, faites appel \u00e0 Newton.Vaureal pour poser le diagnostic et un plan de performance adapt\u00e9 \u00e0 vos probl\u00e9matiques.","og_url":"https:\/\/www.newtonvaureal.com\/fr\/notre-expertise\/performance-des-operations-de-production\/diagnostic-et-performance\/","og_site_name":"Newton.Vaureal Consulting","article_modified_time":"2021-08-24T09:53:28+00:00","og_image":[{"url":"https:\/\/www.newtonvaureal.com\/wp-content\/uploads\/2021\/07\/distribution-640x400.jpg","type":"","width":"","height":""}],"twitter_card":"summary_large_image","schema":{"@context":"https:\/\/schema.org","@graph":[{"@type":"WebPage","@id":"https:\/\/www.newtonvaureal.com\/fr\/notre-expertise\/performance-des-operations-de-production\/diagnostic-et-performance\/","url":"https:\/\/www.newtonvaureal.com\/fr\/notre-expertise\/performance-des-operations-de-production\/diagnostic-et-performance\/","name":"Performance des processus - Newton. Vaureal","isPartOf":{"@id":"https:\/\/www.newtonvaureal.com\/fr\/#website"},"primaryImageOfPage":{"@id":"https:\/\/www.newtonvaureal.com\/fr\/notre-expertise\/performance-des-operations-de-production\/diagnostic-et-performance\/#primaryimage"},"image":{"@id":"https:\/\/www.newtonvaureal.com\/fr\/notre-expertise\/performance-des-operations-de-production\/diagnostic-et-performance\/#primaryimage"},"thumbnailUrl":"https:\/\/www.newtonvaureal.com\/wp-content\/uploads\/2021\/07\/distribution-640x400.jpg","datePublished":"2021-02-12T14:19:14+00:00","dateModified":"2021-08-24T09:53:28+00:00","description":"Experts en gestion des op\u00e9rations de production, faites appel \u00e0 Newton.Vaureal pour poser le diagnostic et un plan de performance adapt\u00e9 \u00e0 vos probl\u00e9matiques.","breadcrumb":{"@id":"https:\/\/www.newtonvaureal.com\/fr\/notre-expertise\/performance-des-operations-de-production\/diagnostic-et-performance\/#breadcrumb"},"inLanguage":"fr-FR","potentialAction":[{"@type":"ReadAction","target":["https:\/\/www.newtonvaureal.com\/fr\/notre-expertise\/performance-des-operations-de-production\/diagnostic-et-performance\/"]}]},{"@type":"ImageObject","inLanguage":"fr-FR","@id":"https:\/\/www.newtonvaureal.com\/fr\/notre-expertise\/performance-des-operations-de-production\/diagnostic-et-performance\/#primaryimage","url":"https:\/\/www.newtonvaureal.com\/wp-content\/uploads\/2021\/07\/distribution-640x400.jpg","contentUrl":"https:\/\/www.newtonvaureal.com\/wp-content\/uploads\/2021\/07\/distribution-640x400.jpg"},{"@type":"BreadcrumbList","@id":"https:\/\/www.newtonvaureal.com\/fr\/notre-expertise\/performance-des-operations-de-production\/diagnostic-et-performance\/#breadcrumb","itemListElement":[{"@type":"ListItem","position":1,"name":"Accueil","item":"https:\/\/www.newtonvaureal.com\/fr\/"},{"@type":"ListItem","position":2,"name":"Notre expertise","item":"https:\/\/www.newtonvaureal.com\/fr\/notre-expertise\/"},{"@type":"ListItem","position":3,"name":"Performance des op\u00e9rations","item":"https:\/\/www.newtonvaureal.com\/fr\/notre-expertise\/performance-des-operations-de-production\/"},{"@type":"ListItem","position":4,"name":"Diagnostic et performance"}]},{"@type":"WebSite","@id":"https:\/\/www.newtonvaureal.com\/fr\/#website","url":"https:\/\/www.newtonvaureal.com\/fr\/","name":"Newton.Vaureal Consulting","description":"","publisher":{"@id":"https:\/\/www.newtonvaureal.com\/fr\/#organization"},"potentialAction":[{"@type":"SearchAction","target":{"@type":"EntryPoint","urlTemplate":"https:\/\/www.newtonvaureal.com\/fr\/?s={search_term_string}"},"query-input":{"@type":"PropertyValueSpecification","valueRequired":true,"valueName":"search_term_string"}}],"inLanguage":"fr-FR"},{"@type":"Organization","@id":"https:\/\/www.newtonvaureal.com\/fr\/#organization","name":"Newton.Vaureal consulting","url":"https:\/\/www.newtonvaureal.com\/fr\/","logo":{"@type":"ImageObject","inLanguage":"fr-FR","@id":"https:\/\/www.newtonvaureal.com\/fr\/#\/schema\/logo\/image\/","url":"https:\/\/www.newtonvaureal.com\/wp-content\/uploads\/2021\/07\/logo_newton-eurogroup-blanc-21.png","contentUrl":"https:\/\/www.newtonvaureal.com\/wp-content\/uploads\/2021\/07\/logo_newton-eurogroup-blanc-21.png","width":200,"height":79,"caption":"Newton.Vaureal consulting"},"image":{"@id":"https:\/\/www.newtonvaureal.com\/fr\/#\/schema\/logo\/image\/"}}]}},"_links":{"self":[{"href":"https:\/\/www.newtonvaureal.com\/fr\/wp-json\/wp\/v2\/pages\/1913","targetHints":{"allow":["GET"]}}],"collection":[{"href":"https:\/\/www.newtonvaureal.com\/fr\/wp-json\/wp\/v2\/pages"}],"about":[{"href":"https:\/\/www.newtonvaureal.com\/fr\/wp-json\/wp\/v2\/types\/page"}],"author":[{"embeddable":true,"href":"https:\/\/www.newtonvaureal.com\/fr\/wp-json\/wp\/v2\/users\/1"}],"replies":[{"embeddable":true,"href":"https:\/\/www.newtonvaureal.com\/fr\/wp-json\/wp\/v2\/comments?post=1913"}],"version-history":[{"count":6,"href":"https:\/\/www.newtonvaureal.com\/fr\/wp-json\/wp\/v2\/pages\/1913\/revisions"}],"predecessor-version":[{"id":7242,"href":"https:\/\/www.newtonvaureal.com\/fr\/wp-json\/wp\/v2\/pages\/1913\/revisions\/7242"}],"up":[{"embeddable":true,"href":"https:\/\/www.newtonvaureal.com\/fr\/wp-json\/wp\/v2\/pages\/1754"}],"wp:attachment":[{"href":"https:\/\/www.newtonvaureal.com\/fr\/wp-json\/wp\/v2\/media?parent=1913"}],"curies":[{"name":"wp","href":"https:\/\/api.w.org\/{rel}","templated":true}]}}