{"id":1946,"date":"2021-02-12T15:30:37","date_gmt":"2021-02-12T14:30:37","guid":{"rendered":"http:\/\/newton-vaureal.com\/?page_id=1946"},"modified":"2024-05-24T13:56:59","modified_gmt":"2024-05-24T11:56:59","slug":"amelioration-des-processus-achats","status":"publish","type":"page","link":"https:\/\/www.newtonvaureal.com\/fr\/notre-expertise\/supply-chain-sop-schema-directeur\/amelioration-des-processus-achats\/","title":{"rendered":"Am\u00e9lioration des processus achats"},"content":{"rendered":"\t\t<div data-elementor-type=\"wp-page\" data-elementor-id=\"1946\" class=\"elementor elementor-1946\" data-elementor-post-type=\"page\">\n\t\t\t\t\t\t<section class=\"elementor-section elementor-top-section elementor-element elementor-element-1b061170 elementor-section-full_width elementor-section-height-min-height elementor-section-content-middle elementor-section-stretched elementor-section-height-default elementor-section-items-middle\" data-id=\"1b061170\" data-element_type=\"section\" data-e-type=\"section\" data-settings=\"{&quot;stretch_section&quot;:&quot;section-stretched&quot;,&quot;background_background&quot;:&quot;classic&quot;}\">\n\t\t\t\t\t\t<div class=\"elementor-container elementor-column-gap-default\">\n\t\t\t\t\t<div class=\"elementor-column elementor-col-100 elementor-top-column elementor-element elementor-element-5b8b810\" data-id=\"5b8b810\" data-element_type=\"column\" data-e-type=\"column\">\n\t\t\t<div class=\"elementor-widget-wrap elementor-element-populated\">\n\t\t\t\t\t\t\t<\/div>\n\t\t<\/div>\n\t\t\t\t\t<\/div>\n\t\t<\/section>\n\t\t\t\t<section class=\"elementor-section elementor-top-section elementor-element elementor-element-61e581c elementor-section-boxed elementor-section-height-default elementor-section-height-default\" data-id=\"61e581c\" data-element_type=\"section\" data-e-type=\"section\">\n\t\t\t\t\t\t<div class=\"elementor-container elementor-column-gap-default\">\n\t\t\t\t\t<div class=\"elementor-column elementor-col-100 elementor-top-column elementor-element elementor-element-4330ad2\" data-id=\"4330ad2\" data-element_type=\"column\" data-e-type=\"column\">\n\t\t\t<div class=\"elementor-widget-wrap elementor-element-populated\">\n\t\t\t\t\t\t<div class=\"elementor-element elementor-element-5e8dfef elementor-widget elementor-widget-text-editor\" data-id=\"5e8dfef\" data-element_type=\"widget\" data-e-type=\"widget\" data-widget_type=\"text-editor.default\">\n\t\t\t\t<div class=\"elementor-widget-container\">\n\t\t\t\t\t\t\t\t\t<p><span style=\"font-weight: 400;\">Nous appliquons tout notre savoir-faire dans le domaine de l\u2019am\u00e9lioration et du r\u00e9-engineering de processus \u00e0 ceux qui portent sur le domaine des achats : r\u00e9f\u00e9rencement fournisseur, appel d\u2019offres, r\u00e8glement facture, contr\u00f4le qualit\u00e9,&#8230;<\/span><\/p>\n<p><span style=\"font-weight: 400;\">Ce travail porte sur la cartographie formalis\u00e9e des processus de telle mani\u00e8re \u00e0 cr\u00e9er le \u00ab lieu commun \u00bb de la discussion critique pour identifier <a href=\"https:\/\/www.newtonvaureal.com\/audit-diagnostic\/audit\/\">les dysfonctionnements issus de l\u2019audit<\/a> (\u00e9cart entre l\u2019application et la r\u00e8gle) et les points d\u2019am\u00e9lioration en tenant compte des meilleures pratiques (benchmark).<\/span><\/p>\t\t\t\t\t\t\t\t<\/div>\n\t\t\t\t<\/div>\n\t\t\t\t\t<\/div>\n\t\t<\/div>\n\t\t\t\t\t<\/div>\n\t\t<\/section>\n\t\t\t\t<section class=\"elementor-section elementor-top-section elementor-element elementor-element-190d8c63 elementor-section-boxed elementor-section-height-default elementor-section-height-default\" data-id=\"190d8c63\" data-element_type=\"section\" data-e-type=\"section\">\n\t\t\t\t\t\t<div class=\"elementor-container elementor-column-gap-default\">\n\t\t\t\t\t<div class=\"elementor-column elementor-col-100 elementor-top-column elementor-element elementor-element-10569c75\" data-id=\"10569c75\" data-element_type=\"column\" data-e-type=\"column\">\n\t\t\t<div class=\"elementor-widget-wrap elementor-element-populated\">\n\t\t\t\t\t\t<div class=\"elementor-element elementor-element-4e29be9b elementor-widget elementor-widget-heading\" data-id=\"4e29be9b\" data-element_type=\"widget\" data-e-type=\"widget\" data-widget_type=\"heading.default\">\n\t\t\t\t<div class=\"elementor-widget-container\">\n\t\t\t\t\t<h2 class=\"elementor-heading-title elementor-size-default\">Notre cabinet de conseil intervient dans diff\u00e9rents secteurs<\/h2>\t\t\t\t<\/div>\n\t\t\t\t<\/div>\n\t\t\t\t\t<\/div>\n\t\t<\/div>\n\t\t\t\t\t<\/div>\n\t\t<\/section>\n\t\t\t\t<section class=\"elementor-section elementor-top-section elementor-element elementor-element-70083e0c elementor-section-boxed elementor-section-height-default elementor-section-height-default\" data-id=\"70083e0c\" data-element_type=\"section\" data-e-type=\"section\">\n\t\t\t\t\t\t<div class=\"elementor-container elementor-column-gap-default\">\n\t\t\t\t\t<div class=\"elementor-column elementor-col-33 elementor-top-column elementor-element elementor-element-83882f9\" data-id=\"83882f9\" data-element_type=\"column\" data-e-type=\"column\">\n\t\t\t<div class=\"elementor-widget-wrap elementor-element-populated\">\n\t\t\t\t\t\t<div class=\"elementor-element elementor-element-141bac9c elementor-widget elementor-widget-heading\" data-id=\"141bac9c\" data-element_type=\"widget\" data-e-type=\"widget\" data-widget_type=\"heading.default\">\n\t\t\t\t<div class=\"elementor-widget-container\">\n\t\t\t\t\t<h3 class=\"elementor-heading-title elementor-size-default\"><a href=\"https:\/\/www.newtonvaureal.com\/\/secteurs\/distribution\/\">Distribution<\/a><\/h3>\t\t\t\t<\/div>\n\t\t\t\t<\/div>\n\t\t\t\t<div class=\"elementor-element elementor-element-6021c09e elementor-widget elementor-widget-image\" data-id=\"6021c09e\" data-element_type=\"widget\" data-e-type=\"widget\" data-widget_type=\"image.default\">\n\t\t\t\t<div class=\"elementor-widget-container\">\n\t\t\t\t\t\t\t\t\t\t\t\t\t\t\t\t<a href=\"https:\/\/www.newtonvaureal.com\/\/secteurs\/distribution\/\">\n\t\t\t\t\t\t\t<img fetchpriority=\"high\" decoding=\"async\" width=\"640\" height=\"400\" src=\"https:\/\/www.newtonvaureal.com\/wp-content\/uploads\/2021\/07\/distribution-640x400.jpg\" class=\"attachment-onepress-medium size-onepress-medium wp-image-6156\" alt=\"\" srcset=\"https:\/\/www.newtonvaureal.com\/wp-content\/uploads\/2021\/07\/distribution-640x400.jpg 640w, https:\/\/www.newtonvaureal.com\/wp-content\/uploads\/2021\/07\/distribution-480x300.jpg 480w\" sizes=\"(max-width: 640px) 100vw, 640px\" \/>\t\t\t\t\t\t\t\t<\/a>\n\t\t\t\t\t\t\t\t\t\t\t\t\t\t\t<\/div>\n\t\t\t\t<\/div>\n\t\t\t\t<div class=\"elementor-element elementor-element-511782c elementor-widget elementor-widget-text-editor\" data-id=\"511782c\" data-element_type=\"widget\" data-e-type=\"widget\" data-widget_type=\"text-editor.default\">\n\t\t\t\t<div class=\"elementor-widget-container\">\n\t\t\t\t\t\t\t\t\t<p>Grands groupes, Institutions, PME, nous disposons des ressources pouvant accompagner des entreprises de toute taille et en toute circonstance (de la vision long terme \u00e0 l\u2019accompagnement en situation de crise)<\/p>\t\t\t\t\t\t\t\t<\/div>\n\t\t\t\t<\/div>\n\t\t\t\t\t<\/div>\n\t\t<\/div>\n\t\t\t\t<div class=\"elementor-column elementor-col-33 elementor-top-column elementor-element elementor-element-4c2f8a41\" data-id=\"4c2f8a41\" data-element_type=\"column\" data-e-type=\"column\">\n\t\t\t<div class=\"elementor-widget-wrap elementor-element-populated\">\n\t\t\t\t\t\t<div class=\"elementor-element elementor-element-6a477b7b elementor-widget elementor-widget-heading\" data-id=\"6a477b7b\" data-element_type=\"widget\" data-e-type=\"widget\" data-widget_type=\"heading.default\">\n\t\t\t\t<div class=\"elementor-widget-container\">\n\t\t\t\t\t<h3 class=\"elementor-heading-title elementor-size-default\"><a href=\"https:\/\/www.newtonvaureal.com\/\/secteurs\/industrie\/\">Industrie<\/a><\/h3>\t\t\t\t<\/div>\n\t\t\t\t<\/div>\n\t\t\t\t<div class=\"elementor-element elementor-element-12ac4f30 elementor-widget elementor-widget-image\" data-id=\"12ac4f30\" data-element_type=\"widget\" data-e-type=\"widget\" data-widget_type=\"image.default\">\n\t\t\t\t<div class=\"elementor-widget-container\">\n\t\t\t\t\t\t\t\t\t\t\t\t\t\t\t\t<a href=\"https:\/\/www.newtonvaureal.com\/\/secteurs\/industrie\/\">\n\t\t\t\t\t\t\t<img decoding=\"async\" width=\"640\" height=\"400\" data-src=\"https:\/\/www.newtonvaureal.com\/wp-content\/uploads\/2021\/07\/Industries-5-640x400-1-640x400.jpg\" class=\"attachment-onepress-medium size-onepress-medium wp-image-6406 lazyload\" alt=\"\" data-srcset=\"https:\/\/www.newtonvaureal.com\/wp-content\/uploads\/2021\/07\/Industries-5-640x400-1.jpg 640w, https:\/\/www.newtonvaureal.com\/wp-content\/uploads\/2021\/07\/Industries-5-640x400-1-300x188.jpg 300w, https:\/\/www.newtonvaureal.com\/wp-content\/uploads\/2021\/07\/Industries-5-640x400-1-480x300.jpg 480w\" data-sizes=\"(max-width: 640px) 100vw, 640px\" src=\"data:image\/svg+xml;base64,PHN2ZyB3aWR0aD0iMSIgaGVpZ2h0PSIxIiB4bWxucz0iaHR0cDovL3d3dy53My5vcmcvMjAwMC9zdmciPjwvc3ZnPg==\" style=\"--smush-placeholder-width: 640px; --smush-placeholder-aspect-ratio: 640\/400;\" \/>\t\t\t\t\t\t\t\t<\/a>\n\t\t\t\t\t\t\t\t\t\t\t\t\t\t\t<\/div>\n\t\t\t\t<\/div>\n\t\t\t\t<div class=\"elementor-element elementor-element-3f29af72 elementor-widget elementor-widget-text-editor\" data-id=\"3f29af72\" data-element_type=\"widget\" data-e-type=\"widget\" data-widget_type=\"text-editor.default\">\n\t\t\t\t<div class=\"elementor-widget-container\">\n\t\t\t\t\t\t\t\t\t<p>La Supply Chain rentre de plain-pied dans les sites industriels. La gestion des approvisionnements des sites n\u00e9cessite une meilleure collaboration avec les fournisseurs, une int\u00e9gration des cours d\u2019usine dans la chaine des flux<\/p>\t\t\t\t\t\t\t\t<\/div>\n\t\t\t\t<\/div>\n\t\t\t\t\t<\/div>\n\t\t<\/div>\n\t\t\t\t<div class=\"elementor-column elementor-col-33 elementor-top-column elementor-element elementor-element-6ed641ce\" data-id=\"6ed641ce\" data-element_type=\"column\" data-e-type=\"column\">\n\t\t\t<div class=\"elementor-widget-wrap elementor-element-populated\">\n\t\t\t\t\t\t<div class=\"elementor-element elementor-element-6facd6cb elementor-widget elementor-widget-heading\" data-id=\"6facd6cb\" data-element_type=\"widget\" data-e-type=\"widget\" data-widget_type=\"heading.default\">\n\t\t\t\t<div class=\"elementor-widget-container\">\n\t\t\t\t\t<h3 class=\"elementor-heading-title elementor-size-default\"><a href=\"https:\/\/www.newtonvaureal.com\/\/secteurs\/institutions-publiques-et-collectivites\/\">Institutions publiques et collectivit\u00e9s<\/a><\/h3>\t\t\t\t<\/div>\n\t\t\t\t<\/div>\n\t\t\t\t<div class=\"elementor-element elementor-element-29c4a328 elementor-widget elementor-widget-image\" data-id=\"29c4a328\" data-element_type=\"widget\" data-e-type=\"widget\" data-widget_type=\"image.default\">\n\t\t\t\t<div class=\"elementor-widget-container\">\n\t\t\t\t\t\t\t\t\t\t\t\t\t\t\t\t<a href=\"https:\/\/www.newtonvaureal.com\/\/secteurs\/institutions-publiques-et-collectivites\/\">\n\t\t\t\t\t\t\t<img decoding=\"async\" width=\"356\" height=\"400\" data-src=\"https:\/\/www.newtonvaureal.com\/wp-content\/uploads\/2021\/07\/Institutions-publiques-collectivites-hp.jpg\" class=\"attachment-onepress-medium size-onepress-medium wp-image-6407 lazyload\" alt=\"\" data-srcset=\"https:\/\/www.newtonvaureal.com\/wp-content\/uploads\/2021\/07\/Institutions-publiques-collectivites-hp.jpg 356w, https:\/\/www.newtonvaureal.com\/wp-content\/uploads\/2021\/07\/Institutions-publiques-collectivites-hp-267x300.jpg 267w\" data-sizes=\"(max-width: 356px) 100vw, 356px\" src=\"data:image\/svg+xml;base64,PHN2ZyB3aWR0aD0iMSIgaGVpZ2h0PSIxIiB4bWxucz0iaHR0cDovL3d3dy53My5vcmcvMjAwMC9zdmciPjwvc3ZnPg==\" style=\"--smush-placeholder-width: 356px; --smush-placeholder-aspect-ratio: 356\/400;\" \/>\t\t\t\t\t\t\t\t<\/a>\n\t\t\t\t\t\t\t\t\t\t\t\t\t\t\t<\/div>\n\t\t\t\t<\/div>\n\t\t\t\t<div class=\"elementor-element elementor-element-77f4fc9d elementor-widget elementor-widget-text-editor\" data-id=\"77f4fc9d\" data-element_type=\"widget\" data-e-type=\"widget\" data-widget_type=\"text-editor.default\">\n\t\t\t\t<div class=\"elementor-widget-container\">\n\t\t\t\t\t\t\t\t\t<p>Nos interventions sont tourn\u00e9es sur des probl\u00e9matiques d\u2019organisation et de gestion des flux physiques ou sur des \u00e9tudes prospectives li\u00e9es aux territoires. Nos domaines d\u2019intervention portent sur la logistique urbaine, le report modal ou l\u2019empreinte carbone.<\/p>\t\t\t\t\t\t\t\t<\/div>\n\t\t\t\t<\/div>\n\t\t\t\t\t<\/div>\n\t\t<\/div>\n\t\t\t\t\t<\/div>\n\t\t<\/section>\n\t\t\t\t<\/div>\n\t\t","protected":false},"excerpt":{"rendered":"<p>Nous appliquons tout notre savoir-faire dans le domaine de l\u2019am\u00e9lioration et du r\u00e9-engineering de processus \u00e0 ceux qui portent sur le domaine des achats : r\u00e9f\u00e9rencement fournisseur, appel d\u2019offres, r\u00e8glement &#8230;<\/p>\n","protected":false},"author":1,"featured_media":0,"parent":1435,"menu_order":0,"comment_status":"closed","ping_status":"closed","template":"","meta":{"_acf_changed":false,"footnotes":""},"class_list":["post-1946","page","type-page","status-publish","hentry"],"acf":[],"yoast_head":"<!-- This site is optimized with the Yoast SEO plugin v27.0 - https:\/\/yoast.com\/product\/yoast-seo-wordpress\/ -->\n<title>Optimisation des achats - Newton. Vaureal<\/title>\n<meta name=\"description\" content=\"Vos processus achats approvisionnement sont perfectibles ? Newton.Vaureal vous accompagne et vous explique les \u00e9tapes pour \u00e9tablir des processus performants\" \/>\n<meta name=\"robots\" content=\"index, follow, max-snippet:-1, max-image-preview:large, max-video-preview:-1\" \/>\n<link rel=\"canonical\" href=\"https:\/\/www.newtonvaureal.com\/fr\/notre-expertise\/supply-chain-sop-schema-directeur\/amelioration-des-processus-achats\/\" \/>\n<meta property=\"og:locale\" content=\"fr_FR\" \/>\n<meta property=\"og:type\" content=\"article\" \/>\n<meta property=\"og:title\" content=\"Optimisation des achats - Newton. Vaureal\" \/>\n<meta property=\"og:description\" content=\"Vos processus achats approvisionnement sont perfectibles ? Newton.Vaureal vous accompagne et vous explique les \u00e9tapes pour \u00e9tablir des processus performants\" \/>\n<meta property=\"og:url\" content=\"https:\/\/www.newtonvaureal.com\/fr\/notre-expertise\/supply-chain-sop-schema-directeur\/amelioration-des-processus-achats\/\" \/>\n<meta property=\"og:site_name\" content=\"Newton.Vaureal Consulting\" \/>\n<meta property=\"article:modified_time\" content=\"2024-05-24T11:56:59+00:00\" \/>\n<meta property=\"og:image\" content=\"https:\/\/www.newtonvaureal.com\/wp-content\/uploads\/2021\/07\/distribution-640x400.jpg\" \/>\n<meta name=\"twitter:card\" content=\"summary_large_image\" \/>\n<script type=\"application\/ld+json\" class=\"yoast-schema-graph\">{\"@context\":\"https:\/\/schema.org\",\"@graph\":[{\"@type\":\"WebPage\",\"@id\":\"https:\/\/www.newtonvaureal.com\/fr\/notre-expertise\/supply-chain-sop-schema-directeur\/amelioration-des-processus-achats\/\",\"url\":\"https:\/\/www.newtonvaureal.com\/fr\/notre-expertise\/supply-chain-sop-schema-directeur\/amelioration-des-processus-achats\/\",\"name\":\"Optimisation des achats - Newton. Vaureal\",\"isPartOf\":{\"@id\":\"https:\/\/www.newtonvaureal.com\/fr\/#website\"},\"primaryImageOfPage\":{\"@id\":\"https:\/\/www.newtonvaureal.com\/fr\/notre-expertise\/supply-chain-sop-schema-directeur\/amelioration-des-processus-achats\/#primaryimage\"},\"image\":{\"@id\":\"https:\/\/www.newtonvaureal.com\/fr\/notre-expertise\/supply-chain-sop-schema-directeur\/amelioration-des-processus-achats\/#primaryimage\"},\"thumbnailUrl\":\"https:\/\/www.newtonvaureal.com\/wp-content\/uploads\/2021\/07\/distribution-640x400.jpg\",\"datePublished\":\"2021-02-12T14:30:37+00:00\",\"dateModified\":\"2024-05-24T11:56:59+00:00\",\"description\":\"Vos processus achats approvisionnement sont perfectibles ? Newton.Vaureal vous accompagne et vous explique les \u00e9tapes pour \u00e9tablir des processus performants\",\"breadcrumb\":{\"@id\":\"https:\/\/www.newtonvaureal.com\/fr\/notre-expertise\/supply-chain-sop-schema-directeur\/amelioration-des-processus-achats\/#breadcrumb\"},\"inLanguage\":\"fr-FR\",\"potentialAction\":[{\"@type\":\"ReadAction\",\"target\":[\"https:\/\/www.newtonvaureal.com\/fr\/notre-expertise\/supply-chain-sop-schema-directeur\/amelioration-des-processus-achats\/\"]}]},{\"@type\":\"ImageObject\",\"inLanguage\":\"fr-FR\",\"@id\":\"https:\/\/www.newtonvaureal.com\/fr\/notre-expertise\/supply-chain-sop-schema-directeur\/amelioration-des-processus-achats\/#primaryimage\",\"url\":\"https:\/\/www.newtonvaureal.com\/wp-content\/uploads\/2021\/07\/distribution-640x400.jpg\",\"contentUrl\":\"https:\/\/www.newtonvaureal.com\/wp-content\/uploads\/2021\/07\/distribution-640x400.jpg\"},{\"@type\":\"BreadcrumbList\",\"@id\":\"https:\/\/www.newtonvaureal.com\/fr\/notre-expertise\/supply-chain-sop-schema-directeur\/amelioration-des-processus-achats\/#breadcrumb\",\"itemListElement\":[{\"@type\":\"ListItem\",\"position\":1,\"name\":\"Accueil\",\"item\":\"https:\/\/www.newtonvaureal.com\/fr\/\"},{\"@type\":\"ListItem\",\"position\":2,\"name\":\"Notre expertise\",\"item\":\"https:\/\/www.newtonvaureal.com\/fr\/notre-expertise\/\"},{\"@type\":\"ListItem\",\"position\":3,\"name\":\"Supply Chain, S&#038;OP, Sch\u00e9ma directeur\",\"item\":\"https:\/\/www.newtonvaureal.com\/fr\/notre-expertise\/supply-chain-sop-schema-directeur\/\"},{\"@type\":\"ListItem\",\"position\":4,\"name\":\"Am\u00e9lioration des processus achats\"}]},{\"@type\":\"WebSite\",\"@id\":\"https:\/\/www.newtonvaureal.com\/fr\/#website\",\"url\":\"https:\/\/www.newtonvaureal.com\/fr\/\",\"name\":\"Newton.Vaureal Consulting\",\"description\":\"\",\"publisher\":{\"@id\":\"https:\/\/www.newtonvaureal.com\/fr\/#organization\"},\"potentialAction\":[{\"@type\":\"SearchAction\",\"target\":{\"@type\":\"EntryPoint\",\"urlTemplate\":\"https:\/\/www.newtonvaureal.com\/fr\/?s={search_term_string}\"},\"query-input\":{\"@type\":\"PropertyValueSpecification\",\"valueRequired\":true,\"valueName\":\"search_term_string\"}}],\"inLanguage\":\"fr-FR\"},{\"@type\":\"Organization\",\"@id\":\"https:\/\/www.newtonvaureal.com\/fr\/#organization\",\"name\":\"Newton.Vaureal consulting\",\"url\":\"https:\/\/www.newtonvaureal.com\/fr\/\",\"logo\":{\"@type\":\"ImageObject\",\"inLanguage\":\"fr-FR\",\"@id\":\"https:\/\/www.newtonvaureal.com\/fr\/#\/schema\/logo\/image\/\",\"url\":\"https:\/\/www.newtonvaureal.com\/wp-content\/uploads\/2021\/07\/logo_newton-eurogroup-blanc-21.png\",\"contentUrl\":\"https:\/\/www.newtonvaureal.com\/wp-content\/uploads\/2021\/07\/logo_newton-eurogroup-blanc-21.png\",\"width\":200,\"height\":79,\"caption\":\"Newton.Vaureal consulting\"},\"image\":{\"@id\":\"https:\/\/www.newtonvaureal.com\/fr\/#\/schema\/logo\/image\/\"}}]}<\/script>\n<!-- \/ Yoast SEO plugin. -->","yoast_head_json":{"title":"Optimisation des achats - Newton. Vaureal","description":"Vos processus achats approvisionnement sont perfectibles ? Newton.Vaureal vous accompagne et vous explique les \u00e9tapes pour \u00e9tablir des processus performants","robots":{"index":"index","follow":"follow","max-snippet":"max-snippet:-1","max-image-preview":"max-image-preview:large","max-video-preview":"max-video-preview:-1"},"canonical":"https:\/\/www.newtonvaureal.com\/fr\/notre-expertise\/supply-chain-sop-schema-directeur\/amelioration-des-processus-achats\/","og_locale":"fr_FR","og_type":"article","og_title":"Optimisation des achats - Newton. Vaureal","og_description":"Vos processus achats approvisionnement sont perfectibles ? Newton.Vaureal vous accompagne et vous explique les \u00e9tapes pour \u00e9tablir des processus performants","og_url":"https:\/\/www.newtonvaureal.com\/fr\/notre-expertise\/supply-chain-sop-schema-directeur\/amelioration-des-processus-achats\/","og_site_name":"Newton.Vaureal Consulting","article_modified_time":"2024-05-24T11:56:59+00:00","og_image":[{"url":"https:\/\/www.newtonvaureal.com\/wp-content\/uploads\/2021\/07\/distribution-640x400.jpg","type":"","width":"","height":""}],"twitter_card":"summary_large_image","schema":{"@context":"https:\/\/schema.org","@graph":[{"@type":"WebPage","@id":"https:\/\/www.newtonvaureal.com\/fr\/notre-expertise\/supply-chain-sop-schema-directeur\/amelioration-des-processus-achats\/","url":"https:\/\/www.newtonvaureal.com\/fr\/notre-expertise\/supply-chain-sop-schema-directeur\/amelioration-des-processus-achats\/","name":"Optimisation des achats - Newton. Vaureal","isPartOf":{"@id":"https:\/\/www.newtonvaureal.com\/fr\/#website"},"primaryImageOfPage":{"@id":"https:\/\/www.newtonvaureal.com\/fr\/notre-expertise\/supply-chain-sop-schema-directeur\/amelioration-des-processus-achats\/#primaryimage"},"image":{"@id":"https:\/\/www.newtonvaureal.com\/fr\/notre-expertise\/supply-chain-sop-schema-directeur\/amelioration-des-processus-achats\/#primaryimage"},"thumbnailUrl":"https:\/\/www.newtonvaureal.com\/wp-content\/uploads\/2021\/07\/distribution-640x400.jpg","datePublished":"2021-02-12T14:30:37+00:00","dateModified":"2024-05-24T11:56:59+00:00","description":"Vos processus achats approvisionnement sont perfectibles ? Newton.Vaureal vous accompagne et vous explique les \u00e9tapes pour \u00e9tablir des processus performants","breadcrumb":{"@id":"https:\/\/www.newtonvaureal.com\/fr\/notre-expertise\/supply-chain-sop-schema-directeur\/amelioration-des-processus-achats\/#breadcrumb"},"inLanguage":"fr-FR","potentialAction":[{"@type":"ReadAction","target":["https:\/\/www.newtonvaureal.com\/fr\/notre-expertise\/supply-chain-sop-schema-directeur\/amelioration-des-processus-achats\/"]}]},{"@type":"ImageObject","inLanguage":"fr-FR","@id":"https:\/\/www.newtonvaureal.com\/fr\/notre-expertise\/supply-chain-sop-schema-directeur\/amelioration-des-processus-achats\/#primaryimage","url":"https:\/\/www.newtonvaureal.com\/wp-content\/uploads\/2021\/07\/distribution-640x400.jpg","contentUrl":"https:\/\/www.newtonvaureal.com\/wp-content\/uploads\/2021\/07\/distribution-640x400.jpg"},{"@type":"BreadcrumbList","@id":"https:\/\/www.newtonvaureal.com\/fr\/notre-expertise\/supply-chain-sop-schema-directeur\/amelioration-des-processus-achats\/#breadcrumb","itemListElement":[{"@type":"ListItem","position":1,"name":"Accueil","item":"https:\/\/www.newtonvaureal.com\/fr\/"},{"@type":"ListItem","position":2,"name":"Notre expertise","item":"https:\/\/www.newtonvaureal.com\/fr\/notre-expertise\/"},{"@type":"ListItem","position":3,"name":"Supply Chain, S&#038;OP, Sch\u00e9ma directeur","item":"https:\/\/www.newtonvaureal.com\/fr\/notre-expertise\/supply-chain-sop-schema-directeur\/"},{"@type":"ListItem","position":4,"name":"Am\u00e9lioration des processus achats"}]},{"@type":"WebSite","@id":"https:\/\/www.newtonvaureal.com\/fr\/#website","url":"https:\/\/www.newtonvaureal.com\/fr\/","name":"Newton.Vaureal Consulting","description":"","publisher":{"@id":"https:\/\/www.newtonvaureal.com\/fr\/#organization"},"potentialAction":[{"@type":"SearchAction","target":{"@type":"EntryPoint","urlTemplate":"https:\/\/www.newtonvaureal.com\/fr\/?s={search_term_string}"},"query-input":{"@type":"PropertyValueSpecification","valueRequired":true,"valueName":"search_term_string"}}],"inLanguage":"fr-FR"},{"@type":"Organization","@id":"https:\/\/www.newtonvaureal.com\/fr\/#organization","name":"Newton.Vaureal consulting","url":"https:\/\/www.newtonvaureal.com\/fr\/","logo":{"@type":"ImageObject","inLanguage":"fr-FR","@id":"https:\/\/www.newtonvaureal.com\/fr\/#\/schema\/logo\/image\/","url":"https:\/\/www.newtonvaureal.com\/wp-content\/uploads\/2021\/07\/logo_newton-eurogroup-blanc-21.png","contentUrl":"https:\/\/www.newtonvaureal.com\/wp-content\/uploads\/2021\/07\/logo_newton-eurogroup-blanc-21.png","width":200,"height":79,"caption":"Newton.Vaureal consulting"},"image":{"@id":"https:\/\/www.newtonvaureal.com\/fr\/#\/schema\/logo\/image\/"}}]}},"_links":{"self":[{"href":"https:\/\/www.newtonvaureal.com\/fr\/wp-json\/wp\/v2\/pages\/1946","targetHints":{"allow":["GET"]}}],"collection":[{"href":"https:\/\/www.newtonvaureal.com\/fr\/wp-json\/wp\/v2\/pages"}],"about":[{"href":"https:\/\/www.newtonvaureal.com\/fr\/wp-json\/wp\/v2\/types\/page"}],"author":[{"embeddable":true,"href":"https:\/\/www.newtonvaureal.com\/fr\/wp-json\/wp\/v2\/users\/1"}],"replies":[{"embeddable":true,"href":"https:\/\/www.newtonvaureal.com\/fr\/wp-json\/wp\/v2\/comments?post=1946"}],"version-history":[{"count":6,"href":"https:\/\/www.newtonvaureal.com\/fr\/wp-json\/wp\/v2\/pages\/1946\/revisions"}],"predecessor-version":[{"id":7290,"href":"https:\/\/www.newtonvaureal.com\/fr\/wp-json\/wp\/v2\/pages\/1946\/revisions\/7290"}],"up":[{"embeddable":true,"href":"https:\/\/www.newtonvaureal.com\/fr\/wp-json\/wp\/v2\/pages\/1435"}],"wp:attachment":[{"href":"https:\/\/www.newtonvaureal.com\/fr\/wp-json\/wp\/v2\/media?parent=1946"}],"curies":[{"name":"wp","href":"https:\/\/api.w.org\/{rel}","templated":true}]}}