{"id":1990,"date":"2021-02-23T14:58:36","date_gmt":"2021-02-23T13:58:36","guid":{"rendered":"http:\/\/newton-vaureal.com\/?page_id=1990"},"modified":"2023-07-05T12:29:49","modified_gmt":"2023-07-05T10:29:49","slug":"mentions-legales","status":"publish","type":"page","link":"https:\/\/www.newtonvaureal.com\/fr\/mentions-legales\/","title":{"rendered":"Mentions l\u00e9gales"},"content":{"rendered":"\t\t<div data-elementor-type=\"wp-page\" data-elementor-id=\"1990\" class=\"elementor elementor-1990\" data-elementor-post-type=\"page\">\n\t\t\t\t\t\t<section class=\"elementor-section elementor-top-section elementor-element elementor-element-213d96a3 elementor-section-full_width elementor-section-height-min-height elementor-section-content-middle elementor-section-stretched elementor-section-height-default elementor-section-items-middle\" data-id=\"213d96a3\" data-element_type=\"section\" data-e-type=\"section\" data-settings=\"{&quot;stretch_section&quot;:&quot;section-stretched&quot;,&quot;background_background&quot;:&quot;classic&quot;}\">\n\t\t\t\t\t\t<div class=\"elementor-container elementor-column-gap-default\">\n\t\t\t\t\t<div class=\"elementor-column elementor-col-100 elementor-top-column elementor-element elementor-element-761e287a\" data-id=\"761e287a\" data-element_type=\"column\" data-e-type=\"column\">\n\t\t\t<div class=\"elementor-widget-wrap elementor-element-populated\">\n\t\t\t\t\t\t\t<\/div>\n\t\t<\/div>\n\t\t\t\t\t<\/div>\n\t\t<\/section>\n\t\t\t\t<section class=\"elementor-section elementor-top-section elementor-element elementor-element-fc5437a elementor-section-boxed elementor-section-height-default elementor-section-height-default\" data-id=\"fc5437a\" data-element_type=\"section\" data-e-type=\"section\">\n\t\t\t\t\t\t<div class=\"elementor-container elementor-column-gap-default\">\n\t\t\t\t\t<div class=\"elementor-column elementor-col-50 elementor-top-column elementor-element elementor-element-fc26d1c\" data-id=\"fc26d1c\" data-element_type=\"column\" data-e-type=\"column\">\n\t\t\t<div class=\"elementor-widget-wrap elementor-element-populated\">\n\t\t\t\t\t\t<div class=\"elementor-element elementor-element-73a7ba3 elementor-widget elementor-widget-heading\" data-id=\"73a7ba3\" data-element_type=\"widget\" data-e-type=\"widget\" data-widget_type=\"heading.default\">\n\t\t\t\t<div class=\"elementor-widget-container\">\n\t\t\t\t\t<h3 class=\"elementor-heading-title elementor-size-default\">Informations g\u00e9n\u00e9rales<\/h3>\t\t\t\t<\/div>\n\t\t\t\t<\/div>\n\t\t\t\t<div class=\"elementor-element elementor-element-abb3ec9 elementor-widget elementor-widget-text-editor\" data-id=\"abb3ec9\" data-element_type=\"widget\" data-e-type=\"widget\" data-widget_type=\"text-editor.default\">\n\t\t\t\t<div class=\"elementor-widget-container\">\n\t\t\t\t\t\t\t\t\t<p>Le site newtonvaureal.com a \u00e9t\u00e9 r\u00e9alis\u00e9 \u00e0 titre informatif, il s\u2019adresse \u00e0 tout public. L\u2019objet de ce site est d\u2019informer et de pr\u00e9senter la soci\u00e9t\u00e9 Newton.Vaureal Consulting ses activit\u00e9s et services.<br \/>Vous acceptez les conditions g\u00e9n\u00e9rales dict\u00e9es du moment o\u00f9 vous acc\u00e9dez, parcourez et utilisez le site newtonvaureal.com, except\u00e9 stipulation contraire ou accord avec Newton.Vaureal Consulting. Retrouvez l\u2019ensemble des conditions d\u2019acc\u00e8s et d\u2019utilisation ci-dessous.<\/p>\t\t\t\t\t\t\t\t<\/div>\n\t\t\t\t<\/div>\n\t\t\t\t<div class=\"elementor-element elementor-element-fc08de4 elementor-widget elementor-widget-heading\" data-id=\"fc08de4\" data-element_type=\"widget\" data-e-type=\"widget\" data-widget_type=\"heading.default\">\n\t\t\t\t<div class=\"elementor-widget-container\">\n\t\t\t\t\t<h3 class=\"elementor-heading-title elementor-size-default\">Titulaire et responsable du site<\/h3>\t\t\t\t<\/div>\n\t\t\t\t<\/div>\n\t\t\t\t<div class=\"elementor-element elementor-element-3e020ad elementor-widget elementor-widget-text-editor\" data-id=\"3e020ad\" data-element_type=\"widget\" data-e-type=\"widget\" data-widget_type=\"text-editor.default\">\n\t\t\t\t<div class=\"elementor-widget-container\">\n\t\t\t\t\t\t\t\t\t<p>En respect de l\u2019article 6 de la loi n\u00b0 2004-575 du 21 juin 2004 pour la confiance dans l\u2019\u00e9conomie num\u00e9rique, il est pr\u00e9sent\u00e9 aux utilisateurs du site newtonvaureal.com l\u2019identit\u00e9 des diff\u00e9rents intervenants \u00e0 titre d\u2019information, le site newtonvaureal.com et ses sous-domaines sont \u00e9dit\u00e9s par l\u2019entreprise Newton.Vaureal Consulting.<\/p>\t\t\t\t\t\t\t\t<\/div>\n\t\t\t\t<\/div>\n\t\t\t\t<div class=\"elementor-element elementor-element-72dc389 elementor-widget elementor-widget-heading\" data-id=\"72dc389\" data-element_type=\"widget\" data-e-type=\"widget\" data-widget_type=\"heading.default\">\n\t\t\t\t<div class=\"elementor-widget-container\">\n\t\t\t\t\t<h3 class=\"elementor-heading-title elementor-size-default\">Propri\u00e9taire du site<\/h3>\t\t\t\t<\/div>\n\t\t\t\t<\/div>\n\t\t\t\t<div class=\"elementor-element elementor-element-91801dd elementor-widget elementor-widget-text-editor\" data-id=\"91801dd\" data-element_type=\"widget\" data-e-type=\"widget\" data-widget_type=\"text-editor.default\">\n\t\t\t\t<div class=\"elementor-widget-container\">\n\t\t\t\t\t\t\t\t\t<p>Newton.Vaureal Consulting<\/p><p>51 rue de Miromesnil<\/p><p>75008 Paris<\/p><p>Tel : 01 40 17 04 03<\/p><p>Siret :\u00a0<\/p><h4>Directeur de la publication :\u00a0<\/h4><p>\u00a0<\/p>\t\t\t\t\t\t\t\t<\/div>\n\t\t\t\t<\/div>\n\t\t\t\t<div class=\"elementor-element elementor-element-8f891f2 elementor-widget elementor-widget-heading\" data-id=\"8f891f2\" data-element_type=\"widget\" data-e-type=\"widget\" data-widget_type=\"heading.default\">\n\t\t\t\t<div class=\"elementor-widget-container\">\n\t\t\t\t\t<h3 class=\"elementor-heading-title elementor-size-default\">Site h\u00e9berg\u00e9 par :<\/h3>\t\t\t\t<\/div>\n\t\t\t\t<\/div>\n\t\t\t\t<div class=\"elementor-element elementor-element-83c4833 elementor-widget elementor-widget-text-editor\" data-id=\"83c4833\" data-element_type=\"widget\" data-e-type=\"widget\" data-widget_type=\"text-editor.default\">\n\t\t\t\t<div class=\"elementor-widget-container\">\n\t\t\t\t\t\t\t\t\t<p>OVH<\/p><p>2 rue Kellermann,<\/p><p>59100 Roubaix\u00a0<\/p><p>0 820 698 765 \u2013\u00a0<a href=\"https:\/\/www.ovh.com\/\">www.ovh.com<\/a><\/p>\t\t\t\t\t\t\t\t<\/div>\n\t\t\t\t<\/div>\n\t\t\t\t<div class=\"elementor-element elementor-element-a08b937 elementor-widget elementor-widget-heading\" data-id=\"a08b937\" data-element_type=\"widget\" data-e-type=\"widget\" data-widget_type=\"heading.default\">\n\t\t\t\t<div class=\"elementor-widget-container\">\n\t\t\t\t\t<h3 class=\"elementor-heading-title elementor-size-default\">Conditions g\u00e9n\u00e9rales d\u2019utilisation du site et des services propos\u00e9s<\/h3>\t\t\t\t<\/div>\n\t\t\t\t<\/div>\n\t\t\t\t<div class=\"elementor-element elementor-element-3922446 elementor-widget elementor-widget-heading\" data-id=\"3922446\" data-element_type=\"widget\" data-e-type=\"widget\" data-widget_type=\"heading.default\">\n\t\t\t\t<div class=\"elementor-widget-container\">\n\t\t\t\t\t<h4 class=\"elementor-heading-title elementor-size-default\">Responsabilit\u00e9<\/h4>\t\t\t\t<\/div>\n\t\t\t\t<\/div>\n\t\t\t\t<div class=\"elementor-element elementor-element-f66a34f elementor-widget elementor-widget-text-editor\" data-id=\"f66a34f\" data-element_type=\"widget\" data-e-type=\"widget\" data-widget_type=\"text-editor.default\">\n\t\t\t\t<div class=\"elementor-widget-container\">\n\t\t\t\t\t\t\t\t\t<p>Le site internet newtonvaureal.com ne sera pas tenu responsable des d\u00e9g\u00e2ts mat\u00e9riels suite \u00e0 l\u2019utilisation du site (bug ou incompatibilit\u00e9).<br \/>L\u2019utilisateur du site s\u2019engage \u00e0 acc\u00e9der au site en utilisant un mat\u00e9riel r\u00e9cent, ne contenant aucun virus et disposant d\u2019un navigateur muni de la derni\u00e8re mise \u00e0 jour.<br \/>La responsabilit\u00e9 de Newton.Vaureal Consulting ne sera pas engag\u00e9 concernant l\u2019acc\u00e8s et le fonctionnement du site, ainsi que les dommages directs et indirects r\u00e9sultant de l\u2019utilisation du site et ce quelle qu\u2019en soient la cause (transmission virus ou d\u00e9gradation du mat\u00e9riel).<\/p><p>Les contenus et \u00e9ventuelles erreurs, omissions, inexactitudes ou coupures pr\u00e9sentes sur le site n\u2019engageront pas la responsabilit\u00e9 de Newton.Vaureal Consulting. Elle ne saurait pas non plus \u00eatre tenue pour responsable pour tous dommages r\u00e9sultant d\u2019une intrusion d\u2019un tiers ayant entra\u00een\u00e9 la modification des informations mises \u00e0 disposition sur le site. L\u2019utilisateur du site reconna\u00eet qu\u2019il en fait usage \u00e0 ses seuls risques et p\u00e9rils.<\/p>\t\t\t\t\t\t\t\t<\/div>\n\t\t\t\t<\/div>\n\t\t\t\t<div class=\"elementor-element elementor-element-3a884c5 elementor-widget elementor-widget-heading\" data-id=\"3a884c5\" data-element_type=\"widget\" data-e-type=\"widget\" data-widget_type=\"heading.default\">\n\t\t\t\t<div class=\"elementor-widget-container\">\n\t\t\t\t\t<h4 class=\"elementor-heading-title elementor-size-default\">Propri\u00e9t\u00e9 Intellectuelle et reproduction<\/h4>\t\t\t\t<\/div>\n\t\t\t\t<\/div>\n\t\t\t\t<div class=\"elementor-element elementor-element-8b1b4a8 elementor-widget elementor-widget-text-editor\" data-id=\"8b1b4a8\" data-element_type=\"widget\" data-e-type=\"widget\" data-widget_type=\"text-editor.default\">\n\t\t\t\t<div class=\"elementor-widget-container\">\n\t\t\t\t\t\t\t\t\t<p>L\u2019ensemble du site newtonvaureal.com est prot\u00e9g\u00e9 par la l\u00e9gislation en vigueur Fran\u00e7aise et Internationale de la Propri\u00e9t\u00e9 Intellectuelle.<\/p><p>Conform\u00e9ment \u00e0 l\u2019article L.314-1 al.1 du code de la propri\u00e9t\u00e9 intellectuelle,\u00a0<br \/>Toute reproduction totale ou partielle, copie, modification, adaptation, vente, exploitation, diffusion, utilisation sur divers supports qu\u2019ils soient num\u00e9ris\u00e9s, film, papier, est interdite sans l\u2019autorisation \u00e9crite et pr\u00e9alable de Newton.Vaureal Consulting.<\/p><p>L\u2019ensemble des marques pr\u00e9sentes sur le site internet sont, en fonction des cas, la propri\u00e9t\u00e9 de Newton.Vaureal Consulting, de ses partenaires et clients.<\/p><p>Toute exploitation et reproduction non autoris\u00e9e du site o\u00f9 des \u00e9l\u00e9ments du site seront consid\u00e9r\u00e9s comme une contrefa\u00e7on et poursuivie conform\u00e9ment aux articles L.335-2 et suivants du Code de Propri\u00e9t\u00e9 Intellectuelle. Le non-respect des dispositions pourra engendrer des sanctions p\u00e9nales et civiles pr\u00e9vues par la loi.<\/p>\t\t\t\t\t\t\t\t<\/div>\n\t\t\t\t<\/div>\n\t\t\t\t\t<\/div>\n\t\t<\/div>\n\t\t\t\t<div class=\"elementor-column elementor-col-50 elementor-top-column elementor-element elementor-element-92d4c52\" data-id=\"92d4c52\" data-element_type=\"column\" data-e-type=\"column\">\n\t\t\t<div class=\"elementor-widget-wrap elementor-element-populated\">\n\t\t\t\t\t\t<div class=\"elementor-element elementor-element-4e46322 elementor-widget elementor-widget-heading\" data-id=\"4e46322\" data-element_type=\"widget\" data-e-type=\"widget\" data-widget_type=\"heading.default\">\n\t\t\t\t<div class=\"elementor-widget-container\">\n\t\t\t\t\t<h3 class=\"elementor-heading-title elementor-size-default\">Donn\u00e9es personnelles &amp; Confidentialit\u00e9<\/h3>\t\t\t\t<\/div>\n\t\t\t\t<\/div>\n\t\t\t\t<div class=\"elementor-element elementor-element-103e232 elementor-widget elementor-widget-text-editor\" data-id=\"103e232\" data-element_type=\"widget\" data-e-type=\"widget\" data-widget_type=\"text-editor.default\">\n\t\t\t\t<div class=\"elementor-widget-container\">\n\t\t\t\t\t\t\t\t\t<p>En France, les donn\u00e9es personnelles sont notamment prot\u00e9g\u00e9es par la loi n\u00b0 78-87 du 6 janvier 1978, la loi n\u00b0 2004-801 du 6 ao\u00fbt 2004, l\u2019article L. 226-13 du Code p\u00e9nal et la Directive Europ\u00e9enne du 24 octobre 1995.<br \/>Lors de l\u2019utilisation du site newtonvaureal.com\u00a0certains \u00e9l\u00e9ments peuvent \u00eatre recueillis : l\u2019URL des liens par l\u2019interm\u00e9diaire desquels l\u2019utilisateur a acc\u00e9d\u00e9 au site, le fournisseur d\u2019acc\u00e8s de l\u2019utilisateur, l\u2019adresse de protocole Internet (IP) de l\u2019utilisateur.<br \/>En tout \u00e9tat de cause Newton.Vaureal Consulting ne collecte des informations personnelles relatives \u00e0 l\u2019utilisateur que pour le besoin de certains services propos\u00e9s par le site newtonvaureal.com. L\u2019utilisateur fournit ces informations en toute connaissance de cause, notamment lorsqu\u2019il proc\u00e8de par lui-m\u00eame \u00e0 leur saisie.<br \/>Conform\u00e9ment aux dispositions des articles 38 et suivants de la loi 78-17 du 6 janvier 1978 relative \u00e0 l\u2019informatique, aux fichiers et aux libert\u00e9s, tout utilisateur dispose d\u2019un droit d\u2019acc\u00e8s, de rectification et d\u2019opposition aux donn\u00e9es personnelles le concernant, en effectuant sa demande \u00e9crite et sign\u00e9e, \u00a0\u00e0 l\u2019adresse suivante :\u00a0<\/p><p>Newton.Vaureal Consulting<\/p><p>51 rue de Miromesnil<\/p><div class=\"description\">75008 Paris<\/div><div>\u00a0<\/div><p><strong>Aucune information personnelle de l\u2019utilisateur du site newtonvaureal.com n\u2019est publi\u00e9e \u00e0 l\u2019insu de l\u2019utilisateur, \u00e9chang\u00e9e, transf\u00e9r\u00e9e, c\u00e9d\u00e9e ou vendue sur un support quelconque \u00e0 des tiers.<\/strong><br \/>Les bases de donn\u00e9es sont prot\u00e9g\u00e9es par les dispositions de la loi du 1er juillet 1998 transposant la directive 96\/9 du 11 mars 1996 relative \u00e0 la protection juridique des bases de donn\u00e9es.<\/p>\t\t\t\t\t\t\t\t<\/div>\n\t\t\t\t<\/div>\n\t\t\t\t<div class=\"elementor-element elementor-element-cf82ea2 elementor-widget elementor-widget-heading\" data-id=\"cf82ea2\" data-element_type=\"widget\" data-e-type=\"widget\" data-widget_type=\"heading.default\">\n\t\t\t\t<div class=\"elementor-widget-container\">\n\t\t\t\t\t<h3 class=\"elementor-heading-title elementor-size-default\">Liens hypertextes et cookies<\/h3>\t\t\t\t<\/div>\n\t\t\t\t<\/div>\n\t\t\t\t<div class=\"elementor-element elementor-element-da1634f elementor-widget elementor-widget-text-editor\" data-id=\"da1634f\" data-element_type=\"widget\" data-e-type=\"widget\" data-widget_type=\"text-editor.default\">\n\t\t\t\t<div class=\"elementor-widget-container\">\n\t\t\t\t\t\t\t\t\t<p>La navigation sur le site newtonvaureal.com est susceptible de provoquer l\u2019installation de cookie(s) sur l\u2019ordinateur de l\u2019utilisateur. Un cookie est un fichier de petite taille, qui ne permet pas l\u2019identification de l\u2019utilisateur, mais qui enregistre des informations relatives \u00e0 la navigation d\u2019un ordinateur sur un site. Les donn\u00e9es ainsi obtenues visent \u00e0 faciliter la navigation ult\u00e9rieure sur le site, et ont \u00e9galement vocation \u00e0 permettre diverses mesures de fr\u00e9quentation.<br \/>Le refus d\u2019installation d\u2019un cookie peut entra\u00eener l\u2019impossibilit\u00e9 d\u2019acc\u00e9der \u00e0 certains services. L\u2019utilisateur peut toutefois configurer son ordinateur, pour refuser l\u2019installation des cookies. Pour cela, r\u00e9f\u00e9rez-vous \u00e0 vos param\u00e8tres personnalis\u00e9s de votre moteur de rechercher pour modifier la confidentialit\u00e9 et ainsi choisir de bloquer les cookies.<\/p><p>Pour des raisons li\u00e9es \u00e0 la technologie, des cookies de sessions peuvent \u00e9galement vous \u00eatre propos\u00e9s au cours de votre navigation. Ces cookies sont automatiquement effac\u00e9s lors de la fermeture de votre navigateur. Ils peuvent, quand ils sont mis en \u0153uvre, permettre de mieux vous orienter sur le site et vous aider dans vos choix.<br \/>L\u2019acc\u00e8s au site n\u2019est en aucun cas conditionn\u00e9 \u00e0 l\u2019acceptation de ces cookies toutefois leur acceptation est vivement conseill\u00e9e afin de b\u00e9n\u00e9ficier de toutes les possibilit\u00e9s de visite.<\/p><p><a href=\"https:\/\/www.newtonvaureal.com\/\/politique-de-confidentialite\/\">Voir la politique de confidentialit\u00e9<\/a><\/p>\t\t\t\t\t\t\t\t<\/div>\n\t\t\t\t<\/div>\n\t\t\t\t<div class=\"elementor-element elementor-element-6ea3ee7 elementor-widget elementor-widget-heading\" data-id=\"6ea3ee7\" data-element_type=\"widget\" data-e-type=\"widget\" data-widget_type=\"heading.default\">\n\t\t\t\t<div class=\"elementor-widget-container\">\n\t\t\t\t\t<h3 class=\"elementor-heading-title elementor-size-default\">Droit applicable et attribution de juridiction<\/h3>\t\t\t\t<\/div>\n\t\t\t\t<\/div>\n\t\t\t\t<div class=\"elementor-element elementor-element-88cf7ae elementor-widget elementor-widget-text-editor\" data-id=\"88cf7ae\" data-element_type=\"widget\" data-e-type=\"widget\" data-widget_type=\"text-editor.default\">\n\t\t\t\t<div class=\"elementor-widget-container\">\n\t\t\t\t\t\t\t\t\t<p>Les principales lois concern\u00e9es par les conditions g\u00e9n\u00e9rales pr\u00e9c\u00e9demment cit\u00e9es :<br \/>Loi n\u00b0 78-87 du 6 janvier 1978, modifi\u00e9e par la loi n\u00b0 2004-801 du 6 ao\u00fbt 2004 relative \u00e0 l\u2019informatique, aux fichiers et aux libert\u00e9s.<br \/>Loi n\u00b0 2004-575 du 21 juin 2004 pour la confiance dans l\u2019\u00e9conomie num\u00e9rique.<\/p><p>Le droit fran\u00e7ais est applicable aux pr\u00e9sentes conditions g\u00e9n\u00e9rales de Ventes et \u00e0 l\u2019ensemble des relations qui pourraient en d\u00e9couler. Tout litige qui viendrait \u00e0 na\u00eetre et se rapportant, de mani\u00e8re directe ou indirecte, aux pr\u00e9sentes conditions g\u00e9n\u00e9rales de Ventes et\/ou aux relations pr\u00e9cit\u00e9es sera exclusivement port\u00e9 devant les juridictions du ressort de la Cour d\u2019appel de Paris.<\/p>\t\t\t\t\t\t\t\t<\/div>\n\t\t\t\t<\/div>\n\t\t\t\t\t<\/div>\n\t\t<\/div>\n\t\t\t\t\t<\/div>\n\t\t<\/section>\n\t\t\t\t<\/div>\n\t\t","protected":false},"excerpt":{"rendered":"<p>Informations g\u00e9n\u00e9rales Le site newtonvaureal.com a \u00e9t\u00e9 r\u00e9alis\u00e9 \u00e0 titre informatif, il s\u2019adresse \u00e0 tout public. L\u2019objet de ce site est d\u2019informer et de pr\u00e9senter la soci\u00e9t\u00e9 Newton.Vaureal Consulting ses &#8230;<\/p>\n","protected":false},"author":1,"featured_media":0,"parent":0,"menu_order":0,"comment_status":"closed","ping_status":"closed","template":"","meta":{"_acf_changed":false,"footnotes":""},"class_list":["post-1990","page","type-page","status-publish","hentry"],"acf":[],"yoast_head":"<!-- This site is optimized with the Yoast SEO plugin v27.0 - https:\/\/yoast.com\/product\/yoast-seo-wordpress\/ -->\n<title>Mentions L\u00e9gales du site Newton-Vaureal.com<\/title>\n<meta name=\"description\" content=\"Les mentions l\u00e9gales du site internet Newton-Vaureal.com.\" \/>\n<meta name=\"robots\" content=\"index, follow, max-snippet:-1, max-image-preview:large, max-video-preview:-1\" \/>\n<link rel=\"canonical\" href=\"https:\/\/www.newtonvaureal.com\/fr\/mentions-legales\/\" \/>\n<meta property=\"og:locale\" content=\"fr_FR\" \/>\n<meta property=\"og:type\" content=\"article\" \/>\n<meta property=\"og:title\" content=\"Mentions L\u00e9gales du site Newton-Vaureal.com\" \/>\n<meta property=\"og:description\" content=\"Les mentions l\u00e9gales du site internet Newton-Vaureal.com.\" \/>\n<meta property=\"og:url\" content=\"https:\/\/www.newtonvaureal.com\/fr\/mentions-legales\/\" \/>\n<meta property=\"og:site_name\" content=\"Newton.Vaureal Consulting\" \/>\n<meta property=\"article:modified_time\" content=\"2023-07-05T10:29:49+00:00\" \/>\n<meta name=\"twitter:card\" content=\"summary_large_image\" \/>\n<script type=\"application\/ld+json\" class=\"yoast-schema-graph\">{\"@context\":\"https:\/\/schema.org\",\"@graph\":[{\"@type\":\"WebPage\",\"@id\":\"https:\/\/www.newtonvaureal.com\/fr\/mentions-legales\/\",\"url\":\"https:\/\/www.newtonvaureal.com\/fr\/mentions-legales\/\",\"name\":\"Mentions L\u00e9gales du site Newton-Vaureal.com\",\"isPartOf\":{\"@id\":\"https:\/\/www.newtonvaureal.com\/fr\/#website\"},\"datePublished\":\"2021-02-23T13:58:36+00:00\",\"dateModified\":\"2023-07-05T10:29:49+00:00\",\"description\":\"Les mentions l\u00e9gales du site internet Newton-Vaureal.com.\",\"breadcrumb\":{\"@id\":\"https:\/\/www.newtonvaureal.com\/fr\/mentions-legales\/#breadcrumb\"},\"inLanguage\":\"fr-FR\",\"potentialAction\":[{\"@type\":\"ReadAction\",\"target\":[\"https:\/\/www.newtonvaureal.com\/fr\/mentions-legales\/\"]}]},{\"@type\":\"BreadcrumbList\",\"@id\":\"https:\/\/www.newtonvaureal.com\/fr\/mentions-legales\/#breadcrumb\",\"itemListElement\":[{\"@type\":\"ListItem\",\"position\":1,\"name\":\"Accueil\",\"item\":\"https:\/\/www.newtonvaureal.com\/fr\/\"},{\"@type\":\"ListItem\",\"position\":2,\"name\":\"Mentions l\u00e9gales\"}]},{\"@type\":\"WebSite\",\"@id\":\"https:\/\/www.newtonvaureal.com\/fr\/#website\",\"url\":\"https:\/\/www.newtonvaureal.com\/fr\/\",\"name\":\"Newton.Vaureal Consulting\",\"description\":\"\",\"publisher\":{\"@id\":\"https:\/\/www.newtonvaureal.com\/fr\/#organization\"},\"potentialAction\":[{\"@type\":\"SearchAction\",\"target\":{\"@type\":\"EntryPoint\",\"urlTemplate\":\"https:\/\/www.newtonvaureal.com\/fr\/?s={search_term_string}\"},\"query-input\":{\"@type\":\"PropertyValueSpecification\",\"valueRequired\":true,\"valueName\":\"search_term_string\"}}],\"inLanguage\":\"fr-FR\"},{\"@type\":\"Organization\",\"@id\":\"https:\/\/www.newtonvaureal.com\/fr\/#organization\",\"name\":\"Newton.Vaureal consulting\",\"url\":\"https:\/\/www.newtonvaureal.com\/fr\/\",\"logo\":{\"@type\":\"ImageObject\",\"inLanguage\":\"fr-FR\",\"@id\":\"https:\/\/www.newtonvaureal.com\/fr\/#\/schema\/logo\/image\/\",\"url\":\"https:\/\/www.newtonvaureal.com\/wp-content\/uploads\/2021\/07\/logo_newton-eurogroup-blanc-21.png\",\"contentUrl\":\"https:\/\/www.newtonvaureal.com\/wp-content\/uploads\/2021\/07\/logo_newton-eurogroup-blanc-21.png\",\"width\":200,\"height\":79,\"caption\":\"Newton.Vaureal consulting\"},\"image\":{\"@id\":\"https:\/\/www.newtonvaureal.com\/fr\/#\/schema\/logo\/image\/\"}}]}<\/script>\n<!-- \/ Yoast SEO plugin. -->","yoast_head_json":{"title":"Mentions L\u00e9gales du site Newton-Vaureal.com","description":"Les mentions l\u00e9gales du site internet Newton-Vaureal.com.","robots":{"index":"index","follow":"follow","max-snippet":"max-snippet:-1","max-image-preview":"max-image-preview:large","max-video-preview":"max-video-preview:-1"},"canonical":"https:\/\/www.newtonvaureal.com\/fr\/mentions-legales\/","og_locale":"fr_FR","og_type":"article","og_title":"Mentions L\u00e9gales du site Newton-Vaureal.com","og_description":"Les mentions l\u00e9gales du site internet Newton-Vaureal.com.","og_url":"https:\/\/www.newtonvaureal.com\/fr\/mentions-legales\/","og_site_name":"Newton.Vaureal Consulting","article_modified_time":"2023-07-05T10:29:49+00:00","twitter_card":"summary_large_image","schema":{"@context":"https:\/\/schema.org","@graph":[{"@type":"WebPage","@id":"https:\/\/www.newtonvaureal.com\/fr\/mentions-legales\/","url":"https:\/\/www.newtonvaureal.com\/fr\/mentions-legales\/","name":"Mentions L\u00e9gales du site Newton-Vaureal.com","isPartOf":{"@id":"https:\/\/www.newtonvaureal.com\/fr\/#website"},"datePublished":"2021-02-23T13:58:36+00:00","dateModified":"2023-07-05T10:29:49+00:00","description":"Les mentions l\u00e9gales du site internet Newton-Vaureal.com.","breadcrumb":{"@id":"https:\/\/www.newtonvaureal.com\/fr\/mentions-legales\/#breadcrumb"},"inLanguage":"fr-FR","potentialAction":[{"@type":"ReadAction","target":["https:\/\/www.newtonvaureal.com\/fr\/mentions-legales\/"]}]},{"@type":"BreadcrumbList","@id":"https:\/\/www.newtonvaureal.com\/fr\/mentions-legales\/#breadcrumb","itemListElement":[{"@type":"ListItem","position":1,"name":"Accueil","item":"https:\/\/www.newtonvaureal.com\/fr\/"},{"@type":"ListItem","position":2,"name":"Mentions l\u00e9gales"}]},{"@type":"WebSite","@id":"https:\/\/www.newtonvaureal.com\/fr\/#website","url":"https:\/\/www.newtonvaureal.com\/fr\/","name":"Newton.Vaureal Consulting","description":"","publisher":{"@id":"https:\/\/www.newtonvaureal.com\/fr\/#organization"},"potentialAction":[{"@type":"SearchAction","target":{"@type":"EntryPoint","urlTemplate":"https:\/\/www.newtonvaureal.com\/fr\/?s={search_term_string}"},"query-input":{"@type":"PropertyValueSpecification","valueRequired":true,"valueName":"search_term_string"}}],"inLanguage":"fr-FR"},{"@type":"Organization","@id":"https:\/\/www.newtonvaureal.com\/fr\/#organization","name":"Newton.Vaureal consulting","url":"https:\/\/www.newtonvaureal.com\/fr\/","logo":{"@type":"ImageObject","inLanguage":"fr-FR","@id":"https:\/\/www.newtonvaureal.com\/fr\/#\/schema\/logo\/image\/","url":"https:\/\/www.newtonvaureal.com\/wp-content\/uploads\/2021\/07\/logo_newton-eurogroup-blanc-21.png","contentUrl":"https:\/\/www.newtonvaureal.com\/wp-content\/uploads\/2021\/07\/logo_newton-eurogroup-blanc-21.png","width":200,"height":79,"caption":"Newton.Vaureal consulting"},"image":{"@id":"https:\/\/www.newtonvaureal.com\/fr\/#\/schema\/logo\/image\/"}}]}},"_links":{"self":[{"href":"https:\/\/www.newtonvaureal.com\/fr\/wp-json\/wp\/v2\/pages\/1990","targetHints":{"allow":["GET"]}}],"collection":[{"href":"https:\/\/www.newtonvaureal.com\/fr\/wp-json\/wp\/v2\/pages"}],"about":[{"href":"https:\/\/www.newtonvaureal.com\/fr\/wp-json\/wp\/v2\/types\/page"}],"author":[{"embeddable":true,"href":"https:\/\/www.newtonvaureal.com\/fr\/wp-json\/wp\/v2\/users\/1"}],"replies":[{"embeddable":true,"href":"https:\/\/www.newtonvaureal.com\/fr\/wp-json\/wp\/v2\/comments?post=1990"}],"version-history":[{"count":6,"href":"https:\/\/www.newtonvaureal.com\/fr\/wp-json\/wp\/v2\/pages\/1990\/revisions"}],"predecessor-version":[{"id":15173,"href":"https:\/\/www.newtonvaureal.com\/fr\/wp-json\/wp\/v2\/pages\/1990\/revisions\/15173"}],"wp:attachment":[{"href":"https:\/\/www.newtonvaureal.com\/fr\/wp-json\/wp\/v2\/media?parent=1990"}],"curies":[{"name":"wp","href":"https:\/\/api.w.org\/{rel}","templated":true}]}}