{"id":2650,"date":"2021-06-24T10:16:17","date_gmt":"2021-06-24T08:16:17","guid":{"rendered":"http:\/\/newton-vaureal.com\/?page_id=2650"},"modified":"2021-08-24T14:40:41","modified_gmt":"2021-08-24T12:40:41","slug":"optimisation-mathematique","status":"publish","type":"page","link":"https:\/\/www.newtonvaureal.com\/fr\/notre-expertise\/modelisation\/optimisation-mathematique\/","title":{"rendered":"Optimisation math\u00e9matique pour permettre les d\u00e9cisions logistiques"},"content":{"rendered":"\t\t<div data-elementor-type=\"wp-page\" data-elementor-id=\"2650\" class=\"elementor elementor-2650\" data-elementor-post-type=\"page\">\n\t\t\t\t\t\t<section class=\"elementor-section elementor-top-section elementor-element elementor-element-128ecc3e elementor-section-full_width elementor-section-height-min-height elementor-section-content-middle elementor-section-stretched elementor-section-height-default elementor-section-items-middle\" data-id=\"128ecc3e\" data-element_type=\"section\" data-e-type=\"section\" data-settings=\"{&quot;stretch_section&quot;:&quot;section-stretched&quot;,&quot;background_background&quot;:&quot;classic&quot;}\">\n\t\t\t\t\t\t<div class=\"elementor-container elementor-column-gap-default\">\n\t\t\t\t\t<div class=\"elementor-column elementor-col-100 elementor-top-column elementor-element elementor-element-3886a950\" data-id=\"3886a950\" data-element_type=\"column\" data-e-type=\"column\">\n\t\t\t<div class=\"elementor-widget-wrap elementor-element-populated\">\n\t\t\t\t\t\t\t<\/div>\n\t\t<\/div>\n\t\t\t\t\t<\/div>\n\t\t<\/section>\n\t\t\t\t<section class=\"elementor-section elementor-top-section elementor-element elementor-element-44007796 elementor-section-boxed elementor-section-height-default elementor-section-height-default\" data-id=\"44007796\" data-element_type=\"section\" data-e-type=\"section\">\n\t\t\t\t\t\t<div class=\"elementor-container elementor-column-gap-default\">\n\t\t\t\t\t<div class=\"elementor-column elementor-col-100 elementor-top-column elementor-element elementor-element-4b8c4c9d\" data-id=\"4b8c4c9d\" data-element_type=\"column\" data-e-type=\"column\">\n\t\t\t<div class=\"elementor-widget-wrap elementor-element-populated\">\n\t\t\t\t\t\t<div class=\"elementor-element elementor-element-2f71ed51 elementor-widget elementor-widget-text-editor\" data-id=\"2f71ed51\" data-element_type=\"widget\" data-e-type=\"widget\" data-widget_type=\"text-editor.default\">\n\t\t\t\t<div class=\"elementor-widget-container\">\n\t\t\t\t\t\t\t\t\t<p><span style=\"font-weight: 400;\">L\u2019optimisation math\u00e9matique sert \u00e0 r\u00e9soudre des probl\u00e8mes complexes, dans lesquels les choix potentiels sont nombreux, n\u00e9cessitant le recours \u00e0 une d\u00e9marche d\u2019aide \u00e0 la d\u00e9cision outill\u00e9e par une expertise math\u00e9matique et des moyens informatiques performants. Elle est incontournable dans l\u2019\u00e9laboration des <a href=\"https:\/\/www.newtonvaureal.com\/notre-expertise\/supply-chain\/schema-directeur\/\">sch\u00e9mas directeurs logistiques<\/a> afin de concevoir les r\u00e9seaux logistiques les plus performants. Si Newton.Vaureal Consulting a une expertise reconnue dans ce domaine, comme dans la mod\u00e9lisation des tourn\u00e9es et <a href=\"https:\/\/www.newtonvaureal.com\/notre-expertise\/supply-chain\/politique-dapprovisionnement-stock\/\">la planification des stocks<\/a>, notre champ d\u2019action en optimisation math\u00e9matique va au-del\u00e0 de la logistique et du supply chain management. Nous adressons \u00e9galement des probl\u00e9matiques de conception de plannings ou de sectorisation g\u00e9ographique dans le cadre du transport de personnes.\u00a0<\/span><\/p><p><span style=\"font-weight: 400;\">Afin de capturer au mieux les sp\u00e9cificit\u00e9s de chaque probl\u00e9matique, nous concevons des mod\u00e8les uniques pour chaque projet. Nous recourons aux meilleurs solveurs du march\u00e9 afin d\u2019obtenir les meilleurs r\u00e9sultats en quelques minutes, m\u00eame pour les probl\u00e8mes les plus complexes. Nous avons \u00e9galement la capacit\u00e9 de construire et de livrer des outils d\u2019aide \u00e0 la d\u00e9cision complets.<\/span><\/p>\t\t\t\t\t\t\t\t<\/div>\n\t\t\t\t<\/div>\n\t\t\t\t<div class=\"elementor-element elementor-element-ec2a9ad elementor-widget elementor-widget-image\" data-id=\"ec2a9ad\" data-element_type=\"widget\" data-e-type=\"widget\" data-widget_type=\"image.default\">\n\t\t\t\t<div class=\"elementor-widget-container\">\n\t\t\t\t\t\t\t\t\t\t\t\t\t\t\t<img decoding=\"async\" data-src=\"https:\/\/www.newtonvaureal.com\/\/wp-content\/uploads\/optimisation-mathematique.png\" title=\"\" alt=\"\" src=\"data:image\/svg+xml;base64,PHN2ZyB3aWR0aD0iMSIgaGVpZ2h0PSIxIiB4bWxucz0iaHR0cDovL3d3dy53My5vcmcvMjAwMC9zdmciPjwvc3ZnPg==\" class=\"lazyload\" \/>\t\t\t\t\t\t\t\t\t\t\t\t\t\t\t<\/div>\n\t\t\t\t<\/div>\n\t\t\t\t\t<\/div>\n\t\t<\/div>\n\t\t\t\t\t<\/div>\n\t\t<\/section>\n\t\t\t\t<section class=\"elementor-section elementor-top-section elementor-element elementor-element-2ad2615b elementor-section-boxed elementor-section-height-default elementor-section-height-default\" data-id=\"2ad2615b\" data-element_type=\"section\" data-e-type=\"section\">\n\t\t\t\t\t\t<div class=\"elementor-container elementor-column-gap-default\">\n\t\t\t\t\t<div class=\"elementor-column elementor-col-100 elementor-top-column elementor-element elementor-element-792cb779\" data-id=\"792cb779\" data-element_type=\"column\" data-e-type=\"column\">\n\t\t\t<div class=\"elementor-widget-wrap elementor-element-populated\">\n\t\t\t\t\t\t<div class=\"elementor-element elementor-element-c36cde1 elementor-widget elementor-widget-spacer\" data-id=\"c36cde1\" data-element_type=\"widget\" data-e-type=\"widget\" data-widget_type=\"spacer.default\">\n\t\t\t\t<div class=\"elementor-widget-container\">\n\t\t\t\t\t\t\t<div class=\"elementor-spacer\">\n\t\t\t<div class=\"elementor-spacer-inner\"><\/div>\n\t\t<\/div>\n\t\t\t\t\t\t<\/div>\n\t\t\t\t<\/div>\n\t\t\t\t<div class=\"elementor-element elementor-element-7b0331c9 elementor-widget elementor-widget-heading\" data-id=\"7b0331c9\" data-element_type=\"widget\" data-e-type=\"widget\" data-widget_type=\"heading.default\">\n\t\t\t\t<div class=\"elementor-widget-container\">\n\t\t\t\t\t<h2 class=\"elementor-heading-title elementor-size-default\">Notre cabinet de conseil intervient dans diff\u00e9rents secteurs<\/h2>\t\t\t\t<\/div>\n\t\t\t\t<\/div>\n\t\t\t\t\t<\/div>\n\t\t<\/div>\n\t\t\t\t\t<\/div>\n\t\t<\/section>\n\t\t\t\t<section class=\"elementor-section elementor-top-section elementor-element elementor-element-43c35322 elementor-section-boxed elementor-section-height-default elementor-section-height-default\" data-id=\"43c35322\" data-element_type=\"section\" data-e-type=\"section\">\n\t\t\t\t\t\t<div class=\"elementor-container elementor-column-gap-default\">\n\t\t\t\t\t<div class=\"elementor-column elementor-col-33 elementor-top-column elementor-element elementor-element-c3dddad\" data-id=\"c3dddad\" data-element_type=\"column\" data-e-type=\"column\">\n\t\t\t<div class=\"elementor-widget-wrap elementor-element-populated\">\n\t\t\t\t\t\t<div class=\"elementor-element elementor-element-1f78b1ee elementor-widget elementor-widget-heading\" data-id=\"1f78b1ee\" data-element_type=\"widget\" data-e-type=\"widget\" data-widget_type=\"heading.default\">\n\t\t\t\t<div class=\"elementor-widget-container\">\n\t\t\t\t\t<h3 class=\"elementor-heading-title elementor-size-default\"><a href=\"https:\/\/www.newtonvaureal.com\/\/secteurs\/distribution\/\">Distribution<\/a><\/h3>\t\t\t\t<\/div>\n\t\t\t\t<\/div>\n\t\t\t\t<div class=\"elementor-element elementor-element-5a9240da elementor-widget elementor-widget-image\" data-id=\"5a9240da\" data-element_type=\"widget\" data-e-type=\"widget\" data-widget_type=\"image.default\">\n\t\t\t\t<div class=\"elementor-widget-container\">\n\t\t\t\t\t\t\t\t\t\t\t\t\t\t\t\t<a href=\"https:\/\/www.newtonvaureal.com\/\/secteurs\/distribution\/\">\n\t\t\t\t\t\t\t<img fetchpriority=\"high\" decoding=\"async\" width=\"640\" height=\"400\" src=\"https:\/\/www.newtonvaureal.com\/wp-content\/uploads\/2021\/07\/distribution-640x400.jpg\" class=\"attachment-onepress-medium size-onepress-medium wp-image-6156\" alt=\"\" srcset=\"https:\/\/www.newtonvaureal.com\/wp-content\/uploads\/2021\/07\/distribution-640x400.jpg 640w, https:\/\/www.newtonvaureal.com\/wp-content\/uploads\/2021\/07\/distribution-480x300.jpg 480w\" sizes=\"(max-width: 640px) 100vw, 640px\" \/>\t\t\t\t\t\t\t\t<\/a>\n\t\t\t\t\t\t\t\t\t\t\t\t\t\t\t<\/div>\n\t\t\t\t<\/div>\n\t\t\t\t<div class=\"elementor-element elementor-element-6cfd1832 elementor-widget elementor-widget-text-editor\" data-id=\"6cfd1832\" data-element_type=\"widget\" data-e-type=\"widget\" data-widget_type=\"text-editor.default\">\n\t\t\t\t<div class=\"elementor-widget-container\">\n\t\t\t\t\t\t\t\t\t<p>Grands groupes, Institutions, PME, nous disposons des ressources pouvant accompagner des entreprises de toute taille et en toute circonstance (de la vision long terme \u00e0 l\u2019accompagnement en situation de crise)<\/p>\t\t\t\t\t\t\t\t<\/div>\n\t\t\t\t<\/div>\n\t\t\t\t\t<\/div>\n\t\t<\/div>\n\t\t\t\t<div class=\"elementor-column elementor-col-33 elementor-top-column elementor-element elementor-element-10da71d0\" data-id=\"10da71d0\" data-element_type=\"column\" data-e-type=\"column\">\n\t\t\t<div class=\"elementor-widget-wrap elementor-element-populated\">\n\t\t\t\t\t\t<div class=\"elementor-element elementor-element-1713b6d3 elementor-widget elementor-widget-heading\" data-id=\"1713b6d3\" data-element_type=\"widget\" data-e-type=\"widget\" data-widget_type=\"heading.default\">\n\t\t\t\t<div class=\"elementor-widget-container\">\n\t\t\t\t\t<h3 class=\"elementor-heading-title elementor-size-default\"><a href=\"https:\/\/www.newtonvaureal.com\/\/secteurs\/industrie\/\">Industrie<\/a><\/h3>\t\t\t\t<\/div>\n\t\t\t\t<\/div>\n\t\t\t\t<div class=\"elementor-element elementor-element-3176f363 elementor-widget elementor-widget-image\" data-id=\"3176f363\" data-element_type=\"widget\" data-e-type=\"widget\" data-widget_type=\"image.default\">\n\t\t\t\t<div class=\"elementor-widget-container\">\n\t\t\t\t\t\t\t\t\t\t\t\t\t\t\t\t<a href=\"https:\/\/www.newtonvaureal.com\/\/secteurs\/industrie\/\">\n\t\t\t\t\t\t\t<img decoding=\"async\" width=\"640\" height=\"400\" data-src=\"https:\/\/www.newtonvaureal.com\/wp-content\/uploads\/2021\/07\/Industries-5-640x400-1-640x400.jpg\" class=\"attachment-onepress-medium size-onepress-medium wp-image-6406 lazyload\" alt=\"\" data-srcset=\"https:\/\/www.newtonvaureal.com\/wp-content\/uploads\/2021\/07\/Industries-5-640x400-1.jpg 640w, https:\/\/www.newtonvaureal.com\/wp-content\/uploads\/2021\/07\/Industries-5-640x400-1-300x188.jpg 300w, https:\/\/www.newtonvaureal.com\/wp-content\/uploads\/2021\/07\/Industries-5-640x400-1-480x300.jpg 480w\" data-sizes=\"(max-width: 640px) 100vw, 640px\" src=\"data:image\/svg+xml;base64,PHN2ZyB3aWR0aD0iMSIgaGVpZ2h0PSIxIiB4bWxucz0iaHR0cDovL3d3dy53My5vcmcvMjAwMC9zdmciPjwvc3ZnPg==\" style=\"--smush-placeholder-width: 640px; --smush-placeholder-aspect-ratio: 640\/400;\" \/>\t\t\t\t\t\t\t\t<\/a>\n\t\t\t\t\t\t\t\t\t\t\t\t\t\t\t<\/div>\n\t\t\t\t<\/div>\n\t\t\t\t<div class=\"elementor-element elementor-element-7e5511cd elementor-widget elementor-widget-text-editor\" data-id=\"7e5511cd\" data-element_type=\"widget\" data-e-type=\"widget\" data-widget_type=\"text-editor.default\">\n\t\t\t\t<div class=\"elementor-widget-container\">\n\t\t\t\t\t\t\t\t\t<p>La Supply Chain rentre de plain-pied dans les sites industriels. La gestion des approvisionnements des sites n\u00e9cessite une meilleure collaboration avec les fournisseurs, une int\u00e9gration des cours d\u2019usine dans la chaine des flux<\/p>\t\t\t\t\t\t\t\t<\/div>\n\t\t\t\t<\/div>\n\t\t\t\t\t<\/div>\n\t\t<\/div>\n\t\t\t\t<div class=\"elementor-column elementor-col-33 elementor-top-column elementor-element elementor-element-7e4de8e4\" data-id=\"7e4de8e4\" data-element_type=\"column\" data-e-type=\"column\">\n\t\t\t<div class=\"elementor-widget-wrap elementor-element-populated\">\n\t\t\t\t\t\t<div class=\"elementor-element elementor-element-4d4fe43f elementor-widget elementor-widget-heading\" data-id=\"4d4fe43f\" data-element_type=\"widget\" data-e-type=\"widget\" data-widget_type=\"heading.default\">\n\t\t\t\t<div class=\"elementor-widget-container\">\n\t\t\t\t\t<h3 class=\"elementor-heading-title elementor-size-default\"><a href=\"https:\/\/www.newtonvaureal.com\/\/secteurs\/institutions-publiques-et-collectivites\/\">Institutions publiques et collectivit\u00e9s<\/a><\/h3>\t\t\t\t<\/div>\n\t\t\t\t<\/div>\n\t\t\t\t<div class=\"elementor-element elementor-element-1effa6c8 elementor-widget elementor-widget-image\" data-id=\"1effa6c8\" data-element_type=\"widget\" data-e-type=\"widget\" data-widget_type=\"image.default\">\n\t\t\t\t<div class=\"elementor-widget-container\">\n\t\t\t\t\t\t\t\t\t\t\t\t\t\t\t\t<a href=\"https:\/\/www.newtonvaureal.com\/\/secteurs\/institutions-publiques-et-collectivites\/\">\n\t\t\t\t\t\t\t<img decoding=\"async\" width=\"356\" height=\"400\" data-src=\"https:\/\/www.newtonvaureal.com\/wp-content\/uploads\/2021\/07\/Institutions-publiques-collectivites-hp.jpg\" class=\"attachment-onepress-medium size-onepress-medium wp-image-6407 lazyload\" alt=\"\" data-srcset=\"https:\/\/www.newtonvaureal.com\/wp-content\/uploads\/2021\/07\/Institutions-publiques-collectivites-hp.jpg 356w, https:\/\/www.newtonvaureal.com\/wp-content\/uploads\/2021\/07\/Institutions-publiques-collectivites-hp-267x300.jpg 267w\" data-sizes=\"(max-width: 356px) 100vw, 356px\" src=\"data:image\/svg+xml;base64,PHN2ZyB3aWR0aD0iMSIgaGVpZ2h0PSIxIiB4bWxucz0iaHR0cDovL3d3dy53My5vcmcvMjAwMC9zdmciPjwvc3ZnPg==\" style=\"--smush-placeholder-width: 356px; --smush-placeholder-aspect-ratio: 356\/400;\" \/>\t\t\t\t\t\t\t\t<\/a>\n\t\t\t\t\t\t\t\t\t\t\t\t\t\t\t<\/div>\n\t\t\t\t<\/div>\n\t\t\t\t<div class=\"elementor-element elementor-element-1f1b80f3 elementor-widget elementor-widget-text-editor\" data-id=\"1f1b80f3\" data-element_type=\"widget\" data-e-type=\"widget\" data-widget_type=\"text-editor.default\">\n\t\t\t\t<div class=\"elementor-widget-container\">\n\t\t\t\t\t\t\t\t\t<p>Nos interventions sont tourn\u00e9es sur des probl\u00e9matiques d\u2019organisation et de gestion des flux physiques ou sur des \u00e9tudes prospectives li\u00e9es aux territoires. Nos domaines d\u2019intervention portent sur la logistique urbaine, le report modal ou l\u2019empreinte carbone.<\/p>\t\t\t\t\t\t\t\t<\/div>\n\t\t\t\t<\/div>\n\t\t\t\t\t<\/div>\n\t\t<\/div>\n\t\t\t\t\t<\/div>\n\t\t<\/section>\n\t\t\t\t<\/div>\n\t\t","protected":false},"excerpt":{"rendered":"<p>L\u2019optimisation math\u00e9matique sert \u00e0 r\u00e9soudre des probl\u00e8mes complexes, dans lesquels les choix potentiels sont nombreux, n\u00e9cessitant le recours \u00e0 une d\u00e9marche d\u2019aide \u00e0 la d\u00e9cision outill\u00e9e par une expertise math\u00e9matique &#8230;<\/p>\n","protected":false},"author":1,"featured_media":0,"parent":1762,"menu_order":0,"comment_status":"closed","ping_status":"closed","template":"","meta":{"_acf_changed":false,"footnotes":""},"class_list":["post-2650","page","type-page","status-publish","hentry"],"acf":[],"yoast_head":"<!-- This site is optimized with the Yoast SEO plugin v27.0 - https:\/\/yoast.com\/product\/yoast-seo-wordpress\/ -->\n<title>Optimisation math\u00e9matique de la mod\u00e9lisation - Newton. Vaureal<\/title>\n<meta name=\"description\" content=\"La mod\u00e9lisation est un sujet pointilleux, et l&#039;optimisation math\u00e9matique en plus. D\u00e9couvrez notre expertise et comment nous pouvons vous accompagner.\" \/>\n<meta name=\"robots\" content=\"index, follow, max-snippet:-1, max-image-preview:large, max-video-preview:-1\" \/>\n<link rel=\"canonical\" href=\"https:\/\/www.newtonvaureal.com\/fr\/notre-expertise\/modelisation\/optimisation-mathematique\/\" \/>\n<meta property=\"og:locale\" content=\"fr_FR\" \/>\n<meta property=\"og:type\" content=\"article\" \/>\n<meta property=\"og:title\" content=\"Optimisation math\u00e9matique de la mod\u00e9lisation - Newton. Vaureal\" \/>\n<meta property=\"og:description\" content=\"La mod\u00e9lisation est un sujet pointilleux, et l&#039;optimisation math\u00e9matique en plus. D\u00e9couvrez notre expertise et comment nous pouvons vous accompagner.\" \/>\n<meta property=\"og:url\" content=\"https:\/\/www.newtonvaureal.com\/fr\/notre-expertise\/modelisation\/optimisation-mathematique\/\" \/>\n<meta property=\"og:site_name\" content=\"Newton.Vaureal Consulting\" \/>\n<meta property=\"article:modified_time\" content=\"2021-08-24T12:40:41+00:00\" \/>\n<meta property=\"og:image\" content=\"https:\/\/www.newtonvaureal.com\/\/wp-content\/uploads\/optimisation-mathematique.png\" \/>\n<meta name=\"twitter:card\" content=\"summary_large_image\" \/>\n<script type=\"application\/ld+json\" class=\"yoast-schema-graph\">{\"@context\":\"https:\/\/schema.org\",\"@graph\":[{\"@type\":\"WebPage\",\"@id\":\"https:\/\/www.newtonvaureal.com\/fr\/notre-expertise\/modelisation\/optimisation-mathematique\/\",\"url\":\"https:\/\/www.newtonvaureal.com\/fr\/notre-expertise\/modelisation\/optimisation-mathematique\/\",\"name\":\"Optimisation math\u00e9matique de la mod\u00e9lisation - Newton. Vaureal\",\"isPartOf\":{\"@id\":\"https:\/\/www.newtonvaureal.com\/fr\/#website\"},\"primaryImageOfPage\":{\"@id\":\"https:\/\/www.newtonvaureal.com\/fr\/notre-expertise\/modelisation\/optimisation-mathematique\/#primaryimage\"},\"image\":{\"@id\":\"https:\/\/www.newtonvaureal.com\/fr\/notre-expertise\/modelisation\/optimisation-mathematique\/#primaryimage\"},\"thumbnailUrl\":\"https:\/\/www.newtonvaureal.com\/\/wp-content\/uploads\/optimisation-mathematique.png\",\"datePublished\":\"2021-06-24T08:16:17+00:00\",\"dateModified\":\"2021-08-24T12:40:41+00:00\",\"description\":\"La mod\u00e9lisation est un sujet pointilleux, et l'optimisation math\u00e9matique en plus. D\u00e9couvrez notre expertise et comment nous pouvons vous accompagner.\",\"breadcrumb\":{\"@id\":\"https:\/\/www.newtonvaureal.com\/fr\/notre-expertise\/modelisation\/optimisation-mathematique\/#breadcrumb\"},\"inLanguage\":\"fr-FR\",\"potentialAction\":[{\"@type\":\"ReadAction\",\"target\":[\"https:\/\/www.newtonvaureal.com\/fr\/notre-expertise\/modelisation\/optimisation-mathematique\/\"]}]},{\"@type\":\"ImageObject\",\"inLanguage\":\"fr-FR\",\"@id\":\"https:\/\/www.newtonvaureal.com\/fr\/notre-expertise\/modelisation\/optimisation-mathematique\/#primaryimage\",\"url\":\"https:\/\/www.newtonvaureal.com\/\/wp-content\/uploads\/optimisation-mathematique.png\",\"contentUrl\":\"https:\/\/www.newtonvaureal.com\/\/wp-content\/uploads\/optimisation-mathematique.png\"},{\"@type\":\"BreadcrumbList\",\"@id\":\"https:\/\/www.newtonvaureal.com\/fr\/notre-expertise\/modelisation\/optimisation-mathematique\/#breadcrumb\",\"itemListElement\":[{\"@type\":\"ListItem\",\"position\":1,\"name\":\"Accueil\",\"item\":\"https:\/\/www.newtonvaureal.com\/fr\/\"},{\"@type\":\"ListItem\",\"position\":2,\"name\":\"Notre expertise\",\"item\":\"https:\/\/www.newtonvaureal.com\/fr\/notre-expertise\/\"},{\"@type\":\"ListItem\",\"position\":3,\"name\":\"Mod\u00e9lisation de supply chain\",\"item\":\"https:\/\/www.newtonvaureal.com\/fr\/notre-expertise\/modelisation\/\"},{\"@type\":\"ListItem\",\"position\":4,\"name\":\"Optimisation math\u00e9matique pour permettre les d\u00e9cisions logistiques\"}]},{\"@type\":\"WebSite\",\"@id\":\"https:\/\/www.newtonvaureal.com\/fr\/#website\",\"url\":\"https:\/\/www.newtonvaureal.com\/fr\/\",\"name\":\"Newton.Vaureal Consulting\",\"description\":\"\",\"publisher\":{\"@id\":\"https:\/\/www.newtonvaureal.com\/fr\/#organization\"},\"potentialAction\":[{\"@type\":\"SearchAction\",\"target\":{\"@type\":\"EntryPoint\",\"urlTemplate\":\"https:\/\/www.newtonvaureal.com\/fr\/?s={search_term_string}\"},\"query-input\":{\"@type\":\"PropertyValueSpecification\",\"valueRequired\":true,\"valueName\":\"search_term_string\"}}],\"inLanguage\":\"fr-FR\"},{\"@type\":\"Organization\",\"@id\":\"https:\/\/www.newtonvaureal.com\/fr\/#organization\",\"name\":\"Newton.Vaureal consulting\",\"url\":\"https:\/\/www.newtonvaureal.com\/fr\/\",\"logo\":{\"@type\":\"ImageObject\",\"inLanguage\":\"fr-FR\",\"@id\":\"https:\/\/www.newtonvaureal.com\/fr\/#\/schema\/logo\/image\/\",\"url\":\"https:\/\/www.newtonvaureal.com\/wp-content\/uploads\/2021\/07\/logo_newton-eurogroup-blanc-21.png\",\"contentUrl\":\"https:\/\/www.newtonvaureal.com\/wp-content\/uploads\/2021\/07\/logo_newton-eurogroup-blanc-21.png\",\"width\":200,\"height\":79,\"caption\":\"Newton.Vaureal consulting\"},\"image\":{\"@id\":\"https:\/\/www.newtonvaureal.com\/fr\/#\/schema\/logo\/image\/\"}}]}<\/script>\n<!-- \/ Yoast SEO plugin. -->","yoast_head_json":{"title":"Optimisation math\u00e9matique de la mod\u00e9lisation - Newton. Vaureal","description":"La mod\u00e9lisation est un sujet pointilleux, et l'optimisation math\u00e9matique en plus. D\u00e9couvrez notre expertise et comment nous pouvons vous accompagner.","robots":{"index":"index","follow":"follow","max-snippet":"max-snippet:-1","max-image-preview":"max-image-preview:large","max-video-preview":"max-video-preview:-1"},"canonical":"https:\/\/www.newtonvaureal.com\/fr\/notre-expertise\/modelisation\/optimisation-mathematique\/","og_locale":"fr_FR","og_type":"article","og_title":"Optimisation math\u00e9matique de la mod\u00e9lisation - Newton. Vaureal","og_description":"La mod\u00e9lisation est un sujet pointilleux, et l'optimisation math\u00e9matique en plus. D\u00e9couvrez notre expertise et comment nous pouvons vous accompagner.","og_url":"https:\/\/www.newtonvaureal.com\/fr\/notre-expertise\/modelisation\/optimisation-mathematique\/","og_site_name":"Newton.Vaureal Consulting","article_modified_time":"2021-08-24T12:40:41+00:00","og_image":[{"url":"https:\/\/www.newtonvaureal.com\/\/wp-content\/uploads\/optimisation-mathematique.png","type":"","width":"","height":""}],"twitter_card":"summary_large_image","schema":{"@context":"https:\/\/schema.org","@graph":[{"@type":"WebPage","@id":"https:\/\/www.newtonvaureal.com\/fr\/notre-expertise\/modelisation\/optimisation-mathematique\/","url":"https:\/\/www.newtonvaureal.com\/fr\/notre-expertise\/modelisation\/optimisation-mathematique\/","name":"Optimisation math\u00e9matique de la mod\u00e9lisation - Newton. Vaureal","isPartOf":{"@id":"https:\/\/www.newtonvaureal.com\/fr\/#website"},"primaryImageOfPage":{"@id":"https:\/\/www.newtonvaureal.com\/fr\/notre-expertise\/modelisation\/optimisation-mathematique\/#primaryimage"},"image":{"@id":"https:\/\/www.newtonvaureal.com\/fr\/notre-expertise\/modelisation\/optimisation-mathematique\/#primaryimage"},"thumbnailUrl":"https:\/\/www.newtonvaureal.com\/\/wp-content\/uploads\/optimisation-mathematique.png","datePublished":"2021-06-24T08:16:17+00:00","dateModified":"2021-08-24T12:40:41+00:00","description":"La mod\u00e9lisation est un sujet pointilleux, et l'optimisation math\u00e9matique en plus. D\u00e9couvrez notre expertise et comment nous pouvons vous accompagner.","breadcrumb":{"@id":"https:\/\/www.newtonvaureal.com\/fr\/notre-expertise\/modelisation\/optimisation-mathematique\/#breadcrumb"},"inLanguage":"fr-FR","potentialAction":[{"@type":"ReadAction","target":["https:\/\/www.newtonvaureal.com\/fr\/notre-expertise\/modelisation\/optimisation-mathematique\/"]}]},{"@type":"ImageObject","inLanguage":"fr-FR","@id":"https:\/\/www.newtonvaureal.com\/fr\/notre-expertise\/modelisation\/optimisation-mathematique\/#primaryimage","url":"https:\/\/www.newtonvaureal.com\/\/wp-content\/uploads\/optimisation-mathematique.png","contentUrl":"https:\/\/www.newtonvaureal.com\/\/wp-content\/uploads\/optimisation-mathematique.png"},{"@type":"BreadcrumbList","@id":"https:\/\/www.newtonvaureal.com\/fr\/notre-expertise\/modelisation\/optimisation-mathematique\/#breadcrumb","itemListElement":[{"@type":"ListItem","position":1,"name":"Accueil","item":"https:\/\/www.newtonvaureal.com\/fr\/"},{"@type":"ListItem","position":2,"name":"Notre expertise","item":"https:\/\/www.newtonvaureal.com\/fr\/notre-expertise\/"},{"@type":"ListItem","position":3,"name":"Mod\u00e9lisation de supply chain","item":"https:\/\/www.newtonvaureal.com\/fr\/notre-expertise\/modelisation\/"},{"@type":"ListItem","position":4,"name":"Optimisation math\u00e9matique pour permettre les d\u00e9cisions logistiques"}]},{"@type":"WebSite","@id":"https:\/\/www.newtonvaureal.com\/fr\/#website","url":"https:\/\/www.newtonvaureal.com\/fr\/","name":"Newton.Vaureal Consulting","description":"","publisher":{"@id":"https:\/\/www.newtonvaureal.com\/fr\/#organization"},"potentialAction":[{"@type":"SearchAction","target":{"@type":"EntryPoint","urlTemplate":"https:\/\/www.newtonvaureal.com\/fr\/?s={search_term_string}"},"query-input":{"@type":"PropertyValueSpecification","valueRequired":true,"valueName":"search_term_string"}}],"inLanguage":"fr-FR"},{"@type":"Organization","@id":"https:\/\/www.newtonvaureal.com\/fr\/#organization","name":"Newton.Vaureal consulting","url":"https:\/\/www.newtonvaureal.com\/fr\/","logo":{"@type":"ImageObject","inLanguage":"fr-FR","@id":"https:\/\/www.newtonvaureal.com\/fr\/#\/schema\/logo\/image\/","url":"https:\/\/www.newtonvaureal.com\/wp-content\/uploads\/2021\/07\/logo_newton-eurogroup-blanc-21.png","contentUrl":"https:\/\/www.newtonvaureal.com\/wp-content\/uploads\/2021\/07\/logo_newton-eurogroup-blanc-21.png","width":200,"height":79,"caption":"Newton.Vaureal consulting"},"image":{"@id":"https:\/\/www.newtonvaureal.com\/fr\/#\/schema\/logo\/image\/"}}]}},"_links":{"self":[{"href":"https:\/\/www.newtonvaureal.com\/fr\/wp-json\/wp\/v2\/pages\/2650","targetHints":{"allow":["GET"]}}],"collection":[{"href":"https:\/\/www.newtonvaureal.com\/fr\/wp-json\/wp\/v2\/pages"}],"about":[{"href":"https:\/\/www.newtonvaureal.com\/fr\/wp-json\/wp\/v2\/types\/page"}],"author":[{"embeddable":true,"href":"https:\/\/www.newtonvaureal.com\/fr\/wp-json\/wp\/v2\/users\/1"}],"replies":[{"embeddable":true,"href":"https:\/\/www.newtonvaureal.com\/fr\/wp-json\/wp\/v2\/comments?post=2650"}],"version-history":[{"count":6,"href":"https:\/\/www.newtonvaureal.com\/fr\/wp-json\/wp\/v2\/pages\/2650\/revisions"}],"predecessor-version":[{"id":7301,"href":"https:\/\/www.newtonvaureal.com\/fr\/wp-json\/wp\/v2\/pages\/2650\/revisions\/7301"}],"up":[{"embeddable":true,"href":"https:\/\/www.newtonvaureal.com\/fr\/wp-json\/wp\/v2\/pages\/1762"}],"wp:attachment":[{"href":"https:\/\/www.newtonvaureal.com\/fr\/wp-json\/wp\/v2\/media?parent=2650"}],"curies":[{"name":"wp","href":"https:\/\/api.w.org\/{rel}","templated":true}]}}