{"id":26604,"date":"2025-04-01T16:26:16","date_gmt":"2025-04-01T14:26:16","guid":{"rendered":"https:\/\/www.newtonvaureal.com\/?page_id=26604"},"modified":"2025-04-01T17:33:52","modified_gmt":"2025-04-01T15:33:52","slug":"tms-dms-cms-quelle-solution-pour-mes-expeditions","status":"publish","type":"page","link":"https:\/\/www.newtonvaureal.com\/fr\/tms-dms-cms-quelle-solution-pour-mes-expeditions\/","title":{"rendered":"TMS, DMS, CMS : quelle solution pour mes exp\u00e9ditions?"},"content":{"rendered":"\t\t<div data-elementor-type=\"wp-page\" data-elementor-id=\"26604\" class=\"elementor elementor-26604\" data-elementor-post-type=\"page\">\n\t\t\t\t\t\t<section class=\"elementor-section elementor-top-section elementor-element elementor-element-1b26188d elementor-section-boxed elementor-section-height-default elementor-section-height-default\" data-id=\"1b26188d\" data-element_type=\"section\" data-e-type=\"section\">\n\t\t\t\t\t\t<div class=\"elementor-container elementor-column-gap-default\">\n\t\t\t\t\t<div class=\"elementor-column elementor-col-100 elementor-top-column elementor-element elementor-element-18485bdd\" data-id=\"18485bdd\" data-element_type=\"column\" data-e-type=\"column\">\n\t\t\t<div class=\"elementor-widget-wrap elementor-element-populated\">\n\t\t\t\t\t\t<div class=\"elementor-element elementor-element-10d80dc elementor-widget elementor-widget-text-editor\" data-id=\"10d80dc\" data-element_type=\"widget\" data-e-type=\"widget\" data-widget_type=\"text-editor.default\">\n\t\t\t\t<div class=\"elementor-widget-container\">\n\t\t\t\t\t\t\t\t\t<p><span style=\"text-decoration: underline;\"><strong style=\"font-family: inherit; background-color: transparent;\">TMS, DMS, CMS&#8230; Quelle solution digitale <\/strong><strong style=\"font-family: inherit; background-color: transparent;\">pour mes exp\u00e9ditions ?<\/strong><\/span><\/p><p>Dans un contexte o\u00f9 la livraison est au c\u0153ur de l&rsquo;exp\u00e9rience client, et o\u00f9 le transport est un enjeu \u00e9conomique et environnemental majeur, la digitalisation des exp\u00e9ditions est devenue une n\u00e9cessit\u00e9.<\/p><p>Mais l&rsquo;offre de solutions s&rsquo;est diversifi\u00e9e et complexifi\u00e9e : transport management, delivery management, carriers management&#8230; Pour vous aider \u00e0 mieux comprendre les apports de chaque famille de solution digitale, et faire les bons choix, nous avons con\u00e7u ce <strong>livre blanc<\/strong> <strong>exclusif<\/strong> sur les <strong>offres de TMS, DMS et CMS<\/strong>. Ce document vous donnera les cl\u00e9s pour :<\/p><p>&#8211; Comprendre pourquoi les <strong>nouveaux enjeux<\/strong> du transport de fret, aussi bien en B2B qu&rsquo;en B2C, cr\u00e9ent des besoins de digitalisation toujours plus importants.<\/p><p>&#8211; D\u00e9couvrir comment les nouveaux <strong>outils transport<\/strong>, DMS et CMS, apparus pour r\u00e9pondre \u00e0 ces besoins, se positionnent face aux TMS.<\/p><p>&#8211; Illustrer les probl\u00e9matiques trait\u00e9es et les gains \u00e0 travers trois exemples de <strong>retours d&rsquo;exp\u00e9rience<\/strong>.<\/p><p><strong><a href=\"https:\/\/www.newtonvaureal.com\/wp-content\/uploads\/2025-Dossier-TMS-DMS-CMS.pdf\">T\u00e9l\u00e9chargez d\u00e8s maintenant<\/a> <\/strong>le livre blanc ou demandez simplement \u00e0 \u00eatre <strong>contact\u00e9 par un de nos experts <\/strong>(lien ci-dessous ou \u00e0 <a href=\"mailto:contact@newtonvaureal.com\">contact@newtonvaureal.com<\/a>) pour explorer les <strong>b\u00e9n\u00e9fices de ces solutions<\/strong> pour votre organisation !<\/p>\t\t\t\t\t\t\t\t<\/div>\n\t\t\t\t<\/div>\n\t\t\t\t\t<\/div>\n\t\t<\/div>\n\t\t\t\t\t<\/div>\n\t\t<\/section>\n\t\t\t\t<section class=\"elementor-section elementor-top-section elementor-element elementor-element-c521aa3 elementor-section-boxed elementor-section-height-default elementor-section-height-default\" data-id=\"c521aa3\" data-element_type=\"section\" data-e-type=\"section\">\n\t\t\t\t\t\t<div class=\"elementor-container elementor-column-gap-default\">\n\t\t\t\t\t<div class=\"elementor-column elementor-col-100 elementor-top-column elementor-element elementor-element-933e6e9\" data-id=\"933e6e9\" data-element_type=\"column\" data-e-type=\"column\">\n\t\t\t<div class=\"elementor-widget-wrap elementor-element-populated\">\n\t\t\t\t\t\t<div class=\"elementor-element elementor-element-629711d elementor-widget elementor-widget-pdf_viewer\" data-id=\"629711d\" data-element_type=\"widget\" data-e-type=\"widget\" data-widget_type=\"pdf_viewer.default\">\n\t\t\t\t<div class=\"elementor-widget-container\">\n\t\t\t\t\t<iframe data-src=\"https:\/\/docs.google.com\/viewer?url=https:\/\/www.newtonvaureal.com\/wp-content\/uploads\/2025-Dossier-TMS-DMS-CMS.pdf&amp;embedded=true\" style=\"display: block; margin-left: auto; margin-right: auto; width: 860px; height: 710px;\" frameborder=\"1\" marginheight=\"0px\" marginwidth=\"0px\" allowfullscreen src=\"data:image\/svg+xml;base64,PHN2ZyB3aWR0aD0iMSIgaGVpZ2h0PSIxIiB4bWxucz0iaHR0cDovL3d3dy53My5vcmcvMjAwMC9zdmciPjwvc3ZnPg==\" class=\"lazyload\" data-load-mode=\"1\"><\/iframe>\t\t\t\t<\/div>\n\t\t\t\t<\/div>\n\t\t\t\t\t<\/div>\n\t\t<\/div>\n\t\t\t\t\t<\/div>\n\t\t<\/section>\n\t\t\t\t<section class=\"elementor-section elementor-top-section elementor-element elementor-element-1e4e1a99 elementor-section-boxed elementor-section-height-default elementor-section-height-default\" data-id=\"1e4e1a99\" data-element_type=\"section\" data-e-type=\"section\">\n\t\t\t\t\t\t<div class=\"elementor-container elementor-column-gap-default\">\n\t\t\t\t\t<div class=\"elementor-column elementor-col-100 elementor-top-column elementor-element elementor-element-38b73d79\" data-id=\"38b73d79\" data-element_type=\"column\" data-e-type=\"column\">\n\t\t\t<div class=\"elementor-widget-wrap elementor-element-populated\">\n\t\t\t\t\t\t<div class=\"elementor-element elementor-element-24c5c99d elementor-widget elementor-widget-spacer\" data-id=\"24c5c99d\" data-element_type=\"widget\" data-e-type=\"widget\" data-widget_type=\"spacer.default\">\n\t\t\t\t<div class=\"elementor-widget-container\">\n\t\t\t\t\t\t\t<div class=\"elementor-spacer\">\n\t\t\t<div class=\"elementor-spacer-inner\"><\/div>\n\t\t<\/div>\n\t\t\t\t\t\t<\/div>\n\t\t\t\t<\/div>\n\t\t\t\t<div class=\"elementor-element elementor-element-76cec28f elementor-widget__width-initial elementor-widget elementor-widget-html\" data-id=\"76cec28f\" data-element_type=\"widget\" data-e-type=\"widget\" data-widget_type=\"html.default\">\n\t\t\t\t<div class=\"elementor-widget-container\">\n\t\t\t\t\t<div style=\"width: 100%; max-width: 100%; padding: 20px; box-sizing: border-box;\">\n    <div class=\"pipedriveWebForms\"  data-pd-webforms=\"https:\/\/webforms.pipedrive.com\/f\/ccGjGhPJYiKsKFe2ugPJOpTyaxRAAQluAxJPaKfqybBUSnnHtCz7BqzqzjGgLCaSH1\">\n        <script src=\"https:\/\/webforms.pipedrive.com\/f\/loader\"><\/script>\n    <\/div>\n<\/div>\t\t\t\t<\/div>\n\t\t\t\t<\/div>\n\t\t\t\t\t<\/div>\n\t\t<\/div>\n\t\t\t\t\t<\/div>\n\t\t<\/section>\n\t\t\t\t<\/div>\n\t\t","protected":false},"excerpt":{"rendered":"<p>TMS, DMS, CMS&#8230; Quelle solution digitale pour mes exp\u00e9ditions ? Dans un contexte o\u00f9 la livraison est au c\u0153ur de l&rsquo;exp\u00e9rience client, et o\u00f9 le transport est un enjeu \u00e9conomique &#8230;<\/p>\n","protected":false},"author":3,"featured_media":0,"parent":0,"menu_order":0,"comment_status":"closed","ping_status":"closed","template":"","meta":{"_acf_changed":false,"footnotes":""},"class_list":["post-26604","page","type-page","status-publish","hentry"],"acf":[],"yoast_head":"<!-- This site is optimized with the Yoast SEO plugin v27.0 - https:\/\/yoast.com\/product\/yoast-seo-wordpress\/ -->\n<title>TMS, DMS, CMS : quelle solution pour mes exp\u00e9ditions? - Newton.Vaureal Consulting<\/title>\n<meta name=\"robots\" content=\"index, follow, max-snippet:-1, max-image-preview:large, max-video-preview:-1\" \/>\n<link rel=\"canonical\" href=\"https:\/\/www.newtonvaureal.com\/fr\/tms-dms-cms-quelle-solution-pour-mes-expeditions\/\" \/>\n<meta property=\"og:locale\" content=\"fr_FR\" \/>\n<meta property=\"og:type\" content=\"article\" \/>\n<meta property=\"og:title\" content=\"TMS, DMS, CMS : quelle solution pour mes exp\u00e9ditions? - Newton.Vaureal Consulting\" \/>\n<meta property=\"og:description\" content=\"TMS, DMS, CMS&#8230; Quelle solution digitale pour mes exp\u00e9ditions ? Dans un contexte o\u00f9 la livraison est au c\u0153ur de l&rsquo;exp\u00e9rience client, et o\u00f9 le transport est un enjeu \u00e9conomique ...\" \/>\n<meta property=\"og:url\" content=\"https:\/\/www.newtonvaureal.com\/fr\/tms-dms-cms-quelle-solution-pour-mes-expeditions\/\" \/>\n<meta property=\"og:site_name\" content=\"Newton.Vaureal Consulting\" \/>\n<meta property=\"article:modified_time\" content=\"2025-04-01T15:33:52+00:00\" \/>\n<meta name=\"twitter:card\" content=\"summary_large_image\" \/>\n<script type=\"application\/ld+json\" class=\"yoast-schema-graph\">{\"@context\":\"https:\/\/schema.org\",\"@graph\":[{\"@type\":\"WebPage\",\"@id\":\"https:\/\/www.newtonvaureal.com\/fr\/tms-dms-cms-quelle-solution-pour-mes-expeditions\/\",\"url\":\"https:\/\/www.newtonvaureal.com\/fr\/tms-dms-cms-quelle-solution-pour-mes-expeditions\/\",\"name\":\"TMS, DMS, CMS : quelle solution pour mes exp\u00e9ditions? - Newton.Vaureal Consulting\",\"isPartOf\":{\"@id\":\"https:\/\/www.newtonvaureal.com\/fr\/#website\"},\"datePublished\":\"2025-04-01T14:26:16+00:00\",\"dateModified\":\"2025-04-01T15:33:52+00:00\",\"breadcrumb\":{\"@id\":\"https:\/\/www.newtonvaureal.com\/fr\/tms-dms-cms-quelle-solution-pour-mes-expeditions\/#breadcrumb\"},\"inLanguage\":\"fr-FR\",\"potentialAction\":[{\"@type\":\"ReadAction\",\"target\":[\"https:\/\/www.newtonvaureal.com\/fr\/tms-dms-cms-quelle-solution-pour-mes-expeditions\/\"]}]},{\"@type\":\"BreadcrumbList\",\"@id\":\"https:\/\/www.newtonvaureal.com\/fr\/tms-dms-cms-quelle-solution-pour-mes-expeditions\/#breadcrumb\",\"itemListElement\":[{\"@type\":\"ListItem\",\"position\":1,\"name\":\"Accueil\",\"item\":\"https:\/\/www.newtonvaureal.com\/fr\/\"},{\"@type\":\"ListItem\",\"position\":2,\"name\":\"TMS, DMS, CMS : quelle solution pour mes exp\u00e9ditions?\"}]},{\"@type\":\"WebSite\",\"@id\":\"https:\/\/www.newtonvaureal.com\/fr\/#website\",\"url\":\"https:\/\/www.newtonvaureal.com\/fr\/\",\"name\":\"Newton.Vaureal Consulting\",\"description\":\"\",\"publisher\":{\"@id\":\"https:\/\/www.newtonvaureal.com\/fr\/#organization\"},\"potentialAction\":[{\"@type\":\"SearchAction\",\"target\":{\"@type\":\"EntryPoint\",\"urlTemplate\":\"https:\/\/www.newtonvaureal.com\/fr\/?s={search_term_string}\"},\"query-input\":{\"@type\":\"PropertyValueSpecification\",\"valueRequired\":true,\"valueName\":\"search_term_string\"}}],\"inLanguage\":\"fr-FR\"},{\"@type\":\"Organization\",\"@id\":\"https:\/\/www.newtonvaureal.com\/fr\/#organization\",\"name\":\"Newton.Vaureal consulting\",\"url\":\"https:\/\/www.newtonvaureal.com\/fr\/\",\"logo\":{\"@type\":\"ImageObject\",\"inLanguage\":\"fr-FR\",\"@id\":\"https:\/\/www.newtonvaureal.com\/fr\/#\/schema\/logo\/image\/\",\"url\":\"https:\/\/www.newtonvaureal.com\/wp-content\/uploads\/2021\/07\/logo_newton-eurogroup-blanc-21.png\",\"contentUrl\":\"https:\/\/www.newtonvaureal.com\/wp-content\/uploads\/2021\/07\/logo_newton-eurogroup-blanc-21.png\",\"width\":200,\"height\":79,\"caption\":\"Newton.Vaureal consulting\"},\"image\":{\"@id\":\"https:\/\/www.newtonvaureal.com\/fr\/#\/schema\/logo\/image\/\"}}]}<\/script>\n<!-- \/ Yoast SEO plugin. -->","yoast_head_json":{"title":"TMS, DMS, CMS : quelle solution pour mes exp\u00e9ditions? - Newton.Vaureal Consulting","robots":{"index":"index","follow":"follow","max-snippet":"max-snippet:-1","max-image-preview":"max-image-preview:large","max-video-preview":"max-video-preview:-1"},"canonical":"https:\/\/www.newtonvaureal.com\/fr\/tms-dms-cms-quelle-solution-pour-mes-expeditions\/","og_locale":"fr_FR","og_type":"article","og_title":"TMS, DMS, CMS : quelle solution pour mes exp\u00e9ditions? - Newton.Vaureal Consulting","og_description":"TMS, DMS, CMS&#8230; Quelle solution digitale pour mes exp\u00e9ditions ? Dans un contexte o\u00f9 la livraison est au c\u0153ur de l&rsquo;exp\u00e9rience client, et o\u00f9 le transport est un enjeu \u00e9conomique ...","og_url":"https:\/\/www.newtonvaureal.com\/fr\/tms-dms-cms-quelle-solution-pour-mes-expeditions\/","og_site_name":"Newton.Vaureal Consulting","article_modified_time":"2025-04-01T15:33:52+00:00","twitter_card":"summary_large_image","schema":{"@context":"https:\/\/schema.org","@graph":[{"@type":"WebPage","@id":"https:\/\/www.newtonvaureal.com\/fr\/tms-dms-cms-quelle-solution-pour-mes-expeditions\/","url":"https:\/\/www.newtonvaureal.com\/fr\/tms-dms-cms-quelle-solution-pour-mes-expeditions\/","name":"TMS, DMS, CMS : quelle solution pour mes exp\u00e9ditions? - Newton.Vaureal Consulting","isPartOf":{"@id":"https:\/\/www.newtonvaureal.com\/fr\/#website"},"datePublished":"2025-04-01T14:26:16+00:00","dateModified":"2025-04-01T15:33:52+00:00","breadcrumb":{"@id":"https:\/\/www.newtonvaureal.com\/fr\/tms-dms-cms-quelle-solution-pour-mes-expeditions\/#breadcrumb"},"inLanguage":"fr-FR","potentialAction":[{"@type":"ReadAction","target":["https:\/\/www.newtonvaureal.com\/fr\/tms-dms-cms-quelle-solution-pour-mes-expeditions\/"]}]},{"@type":"BreadcrumbList","@id":"https:\/\/www.newtonvaureal.com\/fr\/tms-dms-cms-quelle-solution-pour-mes-expeditions\/#breadcrumb","itemListElement":[{"@type":"ListItem","position":1,"name":"Accueil","item":"https:\/\/www.newtonvaureal.com\/fr\/"},{"@type":"ListItem","position":2,"name":"TMS, DMS, CMS : quelle solution pour mes exp\u00e9ditions?"}]},{"@type":"WebSite","@id":"https:\/\/www.newtonvaureal.com\/fr\/#website","url":"https:\/\/www.newtonvaureal.com\/fr\/","name":"Newton.Vaureal Consulting","description":"","publisher":{"@id":"https:\/\/www.newtonvaureal.com\/fr\/#organization"},"potentialAction":[{"@type":"SearchAction","target":{"@type":"EntryPoint","urlTemplate":"https:\/\/www.newtonvaureal.com\/fr\/?s={search_term_string}"},"query-input":{"@type":"PropertyValueSpecification","valueRequired":true,"valueName":"search_term_string"}}],"inLanguage":"fr-FR"},{"@type":"Organization","@id":"https:\/\/www.newtonvaureal.com\/fr\/#organization","name":"Newton.Vaureal consulting","url":"https:\/\/www.newtonvaureal.com\/fr\/","logo":{"@type":"ImageObject","inLanguage":"fr-FR","@id":"https:\/\/www.newtonvaureal.com\/fr\/#\/schema\/logo\/image\/","url":"https:\/\/www.newtonvaureal.com\/wp-content\/uploads\/2021\/07\/logo_newton-eurogroup-blanc-21.png","contentUrl":"https:\/\/www.newtonvaureal.com\/wp-content\/uploads\/2021\/07\/logo_newton-eurogroup-blanc-21.png","width":200,"height":79,"caption":"Newton.Vaureal consulting"},"image":{"@id":"https:\/\/www.newtonvaureal.com\/fr\/#\/schema\/logo\/image\/"}}]}},"_links":{"self":[{"href":"https:\/\/www.newtonvaureal.com\/fr\/wp-json\/wp\/v2\/pages\/26604","targetHints":{"allow":["GET"]}}],"collection":[{"href":"https:\/\/www.newtonvaureal.com\/fr\/wp-json\/wp\/v2\/pages"}],"about":[{"href":"https:\/\/www.newtonvaureal.com\/fr\/wp-json\/wp\/v2\/types\/page"}],"author":[{"embeddable":true,"href":"https:\/\/www.newtonvaureal.com\/fr\/wp-json\/wp\/v2\/users\/3"}],"replies":[{"embeddable":true,"href":"https:\/\/www.newtonvaureal.com\/fr\/wp-json\/wp\/v2\/comments?post=26604"}],"version-history":[{"count":20,"href":"https:\/\/www.newtonvaureal.com\/fr\/wp-json\/wp\/v2\/pages\/26604\/revisions"}],"predecessor-version":[{"id":26641,"href":"https:\/\/www.newtonvaureal.com\/fr\/wp-json\/wp\/v2\/pages\/26604\/revisions\/26641"}],"wp:attachment":[{"href":"https:\/\/www.newtonvaureal.com\/fr\/wp-json\/wp\/v2\/media?parent=26604"}],"curies":[{"name":"wp","href":"https:\/\/api.w.org\/{rel}","templated":true}]}}