{"id":27351,"date":"2025-05-11T15:42:03","date_gmt":"2025-05-11T13:42:03","guid":{"rendered":"https:\/\/www.newtonvaureal.com\/?page_id=27351"},"modified":"2025-08-26T18:28:52","modified_gmt":"2025-08-26T16:28:52","slug":"fondamentaux-entrepot","status":"publish","type":"page","link":"https:\/\/www.newtonvaureal.com\/fr\/fondamentaux-entrepot\/","title":{"rendered":"10 Fondamentaux entrepot"},"content":{"rendered":"\t\t<div data-elementor-type=\"wp-page\" data-elementor-id=\"27351\" class=\"elementor elementor-27351\" data-elementor-post-type=\"page\">\n\t\t\t\t\t\t<section class=\"elementor-section elementor-top-section elementor-element elementor-element-717bce82 elementor-section-boxed elementor-section-height-default elementor-section-height-default\" data-id=\"717bce82\" data-element_type=\"section\" data-e-type=\"section\">\n\t\t\t\t\t\t<div class=\"elementor-container elementor-column-gap-default\">\n\t\t\t\t\t<div class=\"elementor-column elementor-col-100 elementor-top-column elementor-element elementor-element-7d5762d5\" data-id=\"7d5762d5\" data-element_type=\"column\" data-e-type=\"column\">\n\t\t\t<div class=\"elementor-widget-wrap elementor-element-populated\">\n\t\t\t\t\t\t<div class=\"elementor-element elementor-element-6a5553c1 elementor-widget elementor-widget-text-editor\" data-id=\"6a5553c1\" data-element_type=\"widget\" data-e-type=\"widget\" data-widget_type=\"text-editor.default\">\n\t\t\t\t<div class=\"elementor-widget-container\">\n\t\t\t\t\t\t\t\t\t<p><span style=\"text-decoration: underline;\"><strong style=\"font-family: inherit; background-color: transparent;\">Livre blanc : Les 10 Fondamentaux de l&rsquo;Entrep\u00f4t<\/strong><\/span><\/p><p><span style=\"font-size: 0.875rem;\">Dans un monde o\u00f9 la performance logistique est devenue un levier strat\u00e9gique, la ma\u00eetrise des processus fondamentaux de l&rsquo;entrep\u00f4t est indispensable.<\/span><\/p><p>\u00c0 travers notre Livre Blanc \u00ab\u00a0<b>Les 10 processus fondamentaux pour ma\u00eetriser l&rsquo;entrep\u00f4t<\/b>\u00ab\u00a0, Newton.Vaureal Consulting propose un d\u00e9cryptage clair et accessible des grands piliers de l\u2019intralogistique.<\/p><p>Con\u00e7u pour un public non sp\u00e9cialiste, cet ouvrage offre une vision synth\u00e9tique des enjeux logistiques actuels et futurs, sans recours \u00e0 un vocabulaire technique complexe.<\/p><p>Historiquement consid\u00e9r\u00e9 comme un centre de co\u00fbt, l\u2019entrep\u00f4t s\u2019impose d\u00e9sormais comme un <b>v\u00e9ritable centre de cr\u00e9ation de valeur<\/b>, au service de la promesse client, de la performance durable et de la r\u00e9silience des cha\u00eenes logistiques.<\/p><p>Ce document vous donnera les cl\u00e9s pour :<\/p><ul style=\"margin-top: 0cm;\" type=\"disc\"><li><b>Structurer le pilotage des flux<\/b> de la r\u00e9ception \u00e0 l\u2019exp\u00e9dition pour s\u00e9curiser la promesse client.<\/li><li><b>Comprendre le r\u00f4le croissant du digital<\/b> (WMS, WES, automatisation) dans la ma\u00eetrise des op\u00e9rations.<\/li><li><b>Appr\u00e9hender les enjeux humains et s\u00e9curitaires<\/b> qui fa\u00e7onnent l\u2019organisation interne de l\u2019entrep\u00f4t.<\/li><li><b>Anticiper les mutations<\/b> induites par la m\u00e9canisation, la robotisation et l\u2019\u00e9conomie circulaire.<\/li><\/ul><p><span style=\"font-size: 0.875rem;\">Ce livre blanc constitue une porte d&rsquo;entr\u00e9e id\u00e9ale pour toute personne souhaitant consolider sa compr\u00e9hension des m\u00e9canismes essentiels de l&rsquo;entrep\u00f4t.<\/span><span style=\"font-family: Aptos, sans-serif; font-size: 12pt;\">\u00a0<\/span><\/p><p><strong><a href=\"https:\/\/www.newtonvaureal.com\/wp-content\/uploads\/Les-10-fondamentaux-de-lentrepot.pdf\">T\u00e9l\u00e9chargez d\u00e8s maintenant<\/a> <\/strong>le livre blanc ou demandez simplement \u00e0 \u00eatre <strong>contact\u00e9 par un de nos experts <\/strong>(lien ci-dessous ou \u00e0 <a href=\"mailto:contact@newtonvaureal.com\">contact@newtonvaureal.com<\/a>) pour optimiser la\u00a0<strong>performance de vos entrep\u00f4ts.<\/strong><\/p>\t\t\t\t\t\t\t\t<\/div>\n\t\t\t\t<\/div>\n\t\t\t\t\t<\/div>\n\t\t<\/div>\n\t\t\t\t\t<\/div>\n\t\t<\/section>\n\t\t\t\t<section class=\"elementor-section elementor-top-section elementor-element elementor-element-aa4b939 elementor-section-boxed elementor-section-height-default elementor-section-height-default\" data-id=\"aa4b939\" data-element_type=\"section\" data-e-type=\"section\">\n\t\t\t\t\t\t<div class=\"elementor-container elementor-column-gap-default\">\n\t\t\t\t\t<div class=\"elementor-column elementor-col-100 elementor-top-column elementor-element elementor-element-38bfc4d0\" data-id=\"38bfc4d0\" data-element_type=\"column\" data-e-type=\"column\">\n\t\t\t<div class=\"elementor-widget-wrap elementor-element-populated\">\n\t\t\t\t\t\t<div class=\"elementor-element elementor-element-2d978b11 elementor-widget elementor-widget-pdf_viewer\" data-id=\"2d978b11\" data-element_type=\"widget\" data-e-type=\"widget\" data-widget_type=\"pdf_viewer.default\">\n\t\t\t\t<div class=\"elementor-widget-container\">\n\t\t\t\t\t<iframe data-src=\"https:\/\/docs.google.com\/viewer?url=https:\/\/www.newtonvaureal.com\/wp-content\/uploads\/Les-10-fondamentaux-de-lentrepot.pdf&amp;embedded=true\" style=\"display: block; margin-left: auto; margin-right: auto; width: 860px; height: 1150px;\" frameborder=\"1\" marginheight=\"0px\" marginwidth=\"0px\" allowfullscreen src=\"data:image\/svg+xml;base64,PHN2ZyB3aWR0aD0iMSIgaGVpZ2h0PSIxIiB4bWxucz0iaHR0cDovL3d3dy53My5vcmcvMjAwMC9zdmciPjwvc3ZnPg==\" class=\"lazyload\" data-load-mode=\"1\"><\/iframe>\t\t\t\t<\/div>\n\t\t\t\t<\/div>\n\t\t\t\t\t<\/div>\n\t\t<\/div>\n\t\t\t\t\t<\/div>\n\t\t<\/section>\n\t\t\t\t<section class=\"elementor-section elementor-top-section elementor-element elementor-element-677d60e9 elementor-section-boxed elementor-section-height-default elementor-section-height-default\" data-id=\"677d60e9\" data-element_type=\"section\" data-e-type=\"section\">\n\t\t\t\t\t\t<div class=\"elementor-container elementor-column-gap-default\">\n\t\t\t\t\t<div class=\"elementor-column elementor-col-100 elementor-top-column elementor-element elementor-element-2c0ebcf6\" data-id=\"2c0ebcf6\" data-element_type=\"column\" data-e-type=\"column\">\n\t\t\t<div class=\"elementor-widget-wrap elementor-element-populated\">\n\t\t\t\t\t\t<div class=\"elementor-element elementor-element-7ba5d56f elementor-widget elementor-widget-spacer\" data-id=\"7ba5d56f\" data-element_type=\"widget\" data-e-type=\"widget\" data-widget_type=\"spacer.default\">\n\t\t\t\t<div class=\"elementor-widget-container\">\n\t\t\t\t\t\t\t<div class=\"elementor-spacer\">\n\t\t\t<div class=\"elementor-spacer-inner\"><\/div>\n\t\t<\/div>\n\t\t\t\t\t\t<\/div>\n\t\t\t\t<\/div>\n\t\t\t\t<div class=\"elementor-element elementor-element-7b9cb5c6 elementor-widget__width-initial elementor-widget elementor-widget-html\" data-id=\"7b9cb5c6\" data-element_type=\"widget\" data-e-type=\"widget\" data-widget_type=\"html.default\">\n\t\t\t\t<div class=\"elementor-widget-container\">\n\t\t\t\t\t<div style=\"width: 100%; max-width: 100%; padding: 20px; box-sizing: border-box;\">\n    <div class=\"pipedriveWebForms\"  data-pd-webforms=\"https:\/\/webforms.pipedrive.com\/f\/ccGjGhPJYiKsKFe2ugPJOpTyaxRAAQluAxJPaKfqybBUSnnHtCz7BqzqzjGgLCaSH1\">\n        <script src=\"https:\/\/webforms.pipedrive.com\/f\/loader\"><\/script>\n    <\/div>\n<\/div>\t\t\t\t<\/div>\n\t\t\t\t<\/div>\n\t\t\t\t\t<\/div>\n\t\t<\/div>\n\t\t\t\t\t<\/div>\n\t\t<\/section>\n\t\t\t\t<\/div>\n\t\t","protected":false},"excerpt":{"rendered":"<p>Livre blanc : Les 10 Fondamentaux de l&rsquo;Entrep\u00f4t Dans un monde o\u00f9 la performance logistique est devenue un levier strat\u00e9gique, la ma\u00eetrise des processus fondamentaux de l&rsquo;entrep\u00f4t est indispensable. \u00c0 &#8230;<\/p>\n","protected":false},"author":3,"featured_media":0,"parent":0,"menu_order":0,"comment_status":"closed","ping_status":"closed","template":"","meta":{"_acf_changed":false,"footnotes":""},"class_list":["post-27351","page","type-page","status-publish","hentry"],"acf":[],"yoast_head":"<!-- This site is optimized with the Yoast SEO plugin v27.0 - https:\/\/yoast.com\/product\/yoast-seo-wordpress\/ -->\n<title>10 Fondamentaux entrepot - Newton.Vaureal Consulting<\/title>\n<meta name=\"robots\" content=\"index, follow, max-snippet:-1, max-image-preview:large, max-video-preview:-1\" \/>\n<link rel=\"canonical\" href=\"https:\/\/www.newtonvaureal.com\/fr\/fondamentaux-entrepot\/\" \/>\n<meta property=\"og:locale\" content=\"fr_FR\" \/>\n<meta property=\"og:type\" content=\"article\" \/>\n<meta property=\"og:title\" content=\"10 Fondamentaux entrepot - Newton.Vaureal Consulting\" \/>\n<meta property=\"og:description\" content=\"Livre blanc : Les 10 Fondamentaux de l&rsquo;Entrep\u00f4t Dans un monde o\u00f9 la performance logistique est devenue un levier strat\u00e9gique, la ma\u00eetrise des processus fondamentaux de l&rsquo;entrep\u00f4t est indispensable. \u00c0 ...\" \/>\n<meta property=\"og:url\" content=\"https:\/\/www.newtonvaureal.com\/fr\/fondamentaux-entrepot\/\" \/>\n<meta property=\"og:site_name\" content=\"Newton.Vaureal Consulting\" \/>\n<meta property=\"article:modified_time\" content=\"2025-08-26T16:28:52+00:00\" \/>\n<meta name=\"twitter:card\" content=\"summary_large_image\" \/>\n<script type=\"application\/ld+json\" class=\"yoast-schema-graph\">{\"@context\":\"https:\/\/schema.org\",\"@graph\":[{\"@type\":\"WebPage\",\"@id\":\"https:\/\/www.newtonvaureal.com\/fr\/fondamentaux-entrepot\/\",\"url\":\"https:\/\/www.newtonvaureal.com\/fr\/fondamentaux-entrepot\/\",\"name\":\"10 Fondamentaux entrepot - Newton.Vaureal Consulting\",\"isPartOf\":{\"@id\":\"https:\/\/www.newtonvaureal.com\/fr\/#website\"},\"datePublished\":\"2025-05-11T13:42:03+00:00\",\"dateModified\":\"2025-08-26T16:28:52+00:00\",\"breadcrumb\":{\"@id\":\"https:\/\/www.newtonvaureal.com\/fr\/fondamentaux-entrepot\/#breadcrumb\"},\"inLanguage\":\"fr-FR\",\"potentialAction\":[{\"@type\":\"ReadAction\",\"target\":[\"https:\/\/www.newtonvaureal.com\/fr\/fondamentaux-entrepot\/\"]}]},{\"@type\":\"BreadcrumbList\",\"@id\":\"https:\/\/www.newtonvaureal.com\/fr\/fondamentaux-entrepot\/#breadcrumb\",\"itemListElement\":[{\"@type\":\"ListItem\",\"position\":1,\"name\":\"Accueil\",\"item\":\"https:\/\/www.newtonvaureal.com\/fr\/\"},{\"@type\":\"ListItem\",\"position\":2,\"name\":\"10 Fondamentaux entrepot\"}]},{\"@type\":\"WebSite\",\"@id\":\"https:\/\/www.newtonvaureal.com\/fr\/#website\",\"url\":\"https:\/\/www.newtonvaureal.com\/fr\/\",\"name\":\"Newton.Vaureal Consulting\",\"description\":\"\",\"publisher\":{\"@id\":\"https:\/\/www.newtonvaureal.com\/fr\/#organization\"},\"potentialAction\":[{\"@type\":\"SearchAction\",\"target\":{\"@type\":\"EntryPoint\",\"urlTemplate\":\"https:\/\/www.newtonvaureal.com\/fr\/?s={search_term_string}\"},\"query-input\":{\"@type\":\"PropertyValueSpecification\",\"valueRequired\":true,\"valueName\":\"search_term_string\"}}],\"inLanguage\":\"fr-FR\"},{\"@type\":\"Organization\",\"@id\":\"https:\/\/www.newtonvaureal.com\/fr\/#organization\",\"name\":\"Newton.Vaureal consulting\",\"url\":\"https:\/\/www.newtonvaureal.com\/fr\/\",\"logo\":{\"@type\":\"ImageObject\",\"inLanguage\":\"fr-FR\",\"@id\":\"https:\/\/www.newtonvaureal.com\/fr\/#\/schema\/logo\/image\/\",\"url\":\"https:\/\/www.newtonvaureal.com\/wp-content\/uploads\/2021\/07\/logo_newton-eurogroup-blanc-21.png\",\"contentUrl\":\"https:\/\/www.newtonvaureal.com\/wp-content\/uploads\/2021\/07\/logo_newton-eurogroup-blanc-21.png\",\"width\":200,\"height\":79,\"caption\":\"Newton.Vaureal consulting\"},\"image\":{\"@id\":\"https:\/\/www.newtonvaureal.com\/fr\/#\/schema\/logo\/image\/\"}}]}<\/script>\n<!-- \/ Yoast SEO plugin. -->","yoast_head_json":{"title":"10 Fondamentaux entrepot - Newton.Vaureal Consulting","robots":{"index":"index","follow":"follow","max-snippet":"max-snippet:-1","max-image-preview":"max-image-preview:large","max-video-preview":"max-video-preview:-1"},"canonical":"https:\/\/www.newtonvaureal.com\/fr\/fondamentaux-entrepot\/","og_locale":"fr_FR","og_type":"article","og_title":"10 Fondamentaux entrepot - Newton.Vaureal Consulting","og_description":"Livre blanc : Les 10 Fondamentaux de l&rsquo;Entrep\u00f4t Dans un monde o\u00f9 la performance logistique est devenue un levier strat\u00e9gique, la ma\u00eetrise des processus fondamentaux de l&rsquo;entrep\u00f4t est indispensable. \u00c0 ...","og_url":"https:\/\/www.newtonvaureal.com\/fr\/fondamentaux-entrepot\/","og_site_name":"Newton.Vaureal Consulting","article_modified_time":"2025-08-26T16:28:52+00:00","twitter_card":"summary_large_image","schema":{"@context":"https:\/\/schema.org","@graph":[{"@type":"WebPage","@id":"https:\/\/www.newtonvaureal.com\/fr\/fondamentaux-entrepot\/","url":"https:\/\/www.newtonvaureal.com\/fr\/fondamentaux-entrepot\/","name":"10 Fondamentaux entrepot - Newton.Vaureal Consulting","isPartOf":{"@id":"https:\/\/www.newtonvaureal.com\/fr\/#website"},"datePublished":"2025-05-11T13:42:03+00:00","dateModified":"2025-08-26T16:28:52+00:00","breadcrumb":{"@id":"https:\/\/www.newtonvaureal.com\/fr\/fondamentaux-entrepot\/#breadcrumb"},"inLanguage":"fr-FR","potentialAction":[{"@type":"ReadAction","target":["https:\/\/www.newtonvaureal.com\/fr\/fondamentaux-entrepot\/"]}]},{"@type":"BreadcrumbList","@id":"https:\/\/www.newtonvaureal.com\/fr\/fondamentaux-entrepot\/#breadcrumb","itemListElement":[{"@type":"ListItem","position":1,"name":"Accueil","item":"https:\/\/www.newtonvaureal.com\/fr\/"},{"@type":"ListItem","position":2,"name":"10 Fondamentaux entrepot"}]},{"@type":"WebSite","@id":"https:\/\/www.newtonvaureal.com\/fr\/#website","url":"https:\/\/www.newtonvaureal.com\/fr\/","name":"Newton.Vaureal Consulting","description":"","publisher":{"@id":"https:\/\/www.newtonvaureal.com\/fr\/#organization"},"potentialAction":[{"@type":"SearchAction","target":{"@type":"EntryPoint","urlTemplate":"https:\/\/www.newtonvaureal.com\/fr\/?s={search_term_string}"},"query-input":{"@type":"PropertyValueSpecification","valueRequired":true,"valueName":"search_term_string"}}],"inLanguage":"fr-FR"},{"@type":"Organization","@id":"https:\/\/www.newtonvaureal.com\/fr\/#organization","name":"Newton.Vaureal consulting","url":"https:\/\/www.newtonvaureal.com\/fr\/","logo":{"@type":"ImageObject","inLanguage":"fr-FR","@id":"https:\/\/www.newtonvaureal.com\/fr\/#\/schema\/logo\/image\/","url":"https:\/\/www.newtonvaureal.com\/wp-content\/uploads\/2021\/07\/logo_newton-eurogroup-blanc-21.png","contentUrl":"https:\/\/www.newtonvaureal.com\/wp-content\/uploads\/2021\/07\/logo_newton-eurogroup-blanc-21.png","width":200,"height":79,"caption":"Newton.Vaureal consulting"},"image":{"@id":"https:\/\/www.newtonvaureal.com\/fr\/#\/schema\/logo\/image\/"}}]}},"_links":{"self":[{"href":"https:\/\/www.newtonvaureal.com\/fr\/wp-json\/wp\/v2\/pages\/27351","targetHints":{"allow":["GET"]}}],"collection":[{"href":"https:\/\/www.newtonvaureal.com\/fr\/wp-json\/wp\/v2\/pages"}],"about":[{"href":"https:\/\/www.newtonvaureal.com\/fr\/wp-json\/wp\/v2\/types\/page"}],"author":[{"embeddable":true,"href":"https:\/\/www.newtonvaureal.com\/fr\/wp-json\/wp\/v2\/users\/3"}],"replies":[{"embeddable":true,"href":"https:\/\/www.newtonvaureal.com\/fr\/wp-json\/wp\/v2\/comments?post=27351"}],"version-history":[{"count":12,"href":"https:\/\/www.newtonvaureal.com\/fr\/wp-json\/wp\/v2\/pages\/27351\/revisions"}],"predecessor-version":[{"id":29182,"href":"https:\/\/www.newtonvaureal.com\/fr\/wp-json\/wp\/v2\/pages\/27351\/revisions\/29182"}],"wp:attachment":[{"href":"https:\/\/www.newtonvaureal.com\/fr\/wp-json\/wp\/v2\/media?parent=27351"}],"curies":[{"name":"wp","href":"https:\/\/api.w.org\/{rel}","templated":true}]}}