{"id":27374,"date":"2025-05-12T14:44:44","date_gmt":"2025-05-12T12:44:44","guid":{"rendered":"https:\/\/www.newtonvaureal.com\/?page_id=27374"},"modified":"2025-05-12T15:02:24","modified_gmt":"2025-05-12T13:02:24","slug":"livre_blanc_10_fondamentaux_entrepot","status":"publish","type":"page","link":"https:\/\/www.newtonvaureal.com\/fr\/livre_blanc_10_fondamentaux_entrepot\/","title":{"rendered":"Acces livre blanc 10 Fondamentaux Entrep\u00f4t"},"content":{"rendered":"\t\t<div data-elementor-type=\"wp-page\" data-elementor-id=\"27374\" class=\"elementor elementor-27374\" data-elementor-post-type=\"page\">\n\t\t\t\t\t\t<section class=\"elementor-section elementor-top-section elementor-element elementor-element-46702d0e elementor-section-boxed elementor-section-height-default elementor-section-height-default\" data-id=\"46702d0e\" data-element_type=\"section\" data-e-type=\"section\">\n\t\t\t\t\t\t<div class=\"elementor-container elementor-column-gap-default\">\n\t\t\t\t\t<div class=\"elementor-column elementor-col-100 elementor-top-column elementor-element elementor-element-51d31189\" data-id=\"51d31189\" data-element_type=\"column\" data-e-type=\"column\">\n\t\t\t<div class=\"elementor-widget-wrap elementor-element-populated\">\n\t\t\t\t\t\t<div class=\"elementor-element elementor-element-1189ac5b elementor-widget elementor-widget-spacer\" data-id=\"1189ac5b\" data-element_type=\"widget\" data-e-type=\"widget\" data-widget_type=\"spacer.default\">\n\t\t\t\t<div class=\"elementor-widget-container\">\n\t\t\t\t\t\t\t<div class=\"elementor-spacer\">\n\t\t\t<div class=\"elementor-spacer-inner\"><\/div>\n\t\t<\/div>\n\t\t\t\t\t\t<\/div>\n\t\t\t\t<\/div>\n\t\t\t\t<div class=\"elementor-element elementor-element-73114c9a elementor-widget elementor-widget-heading\" data-id=\"73114c9a\" data-element_type=\"widget\" data-e-type=\"widget\" data-widget_type=\"heading.default\">\n\t\t\t\t<div class=\"elementor-widget-container\">\n\t\t\t\t\t<h2 class=\"elementor-heading-title elementor-size-default\">Livre blanc : les 10 Fondamentaux de l'Entrep\u00f4t<\/h2>\t\t\t\t<\/div>\n\t\t\t\t<\/div>\n\t\t\t\t<div class=\"elementor-element elementor-element-62dc8fbe elementor-widget elementor-widget-text-editor\" data-id=\"62dc8fbe\" data-element_type=\"widget\" data-e-type=\"widget\" data-widget_type=\"text-editor.default\">\n\t\t\t\t<div class=\"elementor-widget-container\">\n\t\t\t\t\t\t\t\t\t<p>Dans un monde o\u00f9 la performance logistique est devenue un levier strat\u00e9gique, la ma\u00eetrise des processus fondamentaux de l&rsquo;entrep\u00f4t est indispensable.<\/p><p><br \/>\u00c0 travers notre Livre Blanc \u00ab\u00a0<strong>Les 10 processus fondamentaux pour ma\u00eetriser l&rsquo;entrep\u00f4t<\/strong>\u00ab\u00a0, Newton.Vaureal Consulting propose un d\u00e9cryptage clair et accessible des grands piliers de l\u2019intralogistique.<\/p><p>Con\u00e7u pour un public non sp\u00e9cialiste, cet ouvrage offre une vision synth\u00e9tique des enjeux logistiques actuels et futurs, sans recours \u00e0 un vocabulaire technique complexe.<\/p><p>Historiquement consid\u00e9r\u00e9 comme un centre de co\u00fbt, l\u2019entrep\u00f4t s\u2019impose d\u00e9sormais comme un <strong>v\u00e9ritable centre de cr\u00e9ation de valeur<\/strong>, au service de la promesse client, de la performance durable et de la r\u00e9silience des cha\u00eenes logistiques.<\/p><p>Ce document vous donnera les cl\u00e9s pour :<\/p><p><strong>&#8211; Structurer le pilotage des flux<\/strong> de la r\u00e9ception \u00e0 l\u2019exp\u00e9dition pour s\u00e9curiser la promesse client.<\/p><p><strong>&#8211; Comprendre le r\u00f4le croissant du digital<\/strong> (WMS, WES, automatisation) dans la ma\u00eetrise des op\u00e9rations.<\/p><p><strong>&#8211; Appr\u00e9hender les enjeux humains et s\u00e9curitaires<\/strong> qui fa\u00e7onnent l\u2019organisation interne de l\u2019entrep\u00f4t.<\/p><p><strong>&#8211; Anticiper les mutations<\/strong> induites par la m\u00e9canisation, la robotisation et l\u2019\u00e9conomie circulaire.<\/p><p>Ce livre blanc constitue une porte d\u2019entr\u00e9e id\u00e9ale pour toute personne souhaitant consolider sa compr\u00e9hension des m\u00e9canismes essentiels de l\u2019entrep\u00f4t.\u00a0<\/p><p><strong>Acc\u00e9dez d\u00e8s maintenant au<\/strong>\u00a0livre blanc ou demandez simplement \u00e0 \u00eatre <strong>contact\u00e9 par un de nos experts <\/strong>(ci-dessous ou \u00e0 <a href=\"mailto:contact@newtonvaureal.com\">contact@newtonvaureal.com<\/a>) pour optimiser les <strong>performances<\/strong> de vos entrep\u00f4ts!<\/p>\t\t\t\t\t\t\t\t<\/div>\n\t\t\t\t<\/div>\n\t\t\t\t<div class=\"elementor-element elementor-element-7ed39669 elementor-widget elementor-widget-spacer\" data-id=\"7ed39669\" data-element_type=\"widget\" data-e-type=\"widget\" data-widget_type=\"spacer.default\">\n\t\t\t\t<div class=\"elementor-widget-container\">\n\t\t\t\t\t\t\t<div class=\"elementor-spacer\">\n\t\t\t<div class=\"elementor-spacer-inner\"><\/div>\n\t\t<\/div>\n\t\t\t\t\t\t<\/div>\n\t\t\t\t<\/div>\n\t\t\t\t<div class=\"elementor-element elementor-element-7d92fb2c elementor-widget elementor-widget-html\" data-id=\"7d92fb2c\" data-element_type=\"widget\" data-e-type=\"widget\" data-widget_type=\"html.default\">\n\t\t\t\t<div class=\"elementor-widget-container\">\n\t\t\t\t\t<div class=\"pipedriveWebForms\" data-pd-webforms=\"https:\/\/webforms.pipedrive.com\/f\/6UPiQJNhEoIPnCOfqXvAczPWYy51DTpeSYEy70mVfPqktcwR3IuwpynSTfSGHHOx6X\"><script src=\"https:\/\/webforms.pipedrive.com\/f\/loader\"><\/script><\/div>\t\t\t\t<\/div>\n\t\t\t\t<\/div>\n\t\t\t\t\t<\/div>\n\t\t<\/div>\n\t\t\t\t\t<\/div>\n\t\t<\/section>\n\t\t\t\t<\/div>\n\t\t","protected":false},"excerpt":{"rendered":"<p>Livre blanc : les 10 Fondamentaux de l&rsquo;Entrep\u00f4t Dans un monde o\u00f9 la performance logistique est devenue un levier strat\u00e9gique, la ma\u00eetrise des processus fondamentaux de l&rsquo;entrep\u00f4t est indispensable. \u00c0 &#8230;<\/p>\n","protected":false},"author":3,"featured_media":0,"parent":0,"menu_order":0,"comment_status":"closed","ping_status":"closed","template":"","meta":{"_acf_changed":false,"footnotes":""},"class_list":["post-27374","page","type-page","status-publish","hentry"],"acf":[],"yoast_head":"<!-- This site is optimized with the Yoast SEO plugin v27.0 - https:\/\/yoast.com\/product\/yoast-seo-wordpress\/ -->\n<title>Acces livre blanc 10 Fondamentaux Entrep\u00f4t - Newton.Vaureal Consulting<\/title>\n<meta name=\"robots\" content=\"index, follow, max-snippet:-1, max-image-preview:large, max-video-preview:-1\" \/>\n<link rel=\"canonical\" href=\"https:\/\/www.newtonvaureal.com\/fr\/livre_blanc_10_fondamentaux_entrepot\/\" \/>\n<meta property=\"og:locale\" content=\"fr_FR\" \/>\n<meta property=\"og:type\" content=\"article\" \/>\n<meta property=\"og:title\" content=\"Acces livre blanc 10 Fondamentaux Entrep\u00f4t - Newton.Vaureal Consulting\" \/>\n<meta property=\"og:description\" content=\"Livre blanc : les 10 Fondamentaux de l&rsquo;Entrep\u00f4t Dans un monde o\u00f9 la performance logistique est devenue un levier strat\u00e9gique, la ma\u00eetrise des processus fondamentaux de l&rsquo;entrep\u00f4t est indispensable. \u00c0 ...\" \/>\n<meta property=\"og:url\" content=\"https:\/\/www.newtonvaureal.com\/fr\/livre_blanc_10_fondamentaux_entrepot\/\" \/>\n<meta property=\"og:site_name\" content=\"Newton.Vaureal Consulting\" \/>\n<meta property=\"article:modified_time\" content=\"2025-05-12T13:02:24+00:00\" \/>\n<meta name=\"twitter:card\" content=\"summary_large_image\" \/>\n<script type=\"application\/ld+json\" class=\"yoast-schema-graph\">{\"@context\":\"https:\/\/schema.org\",\"@graph\":[{\"@type\":\"WebPage\",\"@id\":\"https:\/\/www.newtonvaureal.com\/fr\/livre_blanc_10_fondamentaux_entrepot\/\",\"url\":\"https:\/\/www.newtonvaureal.com\/fr\/livre_blanc_10_fondamentaux_entrepot\/\",\"name\":\"Acces livre blanc 10 Fondamentaux Entrep\u00f4t - Newton.Vaureal Consulting\",\"isPartOf\":{\"@id\":\"https:\/\/www.newtonvaureal.com\/fr\/#website\"},\"datePublished\":\"2025-05-12T12:44:44+00:00\",\"dateModified\":\"2025-05-12T13:02:24+00:00\",\"breadcrumb\":{\"@id\":\"https:\/\/www.newtonvaureal.com\/fr\/livre_blanc_10_fondamentaux_entrepot\/#breadcrumb\"},\"inLanguage\":\"fr-FR\",\"potentialAction\":[{\"@type\":\"ReadAction\",\"target\":[\"https:\/\/www.newtonvaureal.com\/fr\/livre_blanc_10_fondamentaux_entrepot\/\"]}]},{\"@type\":\"BreadcrumbList\",\"@id\":\"https:\/\/www.newtonvaureal.com\/fr\/livre_blanc_10_fondamentaux_entrepot\/#breadcrumb\",\"itemListElement\":[{\"@type\":\"ListItem\",\"position\":1,\"name\":\"Accueil\",\"item\":\"https:\/\/www.newtonvaureal.com\/fr\/\"},{\"@type\":\"ListItem\",\"position\":2,\"name\":\"Acces livre blanc 10 Fondamentaux Entrep\u00f4t\"}]},{\"@type\":\"WebSite\",\"@id\":\"https:\/\/www.newtonvaureal.com\/fr\/#website\",\"url\":\"https:\/\/www.newtonvaureal.com\/fr\/\",\"name\":\"Newton.Vaureal Consulting\",\"description\":\"\",\"publisher\":{\"@id\":\"https:\/\/www.newtonvaureal.com\/fr\/#organization\"},\"potentialAction\":[{\"@type\":\"SearchAction\",\"target\":{\"@type\":\"EntryPoint\",\"urlTemplate\":\"https:\/\/www.newtonvaureal.com\/fr\/?s={search_term_string}\"},\"query-input\":{\"@type\":\"PropertyValueSpecification\",\"valueRequired\":true,\"valueName\":\"search_term_string\"}}],\"inLanguage\":\"fr-FR\"},{\"@type\":\"Organization\",\"@id\":\"https:\/\/www.newtonvaureal.com\/fr\/#organization\",\"name\":\"Newton.Vaureal consulting\",\"url\":\"https:\/\/www.newtonvaureal.com\/fr\/\",\"logo\":{\"@type\":\"ImageObject\",\"inLanguage\":\"fr-FR\",\"@id\":\"https:\/\/www.newtonvaureal.com\/fr\/#\/schema\/logo\/image\/\",\"url\":\"https:\/\/www.newtonvaureal.com\/wp-content\/uploads\/2021\/07\/logo_newton-eurogroup-blanc-21.png\",\"contentUrl\":\"https:\/\/www.newtonvaureal.com\/wp-content\/uploads\/2021\/07\/logo_newton-eurogroup-blanc-21.png\",\"width\":200,\"height\":79,\"caption\":\"Newton.Vaureal consulting\"},\"image\":{\"@id\":\"https:\/\/www.newtonvaureal.com\/fr\/#\/schema\/logo\/image\/\"}}]}<\/script>\n<!-- \/ Yoast SEO plugin. -->","yoast_head_json":{"title":"Acces livre blanc 10 Fondamentaux Entrep\u00f4t - Newton.Vaureal Consulting","robots":{"index":"index","follow":"follow","max-snippet":"max-snippet:-1","max-image-preview":"max-image-preview:large","max-video-preview":"max-video-preview:-1"},"canonical":"https:\/\/www.newtonvaureal.com\/fr\/livre_blanc_10_fondamentaux_entrepot\/","og_locale":"fr_FR","og_type":"article","og_title":"Acces livre blanc 10 Fondamentaux Entrep\u00f4t - Newton.Vaureal Consulting","og_description":"Livre blanc : les 10 Fondamentaux de l&rsquo;Entrep\u00f4t Dans un monde o\u00f9 la performance logistique est devenue un levier strat\u00e9gique, la ma\u00eetrise des processus fondamentaux de l&rsquo;entrep\u00f4t est indispensable. \u00c0 ...","og_url":"https:\/\/www.newtonvaureal.com\/fr\/livre_blanc_10_fondamentaux_entrepot\/","og_site_name":"Newton.Vaureal Consulting","article_modified_time":"2025-05-12T13:02:24+00:00","twitter_card":"summary_large_image","schema":{"@context":"https:\/\/schema.org","@graph":[{"@type":"WebPage","@id":"https:\/\/www.newtonvaureal.com\/fr\/livre_blanc_10_fondamentaux_entrepot\/","url":"https:\/\/www.newtonvaureal.com\/fr\/livre_blanc_10_fondamentaux_entrepot\/","name":"Acces livre blanc 10 Fondamentaux Entrep\u00f4t - Newton.Vaureal Consulting","isPartOf":{"@id":"https:\/\/www.newtonvaureal.com\/fr\/#website"},"datePublished":"2025-05-12T12:44:44+00:00","dateModified":"2025-05-12T13:02:24+00:00","breadcrumb":{"@id":"https:\/\/www.newtonvaureal.com\/fr\/livre_blanc_10_fondamentaux_entrepot\/#breadcrumb"},"inLanguage":"fr-FR","potentialAction":[{"@type":"ReadAction","target":["https:\/\/www.newtonvaureal.com\/fr\/livre_blanc_10_fondamentaux_entrepot\/"]}]},{"@type":"BreadcrumbList","@id":"https:\/\/www.newtonvaureal.com\/fr\/livre_blanc_10_fondamentaux_entrepot\/#breadcrumb","itemListElement":[{"@type":"ListItem","position":1,"name":"Accueil","item":"https:\/\/www.newtonvaureal.com\/fr\/"},{"@type":"ListItem","position":2,"name":"Acces livre blanc 10 Fondamentaux Entrep\u00f4t"}]},{"@type":"WebSite","@id":"https:\/\/www.newtonvaureal.com\/fr\/#website","url":"https:\/\/www.newtonvaureal.com\/fr\/","name":"Newton.Vaureal Consulting","description":"","publisher":{"@id":"https:\/\/www.newtonvaureal.com\/fr\/#organization"},"potentialAction":[{"@type":"SearchAction","target":{"@type":"EntryPoint","urlTemplate":"https:\/\/www.newtonvaureal.com\/fr\/?s={search_term_string}"},"query-input":{"@type":"PropertyValueSpecification","valueRequired":true,"valueName":"search_term_string"}}],"inLanguage":"fr-FR"},{"@type":"Organization","@id":"https:\/\/www.newtonvaureal.com\/fr\/#organization","name":"Newton.Vaureal consulting","url":"https:\/\/www.newtonvaureal.com\/fr\/","logo":{"@type":"ImageObject","inLanguage":"fr-FR","@id":"https:\/\/www.newtonvaureal.com\/fr\/#\/schema\/logo\/image\/","url":"https:\/\/www.newtonvaureal.com\/wp-content\/uploads\/2021\/07\/logo_newton-eurogroup-blanc-21.png","contentUrl":"https:\/\/www.newtonvaureal.com\/wp-content\/uploads\/2021\/07\/logo_newton-eurogroup-blanc-21.png","width":200,"height":79,"caption":"Newton.Vaureal consulting"},"image":{"@id":"https:\/\/www.newtonvaureal.com\/fr\/#\/schema\/logo\/image\/"}}]}},"_links":{"self":[{"href":"https:\/\/www.newtonvaureal.com\/fr\/wp-json\/wp\/v2\/pages\/27374","targetHints":{"allow":["GET"]}}],"collection":[{"href":"https:\/\/www.newtonvaureal.com\/fr\/wp-json\/wp\/v2\/pages"}],"about":[{"href":"https:\/\/www.newtonvaureal.com\/fr\/wp-json\/wp\/v2\/types\/page"}],"author":[{"embeddable":true,"href":"https:\/\/www.newtonvaureal.com\/fr\/wp-json\/wp\/v2\/users\/3"}],"replies":[{"embeddable":true,"href":"https:\/\/www.newtonvaureal.com\/fr\/wp-json\/wp\/v2\/comments?post=27374"}],"version-history":[{"count":12,"href":"https:\/\/www.newtonvaureal.com\/fr\/wp-json\/wp\/v2\/pages\/27374\/revisions"}],"predecessor-version":[{"id":27414,"href":"https:\/\/www.newtonvaureal.com\/fr\/wp-json\/wp\/v2\/pages\/27374\/revisions\/27414"}],"wp:attachment":[{"href":"https:\/\/www.newtonvaureal.com\/fr\/wp-json\/wp\/v2\/media?parent=27374"}],"curies":[{"name":"wp","href":"https:\/\/api.w.org\/{rel}","templated":true}]}}