{"id":28132,"date":"2025-06-23T17:50:05","date_gmt":"2025-06-23T15:50:05","guid":{"rendered":"https:\/\/www.newtonvaureal.com\/?page_id=28132"},"modified":"2025-07-29T17:11:43","modified_gmt":"2025-07-29T15:11:43","slug":"livre-blanc-omnicanal","status":"publish","type":"page","link":"https:\/\/www.newtonvaureal.com\/fr\/livre-blanc-omnicanal\/","title":{"rendered":"Livre blanc Omnicanal"},"content":{"rendered":"\t\t<div data-elementor-type=\"wp-page\" data-elementor-id=\"28132\" class=\"elementor elementor-28132\" data-elementor-post-type=\"page\">\n\t\t\t\t\t\t<section class=\"elementor-section elementor-top-section elementor-element elementor-element-7932afe7 elementor-section-boxed elementor-section-height-default elementor-section-height-default\" data-id=\"7932afe7\" data-element_type=\"section\" data-e-type=\"section\">\n\t\t\t\t\t\t<div class=\"elementor-container elementor-column-gap-default\">\n\t\t\t\t\t<div class=\"elementor-column elementor-col-100 elementor-top-column elementor-element elementor-element-48588369\" data-id=\"48588369\" data-element_type=\"column\" data-e-type=\"column\">\n\t\t\t<div class=\"elementor-widget-wrap elementor-element-populated\">\n\t\t\t\t\t\t<div class=\"elementor-element elementor-element-538c0b03 elementor-widget elementor-widget-text-editor\" data-id=\"538c0b03\" data-element_type=\"widget\" data-e-type=\"widget\" data-widget_type=\"text-editor.default\">\n\t\t\t\t<div class=\"elementor-widget-container\">\n\t\t\t\t\t\t\t\t\t<p><span style=\"text-decoration: underline;\"><strong style=\"font-family: inherit; background-color: transparent;\"><strong>Les transformations des entrep\u00f4ts face \u00e0 l\u2019omnicanal<\/strong><\/strong><\/span><\/p><p style=\"line-height: 12.75pt; margin: 0cm 0cm 12.0pt 0cm;\"><span style=\"font-size: 10.5pt; font-family: 'Arial',sans-serif; color: black;\">Avec la mont\u00e9e en puissance du e-commerce et des attentes clients toujours plus \u00e9lev\u00e9es, aussi bien en terme de r\u00e9activit\u00e9 et de flexibilit\u00e9, le passage \u00e0 une <strong><span style=\"font-family: 'Arial',sans-serif;\">supply chain omnicanale<\/span><\/strong> est devenu n\u00e9cessaire pour de nombreuses entreprises. Cette transformation bouleverse en profondeur l\u2019organisation des entrep\u00f4ts et n\u00e9cessite des solutions digitales et intralogistiques adapt\u00e9es<\/span><\/p><p style=\"line-height: 12.75pt; margin: 0cm 0cm 12.0pt 0cm;\"><span style=\"font-size: 10.5pt; font-family: 'Arial',sans-serif; color: black;\">Dans ce livre blanc, nous vous proposons une lecture op\u00e9rationnelle des transformations \u00e0 engager et des principales solutions disponibles sur le march\u00e9 :<\/span><\/p><p style=\"line-height: 12.75pt; margin: 0cm 0cm 12.0pt 0cm;\"><span style=\"font-size: 10.5pt; font-family: 'Arial',sans-serif; color: black;\">&#8211; Les <strong><span style=\"font-family: 'Arial',sans-serif;\">enjeux cl\u00e9s de l\u2019omnicanal<\/span><\/strong> et ses impacts sur les flux logistiques\u202f<\/span><\/p><p style=\"line-height: 12.75pt; margin: 0cm 0cm 12.0pt 0cm;\"><span style=\"font-size: 10.5pt; font-family: 'Arial',sans-serif; color: black;\">&#8211; Les <strong><span style=\"font-family: 'Arial',sans-serif;\">mutations<\/span><\/strong> majeures des <strong><span style=\"font-family: 'Arial',sans-serif;\">entrep\u00f4ts<\/span><\/strong><\/span><\/p><p style=\"line-height: 12.75pt; margin: 0cm 0cm 12.0pt 0cm;\"><span style=\"font-size: 10.5pt; font-family: 'Arial',sans-serif; color: black;\">&#8211; L\u2019<strong><span style=\"font-family: 'Arial',sans-serif;\">\u00e9volution des WMS<\/span><\/strong> face \u00e0 la complexit\u00e9 croissante des op\u00e9rations\u202f<\/span><\/p><p style=\"line-height: 12.75pt; margin: 0cm 0cm 12.0pt 0cm;\"><span style=\"font-size: 10.5pt; font-family: 'Arial',sans-serif; color: black;\">&#8211; Le r\u00f4le strat\u00e9gique des <strong><span style=\"font-family: 'Arial',sans-serif;\">solutions OMS<\/span><\/strong> dans la gestion des canaux\u202f<\/span><\/p><p style=\"line-height: 12.75pt; margin: 0cm 0cm 12.0pt 0cm;\"><span style=\"font-size: 10.5pt; font-family: 'Arial',sans-serif; color: black;\">&#8211; Les technologies <strong><span style=\"font-family: 'Arial',sans-serif;\">intralogistiques <\/span><\/strong>adapt\u00e9es \u00e0 ces nouveaux d\u00e9fis\u202f<\/span><\/p><p style=\"line-height: 12.75pt; margin: 0cm 0cm 12.0pt 0cm;\"><span style=\"font-size: 10.5pt; font-family: 'Arial',sans-serif; color: black;\">&#8211; Des <strong><span style=\"font-family: 'Arial',sans-serif;\">retours d&rsquo;exp\u00e9rience <\/span><\/strong>concrets pour illustrer les probl\u00e9matiques \u00e0 traiter et les gains de cette transformation\u00a0<\/span><\/p><p><a href=\"https:\/\/www.newtonvaureal.com\/wp-content\/uploads\/Livre-Blanc-Les-transformations-des-entrepots-face-a-lomnicanal-1.pdf\">T\u00e9l\u00e9chargez<\/a> d\u00e8s maintenant ce livre blanc ou contactez nous (<em><a href=\"mailto:contact@newtonvaureal.com\">contact@newtonvaureal.com<\/a><\/em>) pour d\u00e9couvrir comment transformer vos entrep\u00f4ts en v\u00e9ritables <strong>acc\u00e9l\u00e9rateurs de performance omnicanale<\/strong> !<\/p>\t\t\t\t\t\t\t\t<\/div>\n\t\t\t\t<\/div>\n\t\t\t\t\t<\/div>\n\t\t<\/div>\n\t\t\t\t\t<\/div>\n\t\t<\/section>\n\t\t\t\t<section class=\"elementor-section elementor-top-section elementor-element elementor-element-143cd6ce elementor-section-boxed elementor-section-height-default elementor-section-height-default\" data-id=\"143cd6ce\" data-element_type=\"section\" data-e-type=\"section\">\n\t\t\t\t\t\t<div class=\"elementor-container elementor-column-gap-default\">\n\t\t\t\t\t<div class=\"elementor-column elementor-col-100 elementor-top-column elementor-element elementor-element-5554bcc2\" data-id=\"5554bcc2\" data-element_type=\"column\" data-e-type=\"column\">\n\t\t\t<div class=\"elementor-widget-wrap elementor-element-populated\">\n\t\t\t\t\t\t<div class=\"elementor-element elementor-element-6e5aebb0 elementor-widget elementor-widget-pdf_viewer\" data-id=\"6e5aebb0\" data-element_type=\"widget\" data-e-type=\"widget\" data-widget_type=\"pdf_viewer.default\">\n\t\t\t\t<div class=\"elementor-widget-container\">\n\t\t\t\t\t<iframe data-src=\"https:\/\/docs.google.com\/viewer?url=https:\/\/www.newtonvaureal.com\/wp-content\/uploads\/Livre-Blanc-Les-transformations-des-entrepots-face-a-lomnicanal-.pdf&amp;embedded=true\" style=\"display: block; margin-left: auto; margin-right: auto; width: 860px; height: 710px;\" frameborder=\"1\" marginheight=\"0px\" marginwidth=\"0px\" allowfullscreen src=\"data:image\/svg+xml;base64,PHN2ZyB3aWR0aD0iMSIgaGVpZ2h0PSIxIiB4bWxucz0iaHR0cDovL3d3dy53My5vcmcvMjAwMC9zdmciPjwvc3ZnPg==\" class=\"lazyload\" data-load-mode=\"1\"><\/iframe>\t\t\t\t<\/div>\n\t\t\t\t<\/div>\n\t\t\t\t\t<\/div>\n\t\t<\/div>\n\t\t\t\t\t<\/div>\n\t\t<\/section>\n\t\t\t\t<section class=\"elementor-section elementor-top-section elementor-element elementor-element-55bd5979 elementor-section-boxed elementor-section-height-default elementor-section-height-default\" data-id=\"55bd5979\" data-element_type=\"section\" data-e-type=\"section\">\n\t\t\t\t\t\t<div class=\"elementor-container elementor-column-gap-default\">\n\t\t\t\t\t<div class=\"elementor-column elementor-col-100 elementor-top-column elementor-element elementor-element-2297c96d\" data-id=\"2297c96d\" data-element_type=\"column\" data-e-type=\"column\">\n\t\t\t<div class=\"elementor-widget-wrap elementor-element-populated\">\n\t\t\t\t\t\t<div class=\"elementor-element elementor-element-2fd538b2 elementor-widget elementor-widget-spacer\" data-id=\"2fd538b2\" data-element_type=\"widget\" data-e-type=\"widget\" data-widget_type=\"spacer.default\">\n\t\t\t\t<div class=\"elementor-widget-container\">\n\t\t\t\t\t\t\t<div class=\"elementor-spacer\">\n\t\t\t<div class=\"elementor-spacer-inner\"><\/div>\n\t\t<\/div>\n\t\t\t\t\t\t<\/div>\n\t\t\t\t<\/div>\n\t\t\t\t<div class=\"elementor-element elementor-element-5225be99 elementor-widget__width-initial elementor-widget elementor-widget-html\" data-id=\"5225be99\" data-element_type=\"widget\" data-e-type=\"widget\" data-widget_type=\"html.default\">\n\t\t\t\t<div class=\"elementor-widget-container\">\n\t\t\t\t\t<div style=\"width: 100%; max-width: 100%; padding: 20px; box-sizing: border-box;\">\n    <div class=\"pipedriveWebForms\"  data-pd-webforms=\"https:\/\/webforms.pipedrive.com\/f\/ccGjGhPJYiKsKFe2ugPJOpTyaxRAAQluAxJPaKfqybBUSnnHtCz7BqzqzjGgLCaSH1\">\n        <script src=\"https:\/\/webforms.pipedrive.com\/f\/loader\"><\/script>\n    <\/div>\n<\/div>\t\t\t\t<\/div>\n\t\t\t\t<\/div>\n\t\t\t\t\t<\/div>\n\t\t<\/div>\n\t\t\t\t\t<\/div>\n\t\t<\/section>\n\t\t\t\t<\/div>\n\t\t","protected":false},"excerpt":{"rendered":"<p>Les transformations des entrep\u00f4ts face \u00e0 l\u2019omnicanal Avec la mont\u00e9e en puissance du e-commerce et des attentes clients toujours plus \u00e9lev\u00e9es, aussi bien en terme de r\u00e9activit\u00e9 et de flexibilit\u00e9, &#8230;<\/p>\n","protected":false},"author":3,"featured_media":0,"parent":0,"menu_order":0,"comment_status":"closed","ping_status":"closed","template":"","meta":{"_acf_changed":false,"footnotes":""},"class_list":["post-28132","page","type-page","status-publish","hentry"],"acf":[],"yoast_head":"<!-- This site is optimized with the Yoast SEO plugin v27.0 - https:\/\/yoast.com\/product\/yoast-seo-wordpress\/ -->\n<title>Livre blanc Omnicanal - Newton.Vaureal Consulting<\/title>\n<meta name=\"robots\" content=\"index, follow, max-snippet:-1, max-image-preview:large, max-video-preview:-1\" \/>\n<link rel=\"canonical\" href=\"https:\/\/www.newtonvaureal.com\/fr\/livre-blanc-omnicanal\/\" \/>\n<meta property=\"og:locale\" content=\"fr_FR\" \/>\n<meta property=\"og:type\" content=\"article\" \/>\n<meta property=\"og:title\" content=\"Livre blanc Omnicanal - Newton.Vaureal Consulting\" \/>\n<meta property=\"og:description\" content=\"Les transformations des entrep\u00f4ts face \u00e0 l\u2019omnicanal Avec la mont\u00e9e en puissance du e-commerce et des attentes clients toujours plus \u00e9lev\u00e9es, aussi bien en terme de r\u00e9activit\u00e9 et de flexibilit\u00e9, ...\" \/>\n<meta property=\"og:url\" content=\"https:\/\/www.newtonvaureal.com\/fr\/livre-blanc-omnicanal\/\" \/>\n<meta property=\"og:site_name\" content=\"Newton.Vaureal Consulting\" \/>\n<meta property=\"article:modified_time\" content=\"2025-07-29T15:11:43+00:00\" \/>\n<meta name=\"twitter:card\" content=\"summary_large_image\" \/>\n<script type=\"application\/ld+json\" class=\"yoast-schema-graph\">{\"@context\":\"https:\/\/schema.org\",\"@graph\":[{\"@type\":\"WebPage\",\"@id\":\"https:\/\/www.newtonvaureal.com\/fr\/livre-blanc-omnicanal\/\",\"url\":\"https:\/\/www.newtonvaureal.com\/fr\/livre-blanc-omnicanal\/\",\"name\":\"Livre blanc Omnicanal - Newton.Vaureal Consulting\",\"isPartOf\":{\"@id\":\"https:\/\/www.newtonvaureal.com\/fr\/#website\"},\"datePublished\":\"2025-06-23T15:50:05+00:00\",\"dateModified\":\"2025-07-29T15:11:43+00:00\",\"breadcrumb\":{\"@id\":\"https:\/\/www.newtonvaureal.com\/fr\/livre-blanc-omnicanal\/#breadcrumb\"},\"inLanguage\":\"fr-FR\",\"potentialAction\":[{\"@type\":\"ReadAction\",\"target\":[\"https:\/\/www.newtonvaureal.com\/fr\/livre-blanc-omnicanal\/\"]}]},{\"@type\":\"BreadcrumbList\",\"@id\":\"https:\/\/www.newtonvaureal.com\/fr\/livre-blanc-omnicanal\/#breadcrumb\",\"itemListElement\":[{\"@type\":\"ListItem\",\"position\":1,\"name\":\"Accueil\",\"item\":\"https:\/\/www.newtonvaureal.com\/fr\/\"},{\"@type\":\"ListItem\",\"position\":2,\"name\":\"Livre blanc Omnicanal\"}]},{\"@type\":\"WebSite\",\"@id\":\"https:\/\/www.newtonvaureal.com\/fr\/#website\",\"url\":\"https:\/\/www.newtonvaureal.com\/fr\/\",\"name\":\"Newton.Vaureal Consulting\",\"description\":\"\",\"publisher\":{\"@id\":\"https:\/\/www.newtonvaureal.com\/fr\/#organization\"},\"potentialAction\":[{\"@type\":\"SearchAction\",\"target\":{\"@type\":\"EntryPoint\",\"urlTemplate\":\"https:\/\/www.newtonvaureal.com\/fr\/?s={search_term_string}\"},\"query-input\":{\"@type\":\"PropertyValueSpecification\",\"valueRequired\":true,\"valueName\":\"search_term_string\"}}],\"inLanguage\":\"fr-FR\"},{\"@type\":\"Organization\",\"@id\":\"https:\/\/www.newtonvaureal.com\/fr\/#organization\",\"name\":\"Newton.Vaureal consulting\",\"url\":\"https:\/\/www.newtonvaureal.com\/fr\/\",\"logo\":{\"@type\":\"ImageObject\",\"inLanguage\":\"fr-FR\",\"@id\":\"https:\/\/www.newtonvaureal.com\/fr\/#\/schema\/logo\/image\/\",\"url\":\"https:\/\/www.newtonvaureal.com\/wp-content\/uploads\/2021\/07\/logo_newton-eurogroup-blanc-21.png\",\"contentUrl\":\"https:\/\/www.newtonvaureal.com\/wp-content\/uploads\/2021\/07\/logo_newton-eurogroup-blanc-21.png\",\"width\":200,\"height\":79,\"caption\":\"Newton.Vaureal consulting\"},\"image\":{\"@id\":\"https:\/\/www.newtonvaureal.com\/fr\/#\/schema\/logo\/image\/\"}}]}<\/script>\n<!-- \/ Yoast SEO plugin. -->","yoast_head_json":{"title":"Livre blanc Omnicanal - Newton.Vaureal Consulting","robots":{"index":"index","follow":"follow","max-snippet":"max-snippet:-1","max-image-preview":"max-image-preview:large","max-video-preview":"max-video-preview:-1"},"canonical":"https:\/\/www.newtonvaureal.com\/fr\/livre-blanc-omnicanal\/","og_locale":"fr_FR","og_type":"article","og_title":"Livre blanc Omnicanal - Newton.Vaureal Consulting","og_description":"Les transformations des entrep\u00f4ts face \u00e0 l\u2019omnicanal Avec la mont\u00e9e en puissance du e-commerce et des attentes clients toujours plus \u00e9lev\u00e9es, aussi bien en terme de r\u00e9activit\u00e9 et de flexibilit\u00e9, ...","og_url":"https:\/\/www.newtonvaureal.com\/fr\/livre-blanc-omnicanal\/","og_site_name":"Newton.Vaureal Consulting","article_modified_time":"2025-07-29T15:11:43+00:00","twitter_card":"summary_large_image","schema":{"@context":"https:\/\/schema.org","@graph":[{"@type":"WebPage","@id":"https:\/\/www.newtonvaureal.com\/fr\/livre-blanc-omnicanal\/","url":"https:\/\/www.newtonvaureal.com\/fr\/livre-blanc-omnicanal\/","name":"Livre blanc Omnicanal - Newton.Vaureal Consulting","isPartOf":{"@id":"https:\/\/www.newtonvaureal.com\/fr\/#website"},"datePublished":"2025-06-23T15:50:05+00:00","dateModified":"2025-07-29T15:11:43+00:00","breadcrumb":{"@id":"https:\/\/www.newtonvaureal.com\/fr\/livre-blanc-omnicanal\/#breadcrumb"},"inLanguage":"fr-FR","potentialAction":[{"@type":"ReadAction","target":["https:\/\/www.newtonvaureal.com\/fr\/livre-blanc-omnicanal\/"]}]},{"@type":"BreadcrumbList","@id":"https:\/\/www.newtonvaureal.com\/fr\/livre-blanc-omnicanal\/#breadcrumb","itemListElement":[{"@type":"ListItem","position":1,"name":"Accueil","item":"https:\/\/www.newtonvaureal.com\/fr\/"},{"@type":"ListItem","position":2,"name":"Livre blanc Omnicanal"}]},{"@type":"WebSite","@id":"https:\/\/www.newtonvaureal.com\/fr\/#website","url":"https:\/\/www.newtonvaureal.com\/fr\/","name":"Newton.Vaureal Consulting","description":"","publisher":{"@id":"https:\/\/www.newtonvaureal.com\/fr\/#organization"},"potentialAction":[{"@type":"SearchAction","target":{"@type":"EntryPoint","urlTemplate":"https:\/\/www.newtonvaureal.com\/fr\/?s={search_term_string}"},"query-input":{"@type":"PropertyValueSpecification","valueRequired":true,"valueName":"search_term_string"}}],"inLanguage":"fr-FR"},{"@type":"Organization","@id":"https:\/\/www.newtonvaureal.com\/fr\/#organization","name":"Newton.Vaureal consulting","url":"https:\/\/www.newtonvaureal.com\/fr\/","logo":{"@type":"ImageObject","inLanguage":"fr-FR","@id":"https:\/\/www.newtonvaureal.com\/fr\/#\/schema\/logo\/image\/","url":"https:\/\/www.newtonvaureal.com\/wp-content\/uploads\/2021\/07\/logo_newton-eurogroup-blanc-21.png","contentUrl":"https:\/\/www.newtonvaureal.com\/wp-content\/uploads\/2021\/07\/logo_newton-eurogroup-blanc-21.png","width":200,"height":79,"caption":"Newton.Vaureal consulting"},"image":{"@id":"https:\/\/www.newtonvaureal.com\/fr\/#\/schema\/logo\/image\/"}}]}},"_links":{"self":[{"href":"https:\/\/www.newtonvaureal.com\/fr\/wp-json\/wp\/v2\/pages\/28132","targetHints":{"allow":["GET"]}}],"collection":[{"href":"https:\/\/www.newtonvaureal.com\/fr\/wp-json\/wp\/v2\/pages"}],"about":[{"href":"https:\/\/www.newtonvaureal.com\/fr\/wp-json\/wp\/v2\/types\/page"}],"author":[{"embeddable":true,"href":"https:\/\/www.newtonvaureal.com\/fr\/wp-json\/wp\/v2\/users\/3"}],"replies":[{"embeddable":true,"href":"https:\/\/www.newtonvaureal.com\/fr\/wp-json\/wp\/v2\/comments?post=28132"}],"version-history":[{"count":18,"href":"https:\/\/www.newtonvaureal.com\/fr\/wp-json\/wp\/v2\/pages\/28132\/revisions"}],"predecessor-version":[{"id":28879,"href":"https:\/\/www.newtonvaureal.com\/fr\/wp-json\/wp\/v2\/pages\/28132\/revisions\/28879"}],"wp:attachment":[{"href":"https:\/\/www.newtonvaureal.com\/fr\/wp-json\/wp\/v2\/media?parent=28132"}],"curies":[{"name":"wp","href":"https:\/\/api.w.org\/{rel}","templated":true}]}}