{"id":28385,"date":"2025-07-04T15:14:19","date_gmt":"2025-07-04T13:14:19","guid":{"rendered":"https:\/\/www.newtonvaureal.com\/?page_id=28385"},"modified":"2025-07-08T11:18:37","modified_gmt":"2025-07-08T09:18:37","slug":"acceder-livre-blanc-omnicanal","status":"publish","type":"page","link":"https:\/\/www.newtonvaureal.com\/fr\/acceder-livre-blanc-omnicanal\/","title":{"rendered":"Livre blanc sur l&rsquo;omnicanal"},"content":{"rendered":"\t\t<div data-elementor-type=\"wp-page\" data-elementor-id=\"28385\" class=\"elementor elementor-28385\" data-elementor-post-type=\"page\">\n\t\t\t\t\t\t<section class=\"elementor-section elementor-top-section elementor-element elementor-element-67ab8c4f elementor-section-boxed elementor-section-height-default elementor-section-height-default\" data-id=\"67ab8c4f\" data-element_type=\"section\" data-e-type=\"section\">\n\t\t\t\t\t\t<div class=\"elementor-container elementor-column-gap-default\">\n\t\t\t\t\t<div class=\"elementor-column elementor-col-100 elementor-top-column elementor-element elementor-element-415b20da\" data-id=\"415b20da\" data-element_type=\"column\" data-e-type=\"column\">\n\t\t\t<div class=\"elementor-widget-wrap elementor-element-populated\">\n\t\t\t\t\t\t<div class=\"elementor-element elementor-element-6da210f9 elementor-widget elementor-widget-spacer\" data-id=\"6da210f9\" data-element_type=\"widget\" data-e-type=\"widget\" data-widget_type=\"spacer.default\">\n\t\t\t\t<div class=\"elementor-widget-container\">\n\t\t\t\t\t\t\t<div class=\"elementor-spacer\">\n\t\t\t<div class=\"elementor-spacer-inner\"><\/div>\n\t\t<\/div>\n\t\t\t\t\t\t<\/div>\n\t\t\t\t<\/div>\n\t\t\t\t<div class=\"elementor-element elementor-element-6bcfaa92 elementor-widget elementor-widget-heading\" data-id=\"6bcfaa92\" data-element_type=\"widget\" data-e-type=\"widget\" data-widget_type=\"heading.default\">\n\t\t\t\t<div class=\"elementor-widget-container\">\n\t\t\t\t\t<h2 class=\"elementor-heading-title elementor-size-default\">Les transformations des entrep\u00f4ts face \u00e0 l\u2019omnicanal<\/h2>\t\t\t\t<\/div>\n\t\t\t\t<\/div>\n\t\t\t\t<div class=\"elementor-element elementor-element-5d3be64d elementor-widget elementor-widget-text-editor\" data-id=\"5d3be64d\" data-element_type=\"widget\" data-e-type=\"widget\" data-widget_type=\"text-editor.default\">\n\t\t\t\t<div class=\"elementor-widget-container\">\n\t\t\t\t\t\t\t\t\t<p>Avec la mont\u00e9e en puissance du e-commerce et des attentes clients toujours plus \u00e9lev\u00e9es, aussi bien en terme de r\u00e9activit\u00e9 et de flexibilit\u00e9, le passage \u00e0 une\u00a0<strong>supply chain omnicanale<\/strong>\u00a0est devenu n\u00e9cessaire pour de nombreuses entreprises. Cette transformation bouleverse en profondeur l\u2019organisation des entrep\u00f4ts et n\u00e9cessite des solutions digitales et intralogistiques adapt\u00e9es<\/p><p>Dans ce livre blanc, nous vous proposons une lecture op\u00e9rationnelle des transformations \u00e0 engager et des principales solutions disponibles sur le march\u00e9 :<\/p><p>&#8211; Les\u00a0<strong>enjeux cl\u00e9s de l\u2019omnicanal<\/strong>\u00a0et ses impacts sur les flux logistiques\u202f<\/p><p>&#8211; Les\u00a0<strong>mutations<\/strong>\u00a0majeures des\u00a0<strong>entrep\u00f4ts<\/strong><\/p><p>&#8211; L\u2019<strong>\u00e9volution des WMS<\/strong>\u00a0face \u00e0 la complexit\u00e9 croissante des op\u00e9rations\u202f<\/p><p>&#8211; Le r\u00f4le strat\u00e9gique des\u00a0<strong>solutions OMS<\/strong>\u00a0dans la gestion des canaux\u202f<\/p><p>&#8211; Les technologies\u00a0<strong>intralogistiques\u00a0<\/strong>adapt\u00e9es \u00e0 ces nouveaux d\u00e9fis\u202f<\/p><p>&#8211; Des\u00a0<strong>retours d&rsquo;exp\u00e9rience\u00a0<\/strong>concrets pour illustrer les probl\u00e9matiques \u00e0 traiter et les gains de cette transformation\u00a0<\/p><p>Acc\u00e9dez d\u00e8s maintenant \u00e0 ce livre blanc ou contactez nous (<em><a href=\"mailto:contact@newtonvaureal.com\">contact@newtonvaureal.com<\/a><\/em>) pour d\u00e9couvrir comment transformer vos entrep\u00f4ts en v\u00e9ritables\u00a0<strong>acc\u00e9l\u00e9rateurs de performance omnicanale<\/strong>\u00a0!<\/p>\t\t\t\t\t\t\t\t<\/div>\n\t\t\t\t<\/div>\n\t\t\t\t<div class=\"elementor-element elementor-element-1ab89ba8 elementor-widget elementor-widget-spacer\" data-id=\"1ab89ba8\" data-element_type=\"widget\" data-e-type=\"widget\" data-widget_type=\"spacer.default\">\n\t\t\t\t<div class=\"elementor-widget-container\">\n\t\t\t\t\t\t\t<div class=\"elementor-spacer\">\n\t\t\t<div class=\"elementor-spacer-inner\"><\/div>\n\t\t<\/div>\n\t\t\t\t\t\t<\/div>\n\t\t\t\t<\/div>\n\t\t\t\t<div class=\"elementor-element elementor-element-7187dd90 elementor-widget elementor-widget-html\" data-id=\"7187dd90\" data-element_type=\"widget\" data-e-type=\"widget\" data-widget_type=\"html.default\">\n\t\t\t\t<div class=\"elementor-widget-container\">\n\t\t\t\t\t<div class=\"pipedriveWebForms\" data-pd-webforms=\"https:\/\/webforms.pipedrive.com\/f\/64N6hhgmd7pbGL1USYPW9OHL0FV7GDU33VgvsO6toGHDp2ABkhTbpLvtLTMir4jK83\"><script src=\"https:\/\/webforms.pipedrive.com\/f\/loader\"><\/script><\/div>\t\t\t\t<\/div>\n\t\t\t\t<\/div>\n\t\t\t\t\t<\/div>\n\t\t<\/div>\n\t\t\t\t\t<\/div>\n\t\t<\/section>\n\t\t\t\t<\/div>\n\t\t","protected":false},"excerpt":{"rendered":"<p>Les transformations des entrep\u00f4ts face \u00e0 l\u2019omnicanal Avec la mont\u00e9e en puissance du e-commerce et des attentes clients toujours plus \u00e9lev\u00e9es, aussi bien en terme de r\u00e9activit\u00e9 et de flexibilit\u00e9, &#8230;<\/p>\n","protected":false},"author":3,"featured_media":0,"parent":0,"menu_order":0,"comment_status":"closed","ping_status":"closed","template":"","meta":{"_acf_changed":false,"footnotes":""},"class_list":["post-28385","page","type-page","status-publish","hentry"],"acf":[],"yoast_head":"<!-- This site is optimized with the Yoast SEO plugin v27.0 - https:\/\/yoast.com\/product\/yoast-seo-wordpress\/ -->\n<title>Livre blanc sur l&#039;omnicanal - Newton.Vaureal Consulting<\/title>\n<meta name=\"description\" content=\"T\u00e9l\u00e9chargez notre livre blanc sur les transformations des entrep\u00f4ts pour passer \u00e0 l&#039;omnicanal, et l&#039;apport des WMS - OMS et intralogistique\" \/>\n<meta name=\"robots\" content=\"index, follow, max-snippet:-1, max-image-preview:large, max-video-preview:-1\" \/>\n<link rel=\"canonical\" href=\"https:\/\/www.newtonvaureal.com\/fr\/acceder-livre-blanc-omnicanal\/\" \/>\n<meta property=\"og:locale\" content=\"fr_FR\" \/>\n<meta property=\"og:type\" content=\"article\" \/>\n<meta property=\"og:title\" content=\"Livre blanc sur l&#039;omnicanal - Newton.Vaureal Consulting\" \/>\n<meta property=\"og:description\" content=\"T\u00e9l\u00e9chargez notre livre blanc sur les transformations des entrep\u00f4ts pour passer \u00e0 l&#039;omnicanal, et l&#039;apport des WMS - OMS et intralogistique\" \/>\n<meta property=\"og:url\" content=\"https:\/\/www.newtonvaureal.com\/fr\/acceder-livre-blanc-omnicanal\/\" \/>\n<meta property=\"og:site_name\" content=\"Newton.Vaureal Consulting\" \/>\n<meta property=\"article:modified_time\" content=\"2025-07-08T09:18:37+00:00\" \/>\n<meta name=\"twitter:card\" content=\"summary_large_image\" \/>\n<script type=\"application\/ld+json\" class=\"yoast-schema-graph\">{\"@context\":\"https:\/\/schema.org\",\"@graph\":[{\"@type\":\"WebPage\",\"@id\":\"https:\/\/www.newtonvaureal.com\/fr\/acceder-livre-blanc-omnicanal\/\",\"url\":\"https:\/\/www.newtonvaureal.com\/fr\/acceder-livre-blanc-omnicanal\/\",\"name\":\"Livre blanc sur l'omnicanal - Newton.Vaureal Consulting\",\"isPartOf\":{\"@id\":\"https:\/\/www.newtonvaureal.com\/fr\/#website\"},\"datePublished\":\"2025-07-04T13:14:19+00:00\",\"dateModified\":\"2025-07-08T09:18:37+00:00\",\"description\":\"T\u00e9l\u00e9chargez notre livre blanc sur les transformations des entrep\u00f4ts pour passer \u00e0 l'omnicanal, et l'apport des WMS - OMS et intralogistique\",\"breadcrumb\":{\"@id\":\"https:\/\/www.newtonvaureal.com\/fr\/acceder-livre-blanc-omnicanal\/#breadcrumb\"},\"inLanguage\":\"fr-FR\",\"potentialAction\":[{\"@type\":\"ReadAction\",\"target\":[\"https:\/\/www.newtonvaureal.com\/fr\/acceder-livre-blanc-omnicanal\/\"]}]},{\"@type\":\"BreadcrumbList\",\"@id\":\"https:\/\/www.newtonvaureal.com\/fr\/acceder-livre-blanc-omnicanal\/#breadcrumb\",\"itemListElement\":[{\"@type\":\"ListItem\",\"position\":1,\"name\":\"Accueil\",\"item\":\"https:\/\/www.newtonvaureal.com\/fr\/\"},{\"@type\":\"ListItem\",\"position\":2,\"name\":\"Livre blanc sur l&rsquo;omnicanal\"}]},{\"@type\":\"WebSite\",\"@id\":\"https:\/\/www.newtonvaureal.com\/fr\/#website\",\"url\":\"https:\/\/www.newtonvaureal.com\/fr\/\",\"name\":\"Newton.Vaureal Consulting\",\"description\":\"\",\"publisher\":{\"@id\":\"https:\/\/www.newtonvaureal.com\/fr\/#organization\"},\"potentialAction\":[{\"@type\":\"SearchAction\",\"target\":{\"@type\":\"EntryPoint\",\"urlTemplate\":\"https:\/\/www.newtonvaureal.com\/fr\/?s={search_term_string}\"},\"query-input\":{\"@type\":\"PropertyValueSpecification\",\"valueRequired\":true,\"valueName\":\"search_term_string\"}}],\"inLanguage\":\"fr-FR\"},{\"@type\":\"Organization\",\"@id\":\"https:\/\/www.newtonvaureal.com\/fr\/#organization\",\"name\":\"Newton.Vaureal consulting\",\"url\":\"https:\/\/www.newtonvaureal.com\/fr\/\",\"logo\":{\"@type\":\"ImageObject\",\"inLanguage\":\"fr-FR\",\"@id\":\"https:\/\/www.newtonvaureal.com\/fr\/#\/schema\/logo\/image\/\",\"url\":\"https:\/\/www.newtonvaureal.com\/wp-content\/uploads\/2021\/07\/logo_newton-eurogroup-blanc-21.png\",\"contentUrl\":\"https:\/\/www.newtonvaureal.com\/wp-content\/uploads\/2021\/07\/logo_newton-eurogroup-blanc-21.png\",\"width\":200,\"height\":79,\"caption\":\"Newton.Vaureal consulting\"},\"image\":{\"@id\":\"https:\/\/www.newtonvaureal.com\/fr\/#\/schema\/logo\/image\/\"}}]}<\/script>\n<!-- \/ Yoast SEO plugin. -->","yoast_head_json":{"title":"Livre blanc sur l'omnicanal - Newton.Vaureal Consulting","description":"T\u00e9l\u00e9chargez notre livre blanc sur les transformations des entrep\u00f4ts pour passer \u00e0 l'omnicanal, et l'apport des WMS - OMS et intralogistique","robots":{"index":"index","follow":"follow","max-snippet":"max-snippet:-1","max-image-preview":"max-image-preview:large","max-video-preview":"max-video-preview:-1"},"canonical":"https:\/\/www.newtonvaureal.com\/fr\/acceder-livre-blanc-omnicanal\/","og_locale":"fr_FR","og_type":"article","og_title":"Livre blanc sur l'omnicanal - Newton.Vaureal Consulting","og_description":"T\u00e9l\u00e9chargez notre livre blanc sur les transformations des entrep\u00f4ts pour passer \u00e0 l'omnicanal, et l'apport des WMS - OMS et intralogistique","og_url":"https:\/\/www.newtonvaureal.com\/fr\/acceder-livre-blanc-omnicanal\/","og_site_name":"Newton.Vaureal Consulting","article_modified_time":"2025-07-08T09:18:37+00:00","twitter_card":"summary_large_image","schema":{"@context":"https:\/\/schema.org","@graph":[{"@type":"WebPage","@id":"https:\/\/www.newtonvaureal.com\/fr\/acceder-livre-blanc-omnicanal\/","url":"https:\/\/www.newtonvaureal.com\/fr\/acceder-livre-blanc-omnicanal\/","name":"Livre blanc sur l'omnicanal - Newton.Vaureal Consulting","isPartOf":{"@id":"https:\/\/www.newtonvaureal.com\/fr\/#website"},"datePublished":"2025-07-04T13:14:19+00:00","dateModified":"2025-07-08T09:18:37+00:00","description":"T\u00e9l\u00e9chargez notre livre blanc sur les transformations des entrep\u00f4ts pour passer \u00e0 l'omnicanal, et l'apport des WMS - OMS et intralogistique","breadcrumb":{"@id":"https:\/\/www.newtonvaureal.com\/fr\/acceder-livre-blanc-omnicanal\/#breadcrumb"},"inLanguage":"fr-FR","potentialAction":[{"@type":"ReadAction","target":["https:\/\/www.newtonvaureal.com\/fr\/acceder-livre-blanc-omnicanal\/"]}]},{"@type":"BreadcrumbList","@id":"https:\/\/www.newtonvaureal.com\/fr\/acceder-livre-blanc-omnicanal\/#breadcrumb","itemListElement":[{"@type":"ListItem","position":1,"name":"Accueil","item":"https:\/\/www.newtonvaureal.com\/fr\/"},{"@type":"ListItem","position":2,"name":"Livre blanc sur l&rsquo;omnicanal"}]},{"@type":"WebSite","@id":"https:\/\/www.newtonvaureal.com\/fr\/#website","url":"https:\/\/www.newtonvaureal.com\/fr\/","name":"Newton.Vaureal Consulting","description":"","publisher":{"@id":"https:\/\/www.newtonvaureal.com\/fr\/#organization"},"potentialAction":[{"@type":"SearchAction","target":{"@type":"EntryPoint","urlTemplate":"https:\/\/www.newtonvaureal.com\/fr\/?s={search_term_string}"},"query-input":{"@type":"PropertyValueSpecification","valueRequired":true,"valueName":"search_term_string"}}],"inLanguage":"fr-FR"},{"@type":"Organization","@id":"https:\/\/www.newtonvaureal.com\/fr\/#organization","name":"Newton.Vaureal consulting","url":"https:\/\/www.newtonvaureal.com\/fr\/","logo":{"@type":"ImageObject","inLanguage":"fr-FR","@id":"https:\/\/www.newtonvaureal.com\/fr\/#\/schema\/logo\/image\/","url":"https:\/\/www.newtonvaureal.com\/wp-content\/uploads\/2021\/07\/logo_newton-eurogroup-blanc-21.png","contentUrl":"https:\/\/www.newtonvaureal.com\/wp-content\/uploads\/2021\/07\/logo_newton-eurogroup-blanc-21.png","width":200,"height":79,"caption":"Newton.Vaureal consulting"},"image":{"@id":"https:\/\/www.newtonvaureal.com\/fr\/#\/schema\/logo\/image\/"}}]}},"_links":{"self":[{"href":"https:\/\/www.newtonvaureal.com\/fr\/wp-json\/wp\/v2\/pages\/28385","targetHints":{"allow":["GET"]}}],"collection":[{"href":"https:\/\/www.newtonvaureal.com\/fr\/wp-json\/wp\/v2\/pages"}],"about":[{"href":"https:\/\/www.newtonvaureal.com\/fr\/wp-json\/wp\/v2\/types\/page"}],"author":[{"embeddable":true,"href":"https:\/\/www.newtonvaureal.com\/fr\/wp-json\/wp\/v2\/users\/3"}],"replies":[{"embeddable":true,"href":"https:\/\/www.newtonvaureal.com\/fr\/wp-json\/wp\/v2\/comments?post=28385"}],"version-history":[{"count":10,"href":"https:\/\/www.newtonvaureal.com\/fr\/wp-json\/wp\/v2\/pages\/28385\/revisions"}],"predecessor-version":[{"id":29541,"href":"https:\/\/www.newtonvaureal.com\/fr\/wp-json\/wp\/v2\/pages\/28385\/revisions\/29541"}],"wp:attachment":[{"href":"https:\/\/www.newtonvaureal.com\/fr\/wp-json\/wp\/v2\/media?parent=28385"}],"curies":[{"name":"wp","href":"https:\/\/api.w.org\/{rel}","templated":true}]}}