{"id":29203,"date":"2025-08-27T18:15:51","date_gmt":"2025-08-27T16:15:51","guid":{"rendered":"https:\/\/www.newtonvaureal.com\/?page_id=29203"},"modified":"2025-08-27T18:15:53","modified_gmt":"2025-08-27T16:15:53","slug":"livre-blanc-entrepot-40","status":"publish","type":"page","link":"https:\/\/www.newtonvaureal.com\/fr\/livre-blanc-entrepot-40\/","title":{"rendered":"Acces livre blanc entrepot 4.0"},"content":{"rendered":"\t\t<div data-elementor-type=\"wp-page\" data-elementor-id=\"29203\" class=\"elementor elementor-29203\" data-elementor-post-type=\"page\">\n\t\t\t\t\t\t<section class=\"elementor-section elementor-top-section elementor-element elementor-element-67b3da89 elementor-section-boxed elementor-section-height-default elementor-section-height-default\" data-id=\"67b3da89\" data-element_type=\"section\" data-e-type=\"section\">\n\t\t\t\t\t\t<div class=\"elementor-container elementor-column-gap-default\">\n\t\t\t\t\t<div class=\"elementor-column elementor-col-100 elementor-top-column elementor-element elementor-element-3f6a9182\" data-id=\"3f6a9182\" data-element_type=\"column\" data-e-type=\"column\">\n\t\t\t<div class=\"elementor-widget-wrap elementor-element-populated\">\n\t\t\t\t\t\t<div class=\"elementor-element elementor-element-78a70ee4 elementor-widget elementor-widget-text-editor\" data-id=\"78a70ee4\" data-element_type=\"widget\" data-e-type=\"widget\" data-widget_type=\"text-editor.default\">\n\t\t\t\t<div class=\"elementor-widget-container\">\n\t\t\t\t\t\t\t\t\t<p><span style=\"color: #333333; font-family: Raleway, Helvetica, Arial, sans-serif; font-size: 2.5rem; font-weight: 600;\">Livre blanc : Le pilotage 4.0 des WMS<\/span><\/p><p>Ce livre blanc propose d\u2019\u00e9clairer les profondes transformations que connaissent les entrep\u00f4ts et leurs cons\u00e9quences en mati\u00e8re d\u2019outils de pilotage qui leur sont d\u00e9di\u00e9s (WMS, WCS, \u2026). Il souhaite apporter aux d\u00e9cideurs supply chain et logistiques, une vision actualis\u00e9e et prospective de la dynamique de <a href=\"https:\/\/www.newtonvaureal.com\/fr\/notre-expertise\/entrepot\/\">transformation des entrep\u00f4ts<\/a>. Il propose de voir comment il est possible de tirer le meilleur parti de ces infrastructures gr\u00e2ce aux outils de pilotage et comment ceux-ci<br \/>s\u2019adaptent aux fonctionnalit\u00e9s nouvelles des entrep\u00f4ts.<\/p><ul><li>Dans un premier temps, sur un exemple e-commerce, nous proposons d\u2019illustrer la mutation permanente de l\u2019entrep\u00f4t. Nous verrons comment son format \u00e9volue au cours du temps.<\/li><li>Puis, dans un second temps, nous investiguerons les mod\u00e8les de pilotage de ces infrastructures telles qu\u2019ils existent aujourd\u2019hui.<\/li><li>Dans une troisi\u00e8me partie, nous proposerons un inventaire des grandes tendances d\u2019\u00e9volution de fond des entrep\u00f4ts.<\/li><li>Puis dans une quatri\u00e8me partie, nous envisagerons comment les \u00e9volutions en cours et \u00e0 venir p\u00e8sent sur les outils de conduite des activit\u00e9s au sein des entrep\u00f4ts.<\/li><li>Dans une cinqui\u00e8me partie nous identifierons les bonnes pratiques pour permettre une meilleure conduite des projets de d\u00e9ploiement des outils IT dans les entrep\u00f4ts.<\/li><li>Et enfin, dans une derni\u00e8re et sixi\u00e8me partie, nous tenterons d\u2019apporter quelques \u00e9l\u00e9ments prospectifs pour pr\u00e9parer les prochaines \u00e9tapes<br \/>de la transformation des entrep\u00f4ts.<\/li><\/ul><p>Visualisez votre livre blanc ci-dess<span style=\"font-size: 0.875rem;\">ous ou <\/span><strong style=\"font-size: 0.875rem;\"><a href=\"https:\/\/www.newtonvaureal.com\/wp-content\/uploads\/Livre-Blanc-pilotage-40-wms-fr.pdf\">t\u00e9l\u00e9chargez le<\/a> :<\/strong><\/p>\t\t\t\t\t\t\t\t<\/div>\n\t\t\t\t<\/div>\n\t\t\t\t\t<\/div>\n\t\t<\/div>\n\t\t\t\t\t<\/div>\n\t\t<\/section>\n\t\t\t\t<section class=\"elementor-section elementor-top-section elementor-element elementor-element-2436150f elementor-section-boxed elementor-section-height-default elementor-section-height-default\" data-id=\"2436150f\" data-element_type=\"section\" data-e-type=\"section\">\n\t\t\t\t\t\t<div class=\"elementor-container elementor-column-gap-default\">\n\t\t\t\t\t<div class=\"elementor-column elementor-col-100 elementor-top-column elementor-element elementor-element-560246af\" data-id=\"560246af\" data-element_type=\"column\" data-e-type=\"column\">\n\t\t\t<div class=\"elementor-widget-wrap elementor-element-populated\">\n\t\t\t\t\t\t<div class=\"elementor-element elementor-element-3113fce elementor-widget elementor-widget-pdf_viewer\" data-id=\"3113fce\" data-element_type=\"widget\" data-e-type=\"widget\" data-widget_type=\"pdf_viewer.default\">\n\t\t\t\t<div class=\"elementor-widget-container\">\n\t\t\t\t\t<iframe data-src=\"https:\/\/docs.google.com\/viewer?url=https:\/\/www.newtonvaureal.com\/wp-content\/uploads\/Livre-Blanc-pilotage-40-wms-fr.pdf&amp;embedded=true\" style=\"display: block; margin-left: auto; margin-right: auto; width: 860px; height: 820px;\" frameborder=\"1\" marginheight=\"0px\" marginwidth=\"0px\" allowfullscreen src=\"data:image\/svg+xml;base64,PHN2ZyB3aWR0aD0iMSIgaGVpZ2h0PSIxIiB4bWxucz0iaHR0cDovL3d3dy53My5vcmcvMjAwMC9zdmciPjwvc3ZnPg==\" class=\"lazyload\" data-load-mode=\"1\"><\/iframe>\t\t\t\t<\/div>\n\t\t\t\t<\/div>\n\t\t\t\t\t<\/div>\n\t\t<\/div>\n\t\t\t\t\t<\/div>\n\t\t<\/section>\n\t\t\t\t<\/div>\n\t\t","protected":false},"excerpt":{"rendered":"<p>Livre blanc : Le pilotage 4.0 des WMS Ce livre blanc propose d\u2019\u00e9clairer les profondes transformations que connaissent les entrep\u00f4ts et leurs cons\u00e9quences en mati\u00e8re d\u2019outils de pilotage qui leur &#8230;<\/p>\n","protected":false},"author":3,"featured_media":0,"parent":0,"menu_order":0,"comment_status":"closed","ping_status":"closed","template":"","meta":{"_acf_changed":false,"footnotes":""},"class_list":["post-29203","page","type-page","status-publish","hentry"],"acf":[],"yoast_head":"<!-- This site is optimized with the Yoast SEO plugin v27.0 - https:\/\/yoast.com\/product\/yoast-seo-wordpress\/ -->\n<title>Acces livre blanc entrepot 4.0 - Newton.Vaureal Consulting<\/title>\n<meta name=\"robots\" content=\"index, follow, max-snippet:-1, max-image-preview:large, max-video-preview:-1\" \/>\n<link rel=\"canonical\" href=\"https:\/\/www.newtonvaureal.com\/fr\/livre-blanc-entrepot-40\/\" \/>\n<meta property=\"og:locale\" content=\"fr_FR\" \/>\n<meta property=\"og:type\" content=\"article\" \/>\n<meta property=\"og:title\" content=\"Acces livre blanc entrepot 4.0 - Newton.Vaureal Consulting\" \/>\n<meta property=\"og:description\" content=\"Livre blanc : Le pilotage 4.0 des WMS Ce livre blanc propose d\u2019\u00e9clairer les profondes transformations que connaissent les entrep\u00f4ts et leurs cons\u00e9quences en mati\u00e8re d\u2019outils de pilotage qui leur ...\" \/>\n<meta property=\"og:url\" content=\"https:\/\/www.newtonvaureal.com\/fr\/livre-blanc-entrepot-40\/\" \/>\n<meta property=\"og:site_name\" content=\"Newton.Vaureal Consulting\" \/>\n<meta property=\"article:modified_time\" content=\"2025-08-27T16:15:53+00:00\" \/>\n<meta name=\"twitter:card\" content=\"summary_large_image\" \/>\n<script type=\"application\/ld+json\" class=\"yoast-schema-graph\">{\"@context\":\"https:\/\/schema.org\",\"@graph\":[{\"@type\":\"WebPage\",\"@id\":\"https:\/\/www.newtonvaureal.com\/fr\/livre-blanc-entrepot-40\/\",\"url\":\"https:\/\/www.newtonvaureal.com\/fr\/livre-blanc-entrepot-40\/\",\"name\":\"Acces livre blanc entrepot 4.0 - Newton.Vaureal Consulting\",\"isPartOf\":{\"@id\":\"https:\/\/www.newtonvaureal.com\/fr\/#website\"},\"datePublished\":\"2025-08-27T16:15:51+00:00\",\"dateModified\":\"2025-08-27T16:15:53+00:00\",\"breadcrumb\":{\"@id\":\"https:\/\/www.newtonvaureal.com\/fr\/livre-blanc-entrepot-40\/#breadcrumb\"},\"inLanguage\":\"fr-FR\",\"potentialAction\":[{\"@type\":\"ReadAction\",\"target\":[\"https:\/\/www.newtonvaureal.com\/fr\/livre-blanc-entrepot-40\/\"]}]},{\"@type\":\"BreadcrumbList\",\"@id\":\"https:\/\/www.newtonvaureal.com\/fr\/livre-blanc-entrepot-40\/#breadcrumb\",\"itemListElement\":[{\"@type\":\"ListItem\",\"position\":1,\"name\":\"Accueil\",\"item\":\"https:\/\/www.newtonvaureal.com\/fr\/\"},{\"@type\":\"ListItem\",\"position\":2,\"name\":\"Acces livre blanc entrepot 4.0\"}]},{\"@type\":\"WebSite\",\"@id\":\"https:\/\/www.newtonvaureal.com\/fr\/#website\",\"url\":\"https:\/\/www.newtonvaureal.com\/fr\/\",\"name\":\"Newton.Vaureal Consulting\",\"description\":\"\",\"publisher\":{\"@id\":\"https:\/\/www.newtonvaureal.com\/fr\/#organization\"},\"potentialAction\":[{\"@type\":\"SearchAction\",\"target\":{\"@type\":\"EntryPoint\",\"urlTemplate\":\"https:\/\/www.newtonvaureal.com\/fr\/?s={search_term_string}\"},\"query-input\":{\"@type\":\"PropertyValueSpecification\",\"valueRequired\":true,\"valueName\":\"search_term_string\"}}],\"inLanguage\":\"fr-FR\"},{\"@type\":\"Organization\",\"@id\":\"https:\/\/www.newtonvaureal.com\/fr\/#organization\",\"name\":\"Newton.Vaureal consulting\",\"url\":\"https:\/\/www.newtonvaureal.com\/fr\/\",\"logo\":{\"@type\":\"ImageObject\",\"inLanguage\":\"fr-FR\",\"@id\":\"https:\/\/www.newtonvaureal.com\/fr\/#\/schema\/logo\/image\/\",\"url\":\"https:\/\/www.newtonvaureal.com\/wp-content\/uploads\/2021\/07\/logo_newton-eurogroup-blanc-21.png\",\"contentUrl\":\"https:\/\/www.newtonvaureal.com\/wp-content\/uploads\/2021\/07\/logo_newton-eurogroup-blanc-21.png\",\"width\":200,\"height\":79,\"caption\":\"Newton.Vaureal consulting\"},\"image\":{\"@id\":\"https:\/\/www.newtonvaureal.com\/fr\/#\/schema\/logo\/image\/\"}}]}<\/script>\n<!-- \/ Yoast SEO plugin. -->","yoast_head_json":{"title":"Acces livre blanc entrepot 4.0 - Newton.Vaureal Consulting","robots":{"index":"index","follow":"follow","max-snippet":"max-snippet:-1","max-image-preview":"max-image-preview:large","max-video-preview":"max-video-preview:-1"},"canonical":"https:\/\/www.newtonvaureal.com\/fr\/livre-blanc-entrepot-40\/","og_locale":"fr_FR","og_type":"article","og_title":"Acces livre blanc entrepot 4.0 - Newton.Vaureal Consulting","og_description":"Livre blanc : Le pilotage 4.0 des WMS Ce livre blanc propose d\u2019\u00e9clairer les profondes transformations que connaissent les entrep\u00f4ts et leurs cons\u00e9quences en mati\u00e8re d\u2019outils de pilotage qui leur ...","og_url":"https:\/\/www.newtonvaureal.com\/fr\/livre-blanc-entrepot-40\/","og_site_name":"Newton.Vaureal Consulting","article_modified_time":"2025-08-27T16:15:53+00:00","twitter_card":"summary_large_image","schema":{"@context":"https:\/\/schema.org","@graph":[{"@type":"WebPage","@id":"https:\/\/www.newtonvaureal.com\/fr\/livre-blanc-entrepot-40\/","url":"https:\/\/www.newtonvaureal.com\/fr\/livre-blanc-entrepot-40\/","name":"Acces livre blanc entrepot 4.0 - Newton.Vaureal Consulting","isPartOf":{"@id":"https:\/\/www.newtonvaureal.com\/fr\/#website"},"datePublished":"2025-08-27T16:15:51+00:00","dateModified":"2025-08-27T16:15:53+00:00","breadcrumb":{"@id":"https:\/\/www.newtonvaureal.com\/fr\/livre-blanc-entrepot-40\/#breadcrumb"},"inLanguage":"fr-FR","potentialAction":[{"@type":"ReadAction","target":["https:\/\/www.newtonvaureal.com\/fr\/livre-blanc-entrepot-40\/"]}]},{"@type":"BreadcrumbList","@id":"https:\/\/www.newtonvaureal.com\/fr\/livre-blanc-entrepot-40\/#breadcrumb","itemListElement":[{"@type":"ListItem","position":1,"name":"Accueil","item":"https:\/\/www.newtonvaureal.com\/fr\/"},{"@type":"ListItem","position":2,"name":"Acces livre blanc entrepot 4.0"}]},{"@type":"WebSite","@id":"https:\/\/www.newtonvaureal.com\/fr\/#website","url":"https:\/\/www.newtonvaureal.com\/fr\/","name":"Newton.Vaureal Consulting","description":"","publisher":{"@id":"https:\/\/www.newtonvaureal.com\/fr\/#organization"},"potentialAction":[{"@type":"SearchAction","target":{"@type":"EntryPoint","urlTemplate":"https:\/\/www.newtonvaureal.com\/fr\/?s={search_term_string}"},"query-input":{"@type":"PropertyValueSpecification","valueRequired":true,"valueName":"search_term_string"}}],"inLanguage":"fr-FR"},{"@type":"Organization","@id":"https:\/\/www.newtonvaureal.com\/fr\/#organization","name":"Newton.Vaureal consulting","url":"https:\/\/www.newtonvaureal.com\/fr\/","logo":{"@type":"ImageObject","inLanguage":"fr-FR","@id":"https:\/\/www.newtonvaureal.com\/fr\/#\/schema\/logo\/image\/","url":"https:\/\/www.newtonvaureal.com\/wp-content\/uploads\/2021\/07\/logo_newton-eurogroup-blanc-21.png","contentUrl":"https:\/\/www.newtonvaureal.com\/wp-content\/uploads\/2021\/07\/logo_newton-eurogroup-blanc-21.png","width":200,"height":79,"caption":"Newton.Vaureal consulting"},"image":{"@id":"https:\/\/www.newtonvaureal.com\/fr\/#\/schema\/logo\/image\/"}}]}},"_links":{"self":[{"href":"https:\/\/www.newtonvaureal.com\/fr\/wp-json\/wp\/v2\/pages\/29203","targetHints":{"allow":["GET"]}}],"collection":[{"href":"https:\/\/www.newtonvaureal.com\/fr\/wp-json\/wp\/v2\/pages"}],"about":[{"href":"https:\/\/www.newtonvaureal.com\/fr\/wp-json\/wp\/v2\/types\/page"}],"author":[{"embeddable":true,"href":"https:\/\/www.newtonvaureal.com\/fr\/wp-json\/wp\/v2\/users\/3"}],"replies":[{"embeddable":true,"href":"https:\/\/www.newtonvaureal.com\/fr\/wp-json\/wp\/v2\/comments?post=29203"}],"version-history":[{"count":9,"href":"https:\/\/www.newtonvaureal.com\/fr\/wp-json\/wp\/v2\/pages\/29203\/revisions"}],"predecessor-version":[{"id":29218,"href":"https:\/\/www.newtonvaureal.com\/fr\/wp-json\/wp\/v2\/pages\/29203\/revisions\/29218"}],"wp:attachment":[{"href":"https:\/\/www.newtonvaureal.com\/fr\/wp-json\/wp\/v2\/media?parent=29203"}],"curies":[{"name":"wp","href":"https:\/\/api.w.org\/{rel}","templated":true}]}}