{"id":31717,"date":"2026-03-19T09:50:11","date_gmt":"2026-03-19T08:50:11","guid":{"rendered":"https:\/\/www.newtonvaureal.com\/?page_id=31717"},"modified":"2026-03-19T09:50:12","modified_gmt":"2026-03-19T08:50:12","slug":"acces_replay_webinar_sop","status":"publish","type":"page","link":"https:\/\/www.newtonvaureal.com\/fr\/acces_replay_webinar_sop\/","title":{"rendered":"Acces replay webinar SOP"},"content":{"rendered":"\t\t<div data-elementor-type=\"wp-page\" data-elementor-id=\"31717\" class=\"elementor elementor-31717\" data-elementor-post-type=\"page\">\n\t\t\t\t\t\t<section class=\"elementor-section elementor-top-section elementor-element elementor-element-7c0f66ed elementor-section-boxed elementor-section-height-default elementor-section-height-default\" data-id=\"7c0f66ed\" data-element_type=\"section\" data-e-type=\"section\">\n\t\t\t\t\t\t<div class=\"elementor-container elementor-column-gap-default\">\n\t\t\t\t\t<div class=\"elementor-column elementor-col-100 elementor-top-column elementor-element elementor-element-6e9f3f2a\" data-id=\"6e9f3f2a\" data-element_type=\"column\" data-e-type=\"column\">\n\t\t\t<div class=\"elementor-widget-wrap elementor-element-populated\">\n\t\t\t\t\t\t<div class=\"elementor-element elementor-element-1caf9ece elementor-widget elementor-widget-spacer\" data-id=\"1caf9ece\" data-element_type=\"widget\" data-e-type=\"widget\" data-widget_type=\"spacer.default\">\n\t\t\t\t<div class=\"elementor-widget-container\">\n\t\t\t\t\t\t\t<div class=\"elementor-spacer\">\n\t\t\t<div class=\"elementor-spacer-inner\"><\/div>\n\t\t<\/div>\n\t\t\t\t\t\t<\/div>\n\t\t\t\t<\/div>\n\t\t\t\t<div class=\"elementor-element elementor-element-7b1e812d elementor-widget elementor-widget-heading\" data-id=\"7b1e812d\" data-element_type=\"widget\" data-e-type=\"widget\" data-widget_type=\"heading.default\">\n\t\t\t\t<div class=\"elementor-widget-container\">\n\t\t\t\t\t<h2 class=\"elementor-heading-title elementor-size-default\">Acc\u00e9dez au replay du webinar : S&amp;OP, solution APS, IA \u2026 et d\u00e9cisions collectives, d\u00e9couvrez le retour d\u2019exp\u00e9rience de Motul !<\/h2>\t\t\t\t<\/div>\n\t\t\t\t<\/div>\n\t\t\t\t<div class=\"elementor-element elementor-element-5860ea1e elementor-widget elementor-widget-text-editor\" data-id=\"5860ea1e\" data-element_type=\"widget\" data-e-type=\"widget\" data-widget_type=\"text-editor.default\">\n\t\t\t\t<div class=\"elementor-widget-container\">\n\t\t\t\t\t\t\t\t\t<p>Donn\u00e9es, outils digitaux et IA se multiplient, pour une planification de la supply chain toujours plus pr\u00e9cise.\u00a0Pourtant, la d\u00e9cision collective reste souvent lente et conflictuelle.<\/p><p>Dans un contexte de forte instabilit\u00e9, le S&amp;OP reste n\u00e9anmoins un levier cl\u00e9 du pilotage moyen-terme, \u00e0 condition de le rendre op\u00e9rationnel sur la dur\u00e9e.<\/p><p>A l\u2019occasion de ce webinar, <strong>Xavier Baraton, Directeur Supply Chain de Motul<\/strong>, et les experts de Newton.Vaureal Consulting partagent leur retour d\u2019exp\u00e9rience sur la <strong>mise en place r\u00e9ussie et durable d\u2019un processus S&amp;OP<\/strong>. Au programme :<\/p><p>&#8211; structurer un<strong> S&amp;OP robuste<\/strong> et adapt\u00e9 \u00e0 un environnement instable,<\/p><p>&#8211; comprendre l\u2019apport r\u00e9el <strong>des APS et de l\u2019IA<\/strong>,<\/p><p>&#8211; assurer l\u2019<strong>efficacit\u00e9<\/strong> de ces outils (gouvernance, r\u00f4les, animation),<\/p><p>&#8211; aligner durablement les \u00e9quipes autour d\u2019un plan <strong>partag\u00e9<\/strong>.<\/p><p>Ce <strong>t\u00e9moignage passionnant<\/strong> est un vrai retour terrain, destin\u00e9 aussi bien aux Directions Supply Chain qu\u2019aux Directions G\u00e9n\u00e9rales, convaincues des b\u00e9n\u00e9fices forts d\u2019un pilotage moyen terme.\u00a0<\/p>\t\t\t\t\t\t\t\t<\/div>\n\t\t\t\t<\/div>\n\t\t\t\t<div class=\"elementor-element elementor-element-1216c1f8 elementor-widget elementor-widget-spacer\" data-id=\"1216c1f8\" data-element_type=\"widget\" data-e-type=\"widget\" data-widget_type=\"spacer.default\">\n\t\t\t\t<div class=\"elementor-widget-container\">\n\t\t\t\t\t\t\t<div class=\"elementor-spacer\">\n\t\t\t<div class=\"elementor-spacer-inner\"><\/div>\n\t\t<\/div>\n\t\t\t\t\t\t<\/div>\n\t\t\t\t<\/div>\n\t\t\t\t<div class=\"elementor-element elementor-element-1eb37630 elementor-widget elementor-widget-html\" data-id=\"1eb37630\" data-element_type=\"widget\" data-e-type=\"widget\" data-widget_type=\"html.default\">\n\t\t\t\t<div class=\"elementor-widget-container\">\n\t\t\t\t\t<div class=\"pipedriveWebForms\" data-pd-webforms=\"https:\/\/webforms.pipedrive.com\/f\/cB6YSfBfm9ZGY1xnMjghPoZ1WdhJbfBHomGK55HTGe6kBmJKf6pyLQ63HH0Ie9ArOX\"><script src=\"https:\/\/webforms.pipedrive.com\/f\/loader\"><\/script><\/div>\t\t\t\t<\/div>\n\t\t\t\t<\/div>\n\t\t\t\t\t<\/div>\n\t\t<\/div>\n\t\t\t\t\t<\/div>\n\t\t<\/section>\n\t\t\t\t<\/div>\n\t\t","protected":false},"excerpt":{"rendered":"<p>Acc\u00e9dez au replay du webinar : S&amp;OP, solution APS, IA \u2026 et d\u00e9cisions collectives, d\u00e9couvrez le retour d\u2019exp\u00e9rience de Motul ! Donn\u00e9es, outils digitaux et IA se multiplient, pour une &#8230;<\/p>\n","protected":false},"author":3,"featured_media":0,"parent":0,"menu_order":0,"comment_status":"closed","ping_status":"closed","template":"","meta":{"_acf_changed":false,"footnotes":""},"class_list":["post-31717","page","type-page","status-publish","hentry"],"acf":[],"yoast_head":"<!-- This site is optimized with the Yoast SEO plugin v27.0 - https:\/\/yoast.com\/product\/yoast-seo-wordpress\/ -->\n<title>Acces replay webinar SOP - Newton.Vaureal Consulting<\/title>\n<meta name=\"robots\" content=\"index, follow, max-snippet:-1, max-image-preview:large, max-video-preview:-1\" \/>\n<link rel=\"canonical\" href=\"https:\/\/www.newtonvaureal.com\/fr\/acces_replay_webinar_sop\/\" \/>\n<meta property=\"og:locale\" content=\"fr_FR\" \/>\n<meta property=\"og:type\" content=\"article\" \/>\n<meta property=\"og:title\" content=\"Acces replay webinar SOP - Newton.Vaureal Consulting\" \/>\n<meta property=\"og:description\" content=\"Acc\u00e9dez au replay du webinar : S&amp;OP, solution APS, IA \u2026 et d\u00e9cisions collectives, d\u00e9couvrez le retour d\u2019exp\u00e9rience de Motul ! Donn\u00e9es, outils digitaux et IA se multiplient, pour une ...\" \/>\n<meta property=\"og:url\" content=\"https:\/\/www.newtonvaureal.com\/fr\/acces_replay_webinar_sop\/\" \/>\n<meta property=\"og:site_name\" content=\"Newton.Vaureal Consulting\" \/>\n<meta property=\"article:modified_time\" content=\"2026-03-19T08:50:12+00:00\" \/>\n<meta name=\"twitter:card\" content=\"summary_large_image\" \/>\n<script type=\"application\/ld+json\" class=\"yoast-schema-graph\">{\"@context\":\"https:\/\/schema.org\",\"@graph\":[{\"@type\":\"WebPage\",\"@id\":\"https:\/\/www.newtonvaureal.com\/fr\/acces_replay_webinar_sop\/\",\"url\":\"https:\/\/www.newtonvaureal.com\/fr\/acces_replay_webinar_sop\/\",\"name\":\"Acces replay webinar SOP - Newton.Vaureal Consulting\",\"isPartOf\":{\"@id\":\"https:\/\/www.newtonvaureal.com\/fr\/#website\"},\"datePublished\":\"2026-03-19T08:50:11+00:00\",\"dateModified\":\"2026-03-19T08:50:12+00:00\",\"breadcrumb\":{\"@id\":\"https:\/\/www.newtonvaureal.com\/fr\/acces_replay_webinar_sop\/#breadcrumb\"},\"inLanguage\":\"fr-FR\",\"potentialAction\":[{\"@type\":\"ReadAction\",\"target\":[\"https:\/\/www.newtonvaureal.com\/fr\/acces_replay_webinar_sop\/\"]}]},{\"@type\":\"BreadcrumbList\",\"@id\":\"https:\/\/www.newtonvaureal.com\/fr\/acces_replay_webinar_sop\/#breadcrumb\",\"itemListElement\":[{\"@type\":\"ListItem\",\"position\":1,\"name\":\"Accueil\",\"item\":\"https:\/\/www.newtonvaureal.com\/fr\/\"},{\"@type\":\"ListItem\",\"position\":2,\"name\":\"Acces replay webinar SOP\"}]},{\"@type\":\"WebSite\",\"@id\":\"https:\/\/www.newtonvaureal.com\/fr\/#website\",\"url\":\"https:\/\/www.newtonvaureal.com\/fr\/\",\"name\":\"Newton.Vaureal Consulting\",\"description\":\"\",\"publisher\":{\"@id\":\"https:\/\/www.newtonvaureal.com\/fr\/#organization\"},\"potentialAction\":[{\"@type\":\"SearchAction\",\"target\":{\"@type\":\"EntryPoint\",\"urlTemplate\":\"https:\/\/www.newtonvaureal.com\/fr\/?s={search_term_string}\"},\"query-input\":{\"@type\":\"PropertyValueSpecification\",\"valueRequired\":true,\"valueName\":\"search_term_string\"}}],\"inLanguage\":\"fr-FR\"},{\"@type\":\"Organization\",\"@id\":\"https:\/\/www.newtonvaureal.com\/fr\/#organization\",\"name\":\"Newton.Vaureal consulting\",\"url\":\"https:\/\/www.newtonvaureal.com\/fr\/\",\"logo\":{\"@type\":\"ImageObject\",\"inLanguage\":\"fr-FR\",\"@id\":\"https:\/\/www.newtonvaureal.com\/fr\/#\/schema\/logo\/image\/\",\"url\":\"https:\/\/www.newtonvaureal.com\/wp-content\/uploads\/2021\/07\/logo_newton-eurogroup-blanc-21.png\",\"contentUrl\":\"https:\/\/www.newtonvaureal.com\/wp-content\/uploads\/2021\/07\/logo_newton-eurogroup-blanc-21.png\",\"width\":200,\"height\":79,\"caption\":\"Newton.Vaureal consulting\"},\"image\":{\"@id\":\"https:\/\/www.newtonvaureal.com\/fr\/#\/schema\/logo\/image\/\"}}]}<\/script>\n<!-- \/ Yoast SEO plugin. -->","yoast_head_json":{"title":"Acces replay webinar SOP - Newton.Vaureal Consulting","robots":{"index":"index","follow":"follow","max-snippet":"max-snippet:-1","max-image-preview":"max-image-preview:large","max-video-preview":"max-video-preview:-1"},"canonical":"https:\/\/www.newtonvaureal.com\/fr\/acces_replay_webinar_sop\/","og_locale":"fr_FR","og_type":"article","og_title":"Acces replay webinar SOP - Newton.Vaureal Consulting","og_description":"Acc\u00e9dez au replay du webinar : S&amp;OP, solution APS, IA \u2026 et d\u00e9cisions collectives, d\u00e9couvrez le retour d\u2019exp\u00e9rience de Motul ! Donn\u00e9es, outils digitaux et IA se multiplient, pour une ...","og_url":"https:\/\/www.newtonvaureal.com\/fr\/acces_replay_webinar_sop\/","og_site_name":"Newton.Vaureal Consulting","article_modified_time":"2026-03-19T08:50:12+00:00","twitter_card":"summary_large_image","schema":{"@context":"https:\/\/schema.org","@graph":[{"@type":"WebPage","@id":"https:\/\/www.newtonvaureal.com\/fr\/acces_replay_webinar_sop\/","url":"https:\/\/www.newtonvaureal.com\/fr\/acces_replay_webinar_sop\/","name":"Acces replay webinar SOP - Newton.Vaureal Consulting","isPartOf":{"@id":"https:\/\/www.newtonvaureal.com\/fr\/#website"},"datePublished":"2026-03-19T08:50:11+00:00","dateModified":"2026-03-19T08:50:12+00:00","breadcrumb":{"@id":"https:\/\/www.newtonvaureal.com\/fr\/acces_replay_webinar_sop\/#breadcrumb"},"inLanguage":"fr-FR","potentialAction":[{"@type":"ReadAction","target":["https:\/\/www.newtonvaureal.com\/fr\/acces_replay_webinar_sop\/"]}]},{"@type":"BreadcrumbList","@id":"https:\/\/www.newtonvaureal.com\/fr\/acces_replay_webinar_sop\/#breadcrumb","itemListElement":[{"@type":"ListItem","position":1,"name":"Accueil","item":"https:\/\/www.newtonvaureal.com\/fr\/"},{"@type":"ListItem","position":2,"name":"Acces replay webinar SOP"}]},{"@type":"WebSite","@id":"https:\/\/www.newtonvaureal.com\/fr\/#website","url":"https:\/\/www.newtonvaureal.com\/fr\/","name":"Newton.Vaureal Consulting","description":"","publisher":{"@id":"https:\/\/www.newtonvaureal.com\/fr\/#organization"},"potentialAction":[{"@type":"SearchAction","target":{"@type":"EntryPoint","urlTemplate":"https:\/\/www.newtonvaureal.com\/fr\/?s={search_term_string}"},"query-input":{"@type":"PropertyValueSpecification","valueRequired":true,"valueName":"search_term_string"}}],"inLanguage":"fr-FR"},{"@type":"Organization","@id":"https:\/\/www.newtonvaureal.com\/fr\/#organization","name":"Newton.Vaureal consulting","url":"https:\/\/www.newtonvaureal.com\/fr\/","logo":{"@type":"ImageObject","inLanguage":"fr-FR","@id":"https:\/\/www.newtonvaureal.com\/fr\/#\/schema\/logo\/image\/","url":"https:\/\/www.newtonvaureal.com\/wp-content\/uploads\/2021\/07\/logo_newton-eurogroup-blanc-21.png","contentUrl":"https:\/\/www.newtonvaureal.com\/wp-content\/uploads\/2021\/07\/logo_newton-eurogroup-blanc-21.png","width":200,"height":79,"caption":"Newton.Vaureal consulting"},"image":{"@id":"https:\/\/www.newtonvaureal.com\/fr\/#\/schema\/logo\/image\/"}}]}},"_links":{"self":[{"href":"https:\/\/www.newtonvaureal.com\/fr\/wp-json\/wp\/v2\/pages\/31717","targetHints":{"allow":["GET"]}}],"collection":[{"href":"https:\/\/www.newtonvaureal.com\/fr\/wp-json\/wp\/v2\/pages"}],"about":[{"href":"https:\/\/www.newtonvaureal.com\/fr\/wp-json\/wp\/v2\/types\/page"}],"author":[{"embeddable":true,"href":"https:\/\/www.newtonvaureal.com\/fr\/wp-json\/wp\/v2\/users\/3"}],"replies":[{"embeddable":true,"href":"https:\/\/www.newtonvaureal.com\/fr\/wp-json\/wp\/v2\/comments?post=31717"}],"version-history":[{"count":8,"href":"https:\/\/www.newtonvaureal.com\/fr\/wp-json\/wp\/v2\/pages\/31717\/revisions"}],"predecessor-version":[{"id":31725,"href":"https:\/\/www.newtonvaureal.com\/fr\/wp-json\/wp\/v2\/pages\/31717\/revisions\/31725"}],"wp:attachment":[{"href":"https:\/\/www.newtonvaureal.com\/fr\/wp-json\/wp\/v2\/media?parent=31717"}],"curies":[{"name":"wp","href":"https:\/\/api.w.org\/{rel}","templated":true}]}}